{"id":97550,"date":"2024-08-21T19:29:11","date_gmt":"2024-08-21T17:29:11","guid":{"rendered":"https:\/\/secureus.se\/?post_type=product&#038;p=97550"},"modified":"2026-04-23T12:03:38","modified_gmt":"2026-04-23T10:03:38","slug":"trycke-stockholm-1140-id-37-42mm-f9-rostfritt-utseende","status":"publish","type":"product","link":"https:\/\/secureus.se\/de\/trycke-stockholm-1140-id-37-42mm-f9-rostfritt-utseende\/","title":{"rendered":"T\u00fcrgriff Push Stockholm 1140 ID 37-42mm F9 Edelstahloptik \u2013 HOPPE"},"content":{"rendered":"<div>\n<div>\n<div>\n<p>HOPPE-Komplettdruck mit Schl\u00fcsselschild f\u00fcr Innent\u00fcr der Serie Stockholm. Alle sichtbaren Details bestehen aus Aluminium mit Rosetten zur verdeckten Befestigung. Mit doppelt wirkender R\u00fcckholfeder und Quick-in-Sprint-Aufsatz.<\/p>\n<p><b>Eigenschaften:<\/b><\/p>\n<ul>\n<li>Erf\u00fcllt die Anforderungen f\u00fcr die Nickelabscheidung \u2013 hypoallergen<\/li>\n<li>T\u00fcrst\u00e4rke 37-42 mm.<\/li>\n<li>Drucknadel 8\u00d78 mm<\/li>\n<li>Passend f\u00fcr Innent\u00fcrschl\u00f6sser Typ 2014<\/li>\n<li>Material: Aluminium<\/li>\n<li>Farbe: F9 Rostfreies Aussehen<\/li>\n<li>10 Jahre Funktionsgarantie.<\/li>\n<\/ul>\n<\/div>\n<div>\u201cEmpfohlen\u201d von Byggvarubed\u00f6mningen.<\/div>\n<\/div>\n<div><\/div>\n<div><\/div>\n<div><\/div>\n<p>&nbsp;<\/p>\n<\/div>","protected":false},"excerpt":{"rendered":"<header class=\"product-header\">\n<div class=\"short description product-short-description\">\n<p>HOPPE Stockholm Innent\u00fcrgriff, F9 Edelstahlschirm mit Schl\u00fcsselplatte.<\/p>\n<\/div>\n<\/header>","protected":false},"featured_media":137814,"template":"","meta":{"_acf_changed":false},"product_brand":[],"product_cat":[4124],"product_tag":[],"class_list":{"0":"post-97550","1":"product","2":"type-product","3":"status-publish","4":"has-post-thumbnail","6":"product_cat-dorrhandtag-innerdorr","7":"product_shipping_class-postnord-varubrev","8":"pa_brands-hoppe","9":"tm-no-options","11":"first","12":"instock","13":"sale","14":"taxable","15":"shipping-taxable","16":"purchasable","17":"product-type-simple"},"acf":[],"_links":{"self":[{"href":"https:\/\/secureus.se\/de\/wp-json\/wp\/v2\/product\/97550","targetHints":{"allow":["GET"]}}],"collection":[{"href":"https:\/\/secureus.se\/de\/wp-json\/wp\/v2\/product"}],"about":[{"href":"https:\/\/secureus.se\/de\/wp-json\/wp\/v2\/types\/product"}],"wp:featuredmedia":[{"embeddable":true,"href":"https:\/\/secureus.se\/de\/wp-json\/wp\/v2\/media\/137814"}],"wp:attachment":[{"href":"https:\/\/secureus.se\/de\/wp-json\/wp\/v2\/media?parent=97550"}],"wp:term":[{"taxonomy":"product_brand","embeddable":true,"href":"https:\/\/secureus.se\/de\/wp-json\/wp\/v2\/product_brand?post=97550"},{"taxonomy":"product_cat","embeddable":true,"href":"https:\/\/secureus.se\/de\/wp-json\/wp\/v2\/product_cat?post=97550"},{"taxonomy":"product_tag","embeddable":true,"href":"https:\/\/secureus.se\/de\/wp-json\/wp\/v2\/product_tag?post=97550"}],"curies":[{"name":"wp","href":"https:\/\/api.w.org\/{rel}","templated":true}]}}