{"id":97560,"date":"2024-08-21T19:29:11","date_gmt":"2024-08-21T17:29:11","guid":{"rendered":"https:\/\/secureus.se\/?post_type=product&#038;p=97560"},"modified":"2026-04-08T15:35:58","modified_gmt":"2026-04-08T13:35:58","slug":"trycke-new-york-38-70mm-mattkrom","status":"publish","type":"product","link":"https:\/\/secureus.se\/de\/trycke-new-york-38-70mm-mattkrom\/","title":{"rendered":"T\u00fcrgriff Push New York 38-70mm Matt Chrom \u2013 Habo"},"content":{"rendered":"<p>\nDer T\u00fcrgriff New York von Habo ist ein stilvoller und kompakter Griff mit modernem Design. Hergestellt aus Messing und f\u00fcr Haust\u00fcren mit modularen Schlie\u00dff\u00e4chern vorgesehen. Mit seiner doppelt wirkenden R\u00fcckholfeder funktioniert der Griff auch bei Schlossgeh\u00e4usen, bei denen die Verriegelung durch Anheben des Griffs erfolgt. Auch als Innent\u00fcrgriff erh\u00e4ltlich.<\/p>\n<div><b>Eigenschaften:<\/b>\u00a0<\/div>\n<div>\n<ul>\n<li>Passend f\u00fcr T\u00fcrst\u00e4rken von 38\u201370 mm.\u00a0<\/li>\n<li>Ausladung 60 mm.<\/li>\n<li>Mit doppeltwirkender R\u00fcckholfeder.<\/li>\n<li>Passend f\u00fcr Connect\/Classic-Modulschlossgeh\u00e4use<\/li>\n<li>Passt nicht in das Schlossgeh\u00e4use ABLOY 2014 oder einen gleichwertigen Innent\u00fcrkasten<\/li>\n<\/ul>\n<\/div>","protected":false},"excerpt":{"rendered":"<p>Der T\u00fcrgriff New York von Habo ist ein stilvoller und kompakter Griff mit modernem Design. Hergestellt aus Messing und f\u00fcr Haust\u00fcren mit modularen Schlie\u00dff\u00e4chern vorgesehen. Mit seiner doppelt wirkenden R\u00fcckholfeder funktioniert der Griff<\/p>","protected":false},"featured_media":136889,"template":"","meta":{"_acf_changed":false},"product_brand":[],"product_cat":[4124,4125],"product_tag":[],"class_list":{"0":"post-97560","1":"product","2":"type-product","3":"status-publish","4":"has-post-thumbnail","6":"product_cat-dorrhandtag-innerdorr","7":"product_cat-dorrhandtag-ytterdorr","8":"product_shipping_class-postnord-varubrev","9":"pa_brands-habo","10":"tm-no-options","12":"first","13":"instock","14":"sale","15":"taxable","16":"shipping-taxable","17":"purchasable","18":"product-type-simple"},"acf":[],"_links":{"self":[{"href":"https:\/\/secureus.se\/de\/wp-json\/wp\/v2\/product\/97560","targetHints":{"allow":["GET"]}}],"collection":[{"href":"https:\/\/secureus.se\/de\/wp-json\/wp\/v2\/product"}],"about":[{"href":"https:\/\/secureus.se\/de\/wp-json\/wp\/v2\/types\/product"}],"wp:featuredmedia":[{"embeddable":true,"href":"https:\/\/secureus.se\/de\/wp-json\/wp\/v2\/media\/136889"}],"wp:attachment":[{"href":"https:\/\/secureus.se\/de\/wp-json\/wp\/v2\/media?parent=97560"}],"wp:term":[{"taxonomy":"product_brand","embeddable":true,"href":"https:\/\/secureus.se\/de\/wp-json\/wp\/v2\/product_brand?post=97560"},{"taxonomy":"product_cat","embeddable":true,"href":"https:\/\/secureus.se\/de\/wp-json\/wp\/v2\/product_cat?post=97560"},{"taxonomy":"product_tag","embeddable":true,"href":"https:\/\/secureus.se\/de\/wp-json\/wp\/v2\/product_tag?post=97560"}],"curies":[{"name":"wp","href":"https:\/\/api.w.org\/{rel}","templated":true}]}}