{"id":97562,"date":"2024-08-21T19:29:11","date_gmt":"2024-08-21T17:29:11","guid":{"rendered":"https:\/\/secureus.se\/?post_type=product&#038;p=97562"},"modified":"2026-03-25T15:37:03","modified_gmt":"2026-03-25T14:37:03","slug":"trycke-1937-40-75mm-mattkrom","status":"publish","type":"product","link":"https:\/\/secureus.se\/de\/trycke-1937-40-75mm-mattkrom\/","title":{"rendered":"T\u00fcrgriff Trycke 1937 40-75mm Mattchrom \u2013 Assa Abloy"},"content":{"rendered":"<div>ASSA ABLOY 1937 ist ein moderner, ausgefallener Griff, bei dessen Design die Funktion im Mittelpunkt steht. In den 1930er Jahren wurden dekorative Elemente wegrationalisiert, und doch ist es die Einfachheit, die es so sch\u00f6n macht. 1937 ist Teil der ASSA ABLOY Epok-Serie. Geeignet f\u00fcr Au\u00dfent\u00fcren, Eingangst\u00fcren und Innent\u00fcren mit Modulschl\u00f6ssern.<\/p>\n<p><b>Eigenschaften:<\/b><\/p>\n<ul>\n<li>Material: Messing<\/li>\n<li>Erh\u00e4ltlich in verschiedenen dekorativen Ausf\u00fchrungen; Prion, Nickel, Chrom, Mattchrom, Poliertes Messing, Geb\u00fcrstetes Messing, Mattschwarz MIRUS.<\/li>\n<li>R\u00fcckholfeder, die die Ruderfeder des Schlossgeh\u00e4uses entlastet und dazu beitr\u00e4gt, dass der Druck in einer horizontalen Position bleibt<\/li>\n<li>Standardlieferumfang f\u00fcr T\u00fcrst\u00e4rke 40-75 mm<\/li>\n<li>Rosette: \u00d8 52 mm<\/li>\n<li>Passend f\u00fcr Connect\/Classic-Modulschlossgeh\u00e4use<\/li>\n<li>Passt nicht in das Schlossgeh\u00e4use ABLOY 2014 oder einen gleichwertigen Innent\u00fcrkasten<\/li>\n<li>F\u00fcr Au\u00dfen-\/Innent\u00fcr<\/li>\n<\/ul>\n<div><b>Das Paket enth\u00e4lt:<\/b><\/div>\n<div>\n<ul>\n<li>2 Stk. Pressh\u00e4lften (Griffe).<\/li>\n<li>2 Stk. Druckschrauben M5. (Schraube drehen)<\/li>\n<li>2 O-Ringe.<\/li>\n<li>2 Stk. \u00dcberwurfmutter M5.<\/li>\n<li>2 Stk. Druckstifte 8x8x102 mm und 8x8x120 mm.<\/li>\n<\/ul>\n<\/div>\n<\/div>","protected":false},"excerpt":{"rendered":"<p>ASSA ABLOY 1937 ist ein moderner, ausgefallener Griff, bei dessen Design die Funktion im Mittelpunkt steht. In den 1930er Jahren wurden dekorative Elemente wegrationalisiert, und doch ist es die Einfachheit, die es so sch\u00f6n macht. 1937 enthalten<\/p>","protected":false},"featured_media":136634,"template":"","meta":{"_acf_changed":false},"product_brand":[],"product_cat":[4124,4125],"product_tag":[],"class_list":{"0":"post-97562","1":"product","2":"type-product","3":"status-publish","4":"has-post-thumbnail","6":"product_cat-dorrhandtag-innerdorr","7":"product_cat-dorrhandtag-ytterdorr","8":"product_shipping_class-postnord-varubrev","9":"pa_brands-abloy","10":"tm-no-options","12":"first","13":"instock","14":"sale","15":"taxable","16":"shipping-taxable","17":"purchasable","18":"product-type-simple"},"acf":[],"_links":{"self":[{"href":"https:\/\/secureus.se\/de\/wp-json\/wp\/v2\/product\/97562","targetHints":{"allow":["GET"]}}],"collection":[{"href":"https:\/\/secureus.se\/de\/wp-json\/wp\/v2\/product"}],"about":[{"href":"https:\/\/secureus.se\/de\/wp-json\/wp\/v2\/types\/product"}],"wp:featuredmedia":[{"embeddable":true,"href":"https:\/\/secureus.se\/de\/wp-json\/wp\/v2\/media\/136634"}],"wp:attachment":[{"href":"https:\/\/secureus.se\/de\/wp-json\/wp\/v2\/media?parent=97562"}],"wp:term":[{"taxonomy":"product_brand","embeddable":true,"href":"https:\/\/secureus.se\/de\/wp-json\/wp\/v2\/product_brand?post=97562"},{"taxonomy":"product_cat","embeddable":true,"href":"https:\/\/secureus.se\/de\/wp-json\/wp\/v2\/product_cat?post=97562"},{"taxonomy":"product_tag","embeddable":true,"href":"https:\/\/secureus.se\/de\/wp-json\/wp\/v2\/product_tag?post=97562"}],"curies":[{"name":"wp","href":"https:\/\/api.w.org\/{rel}","templated":true}]}}