{"id":97564,"date":"2024-08-21T19:29:11","date_gmt":"2024-08-21T17:29:11","guid":{"rendered":"https:\/\/secureus.se\/?post_type=product&#038;p=97564"},"modified":"2026-04-08T15:35:48","modified_gmt":"2026-04-08T13:35:48","slug":"trycke-basics-lb2-19s-mattsvart","status":"publish","type":"product","link":"https:\/\/secureus.se\/de\/trycke-basics-lb2-19s-mattsvart\/","title":{"rendered":"T\u00fcrdr\u00fccker BASICS LB2-19S Mattschwarz \u2013 FORMANI"},"content":{"rendered":"<div>FORMANI LB2-19S ist ein T\u00fcrgriff der BASICS-Serie, angepasst f\u00fcr skandinavische Standard-Schlossgeh\u00e4use. LB2-19S verf\u00fcgt nicht \u00fcber eine feste R\u00fcckholfeder, sodass es sowohl f\u00fcr Innent\u00fcrschl\u00f6sser als auch f\u00fcr Modulschl\u00f6sser und DIN-Schl\u00f6sser verwendet werden kann. Als Zubeh\u00f6r sind Schl\u00fcsselschild, Abdeckplatte und WC-Zubeh\u00f6r erh\u00e4ltlich, au\u00dferdem R\u00fcckholfeder, l\u00e4ngere Schraube und Druckstange f\u00fcr dickere T\u00fcren.<\/div>\n<div>BASICS umfasst verschiedene Designs f\u00fcr jedes Budget. Diese sind ebenso diskret, schlicht und sauber wie luxuri\u00f6s. Dank ihres minimalistischen Ausdrucks passt die BASICS-Serie perfekt zum beliebten skandinavischen Stil (auch bekannt als Nordic Style). Mit FORMANI ist eine einheitliche Gestaltung der Ausstattung im ganzen Haus, in der Wohnung oder bei Ihrem Projekt m\u00f6glich. Die Serie BASICS umfasst T\u00fcr-, Fenster- und M\u00f6belbeschl\u00e4ge.<\/div>\n<div><\/div>\n<div><b>Eigenschaften:<\/b><\/div>\n<div>\n<ul>\n<li>Designer: FORMANI<\/li>\n<li>Rosettendurchmesser: 53 mm<\/li>\n<li>F\u00fcr T\u00fcrst\u00e4rken bis 60 mm<\/li>\n<li>Ohne R\u00fcckholfeder (als Zubeh\u00f6r erh\u00e4ltlich)<\/li>\n<li>Verdeckte Befestigung<\/li>\n<li>Passend f\u00fcr Modul- und Innent\u00fcrschlossgeh\u00e4use klein Typ 2014<\/li>\n<li>C\/C-Aufsatz 30 &amp; 38 mm<\/li>\n<li>Aus Edelstahl<\/li>\n<li>Erh\u00e4ltlich in Bronze, Mattschwarz, PVD-Mattschwarz, PVD-Mattgold, PVD-Rotguss, Wei\u00df und poliertem und mattgeb\u00fcrstetem Edelstahl<\/li>\n<\/ul>\n<\/div>\n<div><\/div>\n<div><b>Das Paket enth\u00e4lt:<\/b><\/div>\n<div>\n<ul>\n<li>2 Stk. Pressh\u00e4lften (Griffe)<\/li>\n<li>2 Stk. Druckschraube M4x60 mm (Drehschraube)<\/li>\n<li>2 Stk. \u00dcberwurfmutter M4<\/li>\n<li>1 Stk. Pressstift 8x8x100 mm<\/li>\n<li>4 Stk. Holzschraube<\/li>\n<li>1 Stk. Inbusschl\u00fcssel<\/li>\n<\/ul>\n<\/div>","protected":false},"excerpt":{"rendered":"<p>FORMANI LB2-19S ist ein T\u00fcrgriff der BASICS-Serie, angepasst f\u00fcr skandinavische Standard-Schlossgeh\u00e4use. LB2-19S verf\u00fcgt nicht \u00fcber eine feste R\u00fcckholfeder, sodass es sowohl f\u00fcr Innent\u00fcrschl\u00f6sser als auch f\u00fcr Modulschl\u00f6sser und DIN-Schl\u00f6sser verwendet werden kann.<\/p>","protected":false},"featured_media":136875,"template":"","meta":{"_acf_changed":false},"product_brand":[],"product_cat":[4124],"product_tag":[],"class_list":{"0":"post-97564","1":"product","2":"type-product","3":"status-publish","4":"has-post-thumbnail","6":"product_cat-dorrhandtag-innerdorr","7":"product_shipping_class-postnord-varubrev","8":"pa_brands-formani","9":"tm-no-options","11":"first","12":"instock","13":"sale","14":"taxable","15":"shipping-taxable","16":"purchasable","17":"product-type-simple"},"acf":[],"_links":{"self":[{"href":"https:\/\/secureus.se\/de\/wp-json\/wp\/v2\/product\/97564","targetHints":{"allow":["GET"]}}],"collection":[{"href":"https:\/\/secureus.se\/de\/wp-json\/wp\/v2\/product"}],"about":[{"href":"https:\/\/secureus.se\/de\/wp-json\/wp\/v2\/types\/product"}],"wp:featuredmedia":[{"embeddable":true,"href":"https:\/\/secureus.se\/de\/wp-json\/wp\/v2\/media\/136875"}],"wp:attachment":[{"href":"https:\/\/secureus.se\/de\/wp-json\/wp\/v2\/media?parent=97564"}],"wp:term":[{"taxonomy":"product_brand","embeddable":true,"href":"https:\/\/secureus.se\/de\/wp-json\/wp\/v2\/product_brand?post=97564"},{"taxonomy":"product_cat","embeddable":true,"href":"https:\/\/secureus.se\/de\/wp-json\/wp\/v2\/product_cat?post=97564"},{"taxonomy":"product_tag","embeddable":true,"href":"https:\/\/secureus.se\/de\/wp-json\/wp\/v2\/product_tag?post=97564"}],"curies":[{"name":"wp","href":"https:\/\/api.w.org\/{rel}","templated":true}]}}