{"id":97566,"date":"2024-08-21T19:29:11","date_gmt":"2024-08-21T17:29:11","guid":{"rendered":"https:\/\/secureus.se\/?post_type=product&#038;p=97566"},"modified":"2026-03-25T15:37:05","modified_gmt":"2026-03-25T14:37:05","slug":"trycke-1949-40-75mm-mattkrom","status":"publish","type":"product","link":"https:\/\/secureus.se\/de\/trycke-1949-40-75mm-mattkrom\/","title":{"rendered":"T\u00fcrgriff Trycke 1949 40-75mm Mattchrom \u2013 Assa Abloy"},"content":{"rendered":"<div>ASSA ABLOY 1949 ist ein stilvoller, etwas leichterer T\u00fcrknauf mit einem rautenf\u00f6rmigen Griff, der gut in der Hand liegt. Dieser modernistische Griff passt zu Ihnen, die einen klassisch geformten Griff suchen. 1949 ist Teil der ASSA ABLOY Epok-Serie. Geeignet f\u00fcr Au\u00dfent\u00fcren, Eingangst\u00fcren und Innent\u00fcren mit Modulschl\u00f6ssern.<\/div>\n<div><\/div>\n<div><b>Eigenschaften:<\/b><\/div>\n<div>\n<ul>\n<li>Material: Messing<\/li>\n<li>Erh\u00e4ltlich in verschiedenen dekorativen Ausf\u00fchrungen; Prion, Nickel, Chrom, Mattchrom, Poliertes Messing, Geb\u00fcrstetes Messing, Mattschwarz MIRUS<\/li>\n<li>Standardlieferumfang f\u00fcr T\u00fcrst\u00e4rke 40-75 mm<\/li>\n<li>Rosette: \u00d8 52 mm<\/li>\n<li>Passend f\u00fcr Connect\/Classic-Modulschlossgeh\u00e4use<\/li>\n<li>Ohne R\u00fcckholfeder in der Rosette, daher auch passend f\u00fcr Innent\u00fcrschl\u00f6sser Typ 2014<\/li>\n<li>F\u00fcr Au\u00dfen-\/Innent\u00fcr<\/li>\n<\/ul>\n<\/div>\n<div><\/div>\n<div><b>Das Paket enth\u00e4lt:<\/b><\/div>\n<div>\n<ul>\n<li>2 Stk. Pressh\u00e4lften (Griffe).<\/li>\n<li>2 Stk. Druckschrauben M5. (Schraube drehen)<\/li>\n<li>2 Stk. O-Ringe<\/li>\n<li>2 Stk. \u00dcberwurfmutter M5<\/li>\n<li>2 Stk. Druckstifte 8x8x102 mm und 8x8x120 mm<\/li>\n<\/ul>\n<\/div>","protected":false},"excerpt":{"rendered":"<p>ASSA ABLOY 1949 \u00e4r ett stilrent n\u00e5got l\u00e4ttare d\u00f6rrtrycke med ett rombformat grepp som ligger v\u00e4l i handen. Detta modernistiska handtag passar dig som \u00e4r ute efter ett klassiskt format<\/p>","protected":false},"featured_media":136427,"template":"","meta":{"_acf_changed":false},"product_brand":[],"product_cat":[4124,4125],"product_tag":[],"class_list":{"0":"post-97566","1":"product","2":"type-product","3":"status-publish","4":"has-post-thumbnail","6":"product_cat-dorrhandtag-innerdorr","7":"product_cat-dorrhandtag-ytterdorr","8":"product_shipping_class-postnord-varubrev","9":"pa_brands-abloy","10":"tm-no-options","12":"first","13":"onbackorder","14":"sale","15":"taxable","16":"shipping-taxable","17":"purchasable","18":"product-type-simple"},"acf":[],"_links":{"self":[{"href":"https:\/\/secureus.se\/de\/wp-json\/wp\/v2\/product\/97566","targetHints":{"allow":["GET"]}}],"collection":[{"href":"https:\/\/secureus.se\/de\/wp-json\/wp\/v2\/product"}],"about":[{"href":"https:\/\/secureus.se\/de\/wp-json\/wp\/v2\/types\/product"}],"wp:featuredmedia":[{"embeddable":true,"href":"https:\/\/secureus.se\/de\/wp-json\/wp\/v2\/media\/136427"}],"wp:attachment":[{"href":"https:\/\/secureus.se\/de\/wp-json\/wp\/v2\/media?parent=97566"}],"wp:term":[{"taxonomy":"product_brand","embeddable":true,"href":"https:\/\/secureus.se\/de\/wp-json\/wp\/v2\/product_brand?post=97566"},{"taxonomy":"product_cat","embeddable":true,"href":"https:\/\/secureus.se\/de\/wp-json\/wp\/v2\/product_cat?post=97566"},{"taxonomy":"product_tag","embeddable":true,"href":"https:\/\/secureus.se\/de\/wp-json\/wp\/v2\/product_tag?post=97566"}],"curies":[{"name":"wp","href":"https:\/\/api.w.org\/{rel}","templated":true}]}}