{"id":97572,"date":"2024-08-21T19:29:11","date_gmt":"2024-08-21T17:29:11","guid":{"rendered":"https:\/\/secureus.se\/?post_type=product&#038;p=97572"},"modified":"2026-03-25T15:37:59","modified_gmt":"2026-03-25T14:37:59","slug":"trycke-1956-40-75mm-nickel","status":"publish","type":"product","link":"https:\/\/secureus.se\/de\/trycke-1956-40-75mm-nickel\/","title":{"rendered":"T\u00fcrgriff Trycke 1956 40-75 mm Nickel \u2013 Assa Abloy"},"content":{"rendered":"<div>ASSA ABLOY 1956 ist ein T\u00fcrgriff im Design der 1950er Jahre. Um dem Griff jedoch eine etwas modernere Note zu verleihen, wurden die Formen \u00fcbertrieben und versucht, weiche, nat\u00fcrliche Begegnungen zwischen den Formen zu schaffen. Passt zu allen Architekturen ab den 1950er Jahren. 1956 ist Teil der ASSA ABLOY Epok-Reihe. Geeignet f\u00fcr Au\u00dfent\u00fcren, Eingangst\u00fcren und Innent\u00fcren mit Modulschl\u00f6ssern.<\/p>\n<p><b>Eigenschaften:<\/b><\/p>\n<ul>\n<li>Material: Messing<\/li>\n<li>Erh\u00e4ltlich in verschiedenen dekorativen Ausf\u00fchrungen; Prion, Nickel, Chrom, Mattchrom, Poliertes Messing, Geb\u00fcrstetes Messing, Mattschwarz MIRUS.<\/li>\n<li>R\u00fcckholfeder, die die Ruderfeder des Schlossgeh\u00e4uses entlastet und dazu beitr\u00e4gt, dass der Druck in einer horizontalen Position bleibt<\/li>\n<li>Standardlieferumfang f\u00fcr T\u00fcrst\u00e4rke 40-75 mm<\/li>\n<li>Rosette: \u00d8 52 mm<\/li>\n<li>Passend f\u00fcr Connect\/Classic-Modulschlossgeh\u00e4use<\/li>\n<li>Passt nicht in das Schlossgeh\u00e4use ABLOY 2014 oder einen gleichwertigen Innent\u00fcrkasten<\/li>\n<li>F\u00fcr Au\u00dfen-\/Innent\u00fcr<\/li>\n<\/ul>\n<div><b>Das Paket enth\u00e4lt:<\/b><\/div>\n<div>\n<ul>\n<li>2 Stk. Pressh\u00e4lften (Griffe).<\/li>\n<li>2 Stk. Druckschrauben M5. (Schraube drehen)<\/li>\n<li>2 O-Ringe.<\/li>\n<li>2 Stk. \u00dcberwurfmutter M5.<\/li>\n<li>2 Stk. Druckstifte 8x8x102 mm und 8x8x120 mm.<\/li>\n<\/ul>\n<\/div>\n<div><\/div>\n<\/div>","protected":false},"excerpt":{"rendered":"<p>ASSA ABLOY 1956 ist ein T\u00fcrgriff im Design der 1950er Jahre. Um dem Griff jedoch ein etwas moderneres Aussehen zu verleihen, wurden die Formen \u00fcbertrieben und versucht, weiche, nat\u00fcrliche Begegnungen zwischen ihnen zu schaffen<\/p>","protected":false},"featured_media":136414,"template":"","meta":{"_acf_changed":false},"product_brand":[],"product_cat":[4124,4125],"product_tag":[],"class_list":{"0":"post-97572","1":"product","2":"type-product","3":"status-publish","4":"has-post-thumbnail","6":"product_cat-dorrhandtag-innerdorr","7":"product_cat-dorrhandtag-ytterdorr","8":"product_shipping_class-postnord-varubrev","9":"pa_brands-abloy","10":"tm-no-options","12":"first","13":"outofstock","14":"sale","15":"taxable","16":"shipping-taxable","17":"purchasable","18":"product-type-simple"},"acf":[],"_links":{"self":[{"href":"https:\/\/secureus.se\/de\/wp-json\/wp\/v2\/product\/97572","targetHints":{"allow":["GET"]}}],"collection":[{"href":"https:\/\/secureus.se\/de\/wp-json\/wp\/v2\/product"}],"about":[{"href":"https:\/\/secureus.se\/de\/wp-json\/wp\/v2\/types\/product"}],"wp:featuredmedia":[{"embeddable":true,"href":"https:\/\/secureus.se\/de\/wp-json\/wp\/v2\/media\/136414"}],"wp:attachment":[{"href":"https:\/\/secureus.se\/de\/wp-json\/wp\/v2\/media?parent=97572"}],"wp:term":[{"taxonomy":"product_brand","embeddable":true,"href":"https:\/\/secureus.se\/de\/wp-json\/wp\/v2\/product_brand?post=97572"},{"taxonomy":"product_cat","embeddable":true,"href":"https:\/\/secureus.se\/de\/wp-json\/wp\/v2\/product_cat?post=97572"},{"taxonomy":"product_tag","embeddable":true,"href":"https:\/\/secureus.se\/de\/wp-json\/wp\/v2\/product_tag?post=97572"}],"curies":[{"name":"wp","href":"https:\/\/api.w.org\/{rel}","templated":true}]}}