{"id":97576,"date":"2024-08-21T19:29:12","date_gmt":"2024-08-21T17:29:12","guid":{"rendered":"https:\/\/secureus.se\/?post_type=product&#038;p=97576"},"modified":"2026-03-25T15:37:45","modified_gmt":"2026-03-25T14:37:45","slug":"trycke-696-40-75mm-nickel","status":"publish","type":"product","link":"https:\/\/secureus.se\/de\/trycke-696-40-75mm-nickel\/","title":{"rendered":"T\u00fcrgriff Trycke 696 40-75 mm Nickel \u2013 Assa Abloy"},"content":{"rendered":"<p>ASSA ABLOY 696 ist ein klassischer T\u00fcrgriff aus den 1950er und 1960er Jahren mit dezentem und gut verarbeitetem Design. Die Funktion ist wichtig, aber die F\u00fcrsorge f\u00fcr die Person ist dennoch klar. Der Griff ist somit zeitlos und passt \u00fcberall hin. 696 ist ohne R\u00fcckholfeder und geh\u00f6rt zur ASSA ABLOY Classic-Serie. F\u00fcr Au\u00dfen- und Innent\u00fcren.<\/p>\n<div><\/div>\n<div>\n<b>Eigenschaften:<\/b><\/div>\n<div>\n<ul>\n<li>Material: Messing<\/li>\n<li>Oberfl\u00e4chenbehandlungen; Prion, Nickel, Chrom, Mattchrom, Poliertes Messing, Geb\u00fcrstetes Messing, Mattschwarz MIRUS<\/li>\n<li>Standardlieferumfang f\u00fcr T\u00fcrst\u00e4rke 40-75 mm<\/li>\n<li>Rosette: \u00d8 52 mm<\/li>\n<li>Ohne R\u00fcckholfeder in der Rosette, daher auch passend f\u00fcr Innent\u00fcrschl\u00f6sser Typ 2014<\/li>\n<li>Geeignet f\u00fcr Modul- und kleine Innent\u00fcrschlossgeh\u00e4use<\/li>\n<\/ul>\n<p><b>Das Paket enth\u00e4lt:<\/b><\/p>\n<ul>\n<li>2 Stk. Pressh\u00e4lften (Griffe).<\/li>\n<li>2 Stk. Druckschrauben M5. (Schraube drehen)<\/li>\n<li>2 O-Ringe.<\/li>\n<li>2 Stk. \u00dcberwurfmutter M5.<\/li>\n<li>2 Stk. Druckstifte 8x8x102 mm und 8x8x120 mm.<\/li>\n<\/ul>\n<\/div>","protected":false},"excerpt":{"rendered":"<p>ASSA ABLOY 696 ist ein klassischer T\u00fcrgriff aus den 1950er und 1960er Jahren mit dezentem und gut verarbeitetem Design. Die Funktion ist wichtig, aber die F\u00fcrsorge f\u00fcr die Person ist dennoch klar. Der Griff ist daher<\/p>","protected":false},"featured_media":159495,"template":"","meta":{"_acf_changed":false},"product_brand":[],"product_cat":[4124],"product_tag":[],"class_list":{"0":"post-97576","1":"product","2":"type-product","3":"status-publish","4":"has-post-thumbnail","6":"product_cat-dorrhandtag-innerdorr","7":"product_shipping_class-postnord-varubrev","8":"pa_brands-abloy","9":"tm-no-options","11":"first","12":"instock","13":"sale","14":"taxable","15":"shipping-taxable","16":"purchasable","17":"product-type-simple"},"acf":[],"_links":{"self":[{"href":"https:\/\/secureus.se\/de\/wp-json\/wp\/v2\/product\/97576","targetHints":{"allow":["GET"]}}],"collection":[{"href":"https:\/\/secureus.se\/de\/wp-json\/wp\/v2\/product"}],"about":[{"href":"https:\/\/secureus.se\/de\/wp-json\/wp\/v2\/types\/product"}],"wp:featuredmedia":[{"embeddable":true,"href":"https:\/\/secureus.se\/de\/wp-json\/wp\/v2\/media\/159495"}],"wp:attachment":[{"href":"https:\/\/secureus.se\/de\/wp-json\/wp\/v2\/media?parent=97576"}],"wp:term":[{"taxonomy":"product_brand","embeddable":true,"href":"https:\/\/secureus.se\/de\/wp-json\/wp\/v2\/product_brand?post=97576"},{"taxonomy":"product_cat","embeddable":true,"href":"https:\/\/secureus.se\/de\/wp-json\/wp\/v2\/product_cat?post=97576"},{"taxonomy":"product_tag","embeddable":true,"href":"https:\/\/secureus.se\/de\/wp-json\/wp\/v2\/product_tag?post=97576"}],"curies":[{"name":"wp","href":"https:\/\/api.w.org\/{rel}","templated":true}]}}