{"id":97580,"date":"2024-08-21T19:29:12","date_gmt":"2024-08-21T17:29:12","guid":{"rendered":"https:\/\/secureus.se\/?post_type=product&#038;p=97580"},"modified":"2026-03-25T15:37:40","modified_gmt":"2026-03-25T14:37:40","slug":"trycke-8650-30-75mm-matt-rostfritt","status":"publish","type":"product","link":"https:\/\/secureus.se\/de\/trycke-8650-30-75mm-matt-rostfritt\/","title":{"rendered":"T\u00fcrgriff Trycke 8650 30-75mm Matt Edelstahl \u2013 Assa Abloy"},"content":{"rendered":"<p>Der T\u00fcrgriff 8650 ist Teil der Serie von Edelstahlgriffen, Sto\u00dfgriffen und Zubeh\u00f6r von ASSA ABLOY. Passt sehr gut in moderne \u00f6ffentliche Objekttypen, z. B. Institutionen, B\u00fcros in Umgebungen mit hohen hygienischen Anforderungen. Das rostfreie Material ist langlebig und sch\u00fctzt vor Korrosion und Luftverschmutzung. Geeignet f\u00fcr Au\u00dfent\u00fcren, Eingangst\u00fcren und Innent\u00fcren mit Modulschl\u00f6ssern.<\/p>\n<div><b>Eigenschaften:<\/b><\/div>\n<div>\n<ul>\n<li>R\u00fcckholfeder, die die Ruderfeder des Schlossgeh\u00e4uses entlastet und dazu beitr\u00e4gt, dass der Druck in die horizontale Position zur\u00fcckkehrt.<\/li>\n<li>Alle sichtbaren Teile aus matt geb\u00fcrstetem, s\u00e4urebest\u00e4ndigem Edelstahl AISI 316L<\/li>\n<li>Nadellager f\u00fcr reibungsfreien Lauf.<\/li>\n<li>Erh\u00e4ltlich f\u00fcr T\u00fcrst\u00e4rken von 30\u201375 mm.<\/li>\n<li>Standardrosette \u00d8 53 mm<\/li>\n<li>Passend f\u00fcr Connect\/Classic-Modulschlossgeh\u00e4use<\/li>\n<li>Passt nicht in das Schlossgeh\u00e4use ABLOY 2014 oder einen gleichwertigen Innent\u00fcrkasten<\/li>\n<li>Austauschbarer Druckstift und Schraube f\u00fcr unterschiedliche T\u00fcrst\u00e4rken.<\/li>\n<li>Durchgehende Schraubbefestigung, die die T\u00fcr verst\u00e4rkt.<\/li>\n<\/ul>\n<p><b>Das Paket enth\u00e4lt:<br \/>\n<\/b><\/p>\n<ul>\n<li>2 Stk. Pressh\u00e4lften (Griffe).<\/li>\n<li>2 Stk. Druckschrauben M5. (Schraube drehen)<\/li>\n<li>2 O-Ringe.<\/li>\n<li>2 Stk. \u00dcberwurfmutter M5.<\/li>\n<li>2 Stk. Druckstifte 8x8x102 mm und 8x8x120 mm.<\/li>\n<\/ul>\n<\/div>","protected":false},"excerpt":{"rendered":"<p>Der T\u00fcrgriff 8650 ist Teil der Serie von Edelstahlgriffen, Sto\u00dfgriffen und Zubeh\u00f6r von ASSA ABLOY. Passt sehr gut in moderne \u00f6ffentliche Objekttypen, z. B. Institutionen, B\u00fcros in Umgebungen mit hoher Beanspruchung<\/p>","protected":false},"featured_media":137217,"template":"","meta":{"_acf_changed":false},"product_brand":[],"product_cat":[4124,4125],"product_tag":[],"class_list":{"0":"post-97580","1":"product","2":"type-product","3":"status-publish","4":"has-post-thumbnail","6":"product_cat-dorrhandtag-innerdorr","7":"product_cat-dorrhandtag-ytterdorr","8":"product_shipping_class-postnord-varubrev","9":"pa_brands-abloy","10":"tm-no-options","12":"first","13":"instock","14":"sale","15":"taxable","16":"shipping-taxable","17":"purchasable","18":"product-type-simple"},"acf":[],"_links":{"self":[{"href":"https:\/\/secureus.se\/de\/wp-json\/wp\/v2\/product\/97580","targetHints":{"allow":["GET"]}}],"collection":[{"href":"https:\/\/secureus.se\/de\/wp-json\/wp\/v2\/product"}],"about":[{"href":"https:\/\/secureus.se\/de\/wp-json\/wp\/v2\/types\/product"}],"wp:featuredmedia":[{"embeddable":true,"href":"https:\/\/secureus.se\/de\/wp-json\/wp\/v2\/media\/137217"}],"wp:attachment":[{"href":"https:\/\/secureus.se\/de\/wp-json\/wp\/v2\/media?parent=97580"}],"wp:term":[{"taxonomy":"product_brand","embeddable":true,"href":"https:\/\/secureus.se\/de\/wp-json\/wp\/v2\/product_brand?post=97580"},{"taxonomy":"product_cat","embeddable":true,"href":"https:\/\/secureus.se\/de\/wp-json\/wp\/v2\/product_cat?post=97580"},{"taxonomy":"product_tag","embeddable":true,"href":"https:\/\/secureus.se\/de\/wp-json\/wp\/v2\/product_tag?post=97580"}],"curies":[{"name":"wp","href":"https:\/\/api.w.org\/{rel}","templated":true}]}}