{"id":97584,"date":"2024-08-21T19:29:12","date_gmt":"2024-08-21T17:29:12","guid":{"rendered":"https:\/\/secureus.se\/?post_type=product&#038;p=97584"},"modified":"2026-04-23T12:03:48","modified_gmt":"2026-04-23T10:03:48","slug":"trycke-stockholm-1140-yd-65-75mm-f1silver","status":"publish","type":"product","link":"https:\/\/secureus.se\/de\/trycke-stockholm-1140-yd-65-75mm-f1silver\/","title":{"rendered":"T\u00fcrgriff Push Stockholm 1140 YD 65-75mm F1Silber \u2013 HOPPE"},"content":{"rendered":"<div>\n<p>HOPPE-Komplettdruck f\u00fcr Haust\u00fcr in der Stockholm-Serie. Alle sichtbaren Details bestehen aus Aluminium mit Rosetten zur verdeckten Befestigung. Mit doppelt wirkender R\u00fcckholfeder und Quick-in-Sprint-Aufsatz.<\/p>\n<p><b>Eigenschaften:<\/b><\/p>\n<ul>\n<li>Erf\u00fcllt die Anforderungen f\u00fcr die Nickelabscheidung \u2013 hypoallergen<\/li>\n<li>T\u00fcrst\u00e4rke 65-75 mm<\/li>\n<li>Drucknadel 8\u00d78 mm<\/li>\n<li>Passend f\u00fcr skandinavische Schleusenh\u00e4user mit 50 und 70 Dornen<\/li>\n<li>Material: Aluminium<\/li>\n<li>Farbe: F1-Silber<\/li>\n<li>10 Jahre Funktionsgarantie<\/li>\n<\/ul>\n<\/div>\n<div><\/div>","protected":false},"excerpt":{"rendered":"<p>HOPPE-Komplettdruck f\u00fcr Haust\u00fcr in der Stockholm-Serie. Alle sichtbaren Details bestehen aus Aluminium mit Rosetten zur verdeckten Befestigung. Mit doppelt wirkender R\u00fcckholfeder und Quick-in-Sprint-Aufsatz. Eigenschaften: Erf\u00fcllt die Anforderungen f\u00fcr<\/p>","protected":false},"featured_media":137209,"template":"","meta":{"_acf_changed":false},"product_brand":[],"product_cat":[4125],"product_tag":[],"class_list":{"0":"post-97584","1":"product","2":"type-product","3":"status-publish","4":"has-post-thumbnail","6":"product_cat-dorrhandtag-ytterdorr","7":"product_shipping_class-postnord-varubrev","8":"pa_brands-hoppe","9":"tm-no-options","11":"first","12":"instock","13":"sale","14":"taxable","15":"shipping-taxable","16":"purchasable","17":"product-type-simple"},"acf":[],"_links":{"self":[{"href":"https:\/\/secureus.se\/de\/wp-json\/wp\/v2\/product\/97584","targetHints":{"allow":["GET"]}}],"collection":[{"href":"https:\/\/secureus.se\/de\/wp-json\/wp\/v2\/product"}],"about":[{"href":"https:\/\/secureus.se\/de\/wp-json\/wp\/v2\/types\/product"}],"wp:featuredmedia":[{"embeddable":true,"href":"https:\/\/secureus.se\/de\/wp-json\/wp\/v2\/media\/137209"}],"wp:attachment":[{"href":"https:\/\/secureus.se\/de\/wp-json\/wp\/v2\/media?parent=97584"}],"wp:term":[{"taxonomy":"product_brand","embeddable":true,"href":"https:\/\/secureus.se\/de\/wp-json\/wp\/v2\/product_brand?post=97584"},{"taxonomy":"product_cat","embeddable":true,"href":"https:\/\/secureus.se\/de\/wp-json\/wp\/v2\/product_cat?post=97584"},{"taxonomy":"product_tag","embeddable":true,"href":"https:\/\/secureus.se\/de\/wp-json\/wp\/v2\/product_tag?post=97584"}],"curies":[{"name":"wp","href":"https:\/\/api.w.org\/{rel}","templated":true}]}}