{"id":97608,"date":"2024-08-21T19:29:13","date_gmt":"2024-08-21T17:29:13","guid":{"rendered":"https:\/\/secureus.se\/?post_type=product&#038;p=97608"},"modified":"2026-04-23T12:01:18","modified_gmt":"2026-04-23T10:01:18","slug":"trycke-dh-7022-35-95mm-mattkrom","status":"publish","type":"product","link":"https:\/\/secureus.se\/de\/trycke-dh-7022-35-95mm-mattkrom\/","title":{"rendered":"T\u00fcrdr\u00fccker Push DH 7022 35-95mm Matt Chrom \u2013 Dormakaba"},"content":{"rendered":"<p>\nDer T\u00fcrdr\u00fccker DH 7022 ist Teil der neuen Serie 7 von dormakaba. DH 7022 verf\u00fcgt \u00fcber eine R\u00fcckholfeder und passt somit in alle T\u00fcren, die \u00fcber Schlossgeh\u00e4use in 50er- und 70er-Dornausf\u00fchrung im skandinavischen Stil verf\u00fcgen. Die R\u00fcckholfeder des Drucks vermittelt ein deutliches Qualit\u00e4tsgef\u00fchl und erh\u00f6ht die Lebensdauer sowohl des Drucks als auch des Schlossgeh\u00e4uses der T\u00fcr. DH 7022 ersetzt das Vorg\u00e4ngermodell DH 722.<\/p>\n<div>\n<div><\/div>\n<div><b>Eigenschaften:\u00a0<\/b><\/div>\n<div>\n<ul>\n<li>F\u00fcr alle Innent\u00fcren<\/li>\n<li>Passend f\u00fcr modulare Schlossgeh\u00e4use nach skandinavischem Standard (Abstand 30 mm)<\/li>\n<li>Passt nicht in das Schlossgeh\u00e4use ABLOY 2014 oder ein gleichwertiges Innent\u00fcrschloss<\/li>\n<li>Lieferung mit Schraube, \u00dcberwurfmutter und Druckstift.\u00a0\u00a0<\/li>\n<li>Geeignet f\u00fcr T\u00fcrst\u00e4rken von 35\u201395 mm.\u00a0<\/li>\n<li>Aus Zamak.<\/li>\n<li>Oberfl\u00e4chenbehandlung: Verchromt, matt geb\u00fcrstet<\/li>\n<li>EN 1906, 200.000 Zyklen, Klasse 4<\/li>\n<li>Das Produkt entspricht der EU-Nickelrichtlinie 94\/27\/EG<\/li>\n<li>Bewertet in Byggvarobedomningen<\/li>\n<li>Rosette \u00d8 52 mm<\/li>\n<li>Mit R\u00fcckholfeder in der Rosette<\/li>\n<\/ul>\n<\/div>\n<\/div>","protected":false},"excerpt":{"rendered":"<p>Der T\u00fcrgriff DH 7022 ist Teil der neuen Serie 7 von dormakaba. DH 7022 verf\u00fcgt \u00fcber eine R\u00fcckholfeder und passt somit in alle T\u00fcren, die \u00fcber Schlossgeh\u00e4use in 50er und 70er Dornausf\u00fchrung verf\u00fcgen<\/p>","protected":false},"featured_media":137778,"template":"","meta":{"_acf_changed":false},"product_brand":[],"product_cat":[4124],"product_tag":[],"class_list":{"0":"post-97608","1":"product","2":"type-product","3":"status-publish","4":"has-post-thumbnail","6":"product_cat-dorrhandtag-innerdorr","7":"product_shipping_class-postnord-varubrev","8":"pa_brands-dormakaba","9":"tm-no-options","11":"first","12":"instock","13":"sale","14":"taxable","15":"shipping-taxable","16":"purchasable","17":"product-type-simple"},"acf":[],"_links":{"self":[{"href":"https:\/\/secureus.se\/de\/wp-json\/wp\/v2\/product\/97608","targetHints":{"allow":["GET"]}}],"collection":[{"href":"https:\/\/secureus.se\/de\/wp-json\/wp\/v2\/product"}],"about":[{"href":"https:\/\/secureus.se\/de\/wp-json\/wp\/v2\/types\/product"}],"wp:featuredmedia":[{"embeddable":true,"href":"https:\/\/secureus.se\/de\/wp-json\/wp\/v2\/media\/137778"}],"wp:attachment":[{"href":"https:\/\/secureus.se\/de\/wp-json\/wp\/v2\/media?parent=97608"}],"wp:term":[{"taxonomy":"product_brand","embeddable":true,"href":"https:\/\/secureus.se\/de\/wp-json\/wp\/v2\/product_brand?post=97608"},{"taxonomy":"product_cat","embeddable":true,"href":"https:\/\/secureus.se\/de\/wp-json\/wp\/v2\/product_cat?post=97608"},{"taxonomy":"product_tag","embeddable":true,"href":"https:\/\/secureus.se\/de\/wp-json\/wp\/v2\/product_tag?post=97608"}],"curies":[{"name":"wp","href":"https:\/\/api.w.org\/{rel}","templated":true}]}}