{"id":97993,"date":"2024-08-30T13:02:27","date_gmt":"2024-08-30T11:02:27","guid":{"rendered":"https:\/\/secureus.se\/?post_type=product&#038;p=97993"},"modified":"2026-04-01T14:28:01","modified_gmt":"2026-04-01T12:28:01","slug":"hikvision-ds-7604nxi-k1-4p-pro-series-12mp-acusense-4-kanalig-40mbps-poe-1u-10tb-per-hdd-4k-nvr-2","status":"publish","type":"product","link":"https:\/\/secureus.se\/de\/hikvision-ds-7604nxi-k1-4p-pro-series-12mp-acusense-4-kanalig-40mbps-poe-1u-10tb-per-hdd-4k-nvr-2\/","title":{"rendered":"Hikvision DS-7604NXI-K1\/4P \u2013 4-Kanal 4K NVR mit PoE &amp; AcuSense AI (40 Mbps)"},"content":{"rendered":"<div class=\"headernamehrnone\">\n<h3 data-start=\"623\" data-end=\"696\">Hikvision DS-7604NXI-K1\/4P \u2013 Smooth NVR mit PoE und intelligenter KI-Technologie<\/h3>\n<p data-start=\"698\" data-end=\"923\"><strong data-start=\"698\" data-end=\"728\">Hikvision DS-7604NXI-K1\/4P<\/strong> ist ein kompakter und zuverl\u00e4ssiger Netzwerk-Videorekorder (NVR) mit integriertem PoE f\u00fcr vier Kameras. Er eignet sich ideal f\u00fcr Privathaushalte, Gesch\u00e4fte und kleine Unternehmen, die eine einfache und zuverl\u00e4ssige Video\u00fcberwachung w\u00fcnschen.<\/p>\n<p data-start=\"925\" data-end=\"1188\">Mit Unterst\u00fctzung f\u00fcr bis zu <strong data-start=\"947\" data-end=\"982\">vier IP-Kameras in 4K-Aufl\u00f6sung<\/strong> Und <strong data-start=\"987\" data-end=\"1008\">40 Mbit\/s Bandbreite<\/strong> Sie k\u00f6nnen sich auf scharfe und stabile Aufnahmen verlassen. Das Aufnahmeger\u00e4t bietet Platz f\u00fcr <strong data-start=\"1088\" data-end=\"1121\">eine Festplatte mit bis zu 10 TB<\/strong>, das auch f\u00fcr hochaufl\u00f6sende Videos ausreichend Speicherplatz bietet.<\/p>\n<p data-start=\"1190\" data-end=\"1530\">Dank <strong data-start=\"1200\" data-end=\"1222\">AcuSense-Technologie<\/strong> Das System kann zwischen Personen und Fahrzeugen unterscheiden, um Fehlalarme zu minimieren. Sie k\u00f6nnen au\u00dferdem intelligente Ereignisse wie Einbruchserkennung und Linien\u00fcberschreitung konfigurieren, was die \u00dcberwachung effizienter gestaltet. Dar\u00fcber hinaus kann das System Folgendes durchf\u00fchren: <strong data-start=\"1452\" data-end=\"1473\">Gesichtsaufzeichnung<\/strong> und speichern registrierte Gesichter zur sp\u00e4teren \u00dcberpr\u00fcfung.<\/p>\n<p data-start=\"1532\" data-end=\"1825\">Die Installation ist einfach: Schlie\u00dfen Sie die Kameras direkt \u00fcber die vier PoE-Anschl\u00fcsse an, verbinden Sie sie \u00fcber HDMI\/VGA mit Ihrem Fernseher oder Monitor und steuern Sie das System mit der mitgelieferten Maus. Mit der App <strong data-start=\"1709\" data-end=\"1724\">Hik-Connect<\/strong> Sie erhalten Fernzugriff per Smartphone, Tablet oder PC \u2013 inklusive Push-Benachrichtigungen bei Alarmereignissen.<\/p>\n<hr data-start=\"1827\" data-end=\"1830\" \/>\n<h3 data-start=\"1832\" data-end=\"1846\">Vorteile<\/h3>\n<ul data-start=\"1847\" data-end=\"2266\">\n<li data-start=\"1847\" data-end=\"1897\">\n<p data-start=\"1849\" data-end=\"1897\">Kompakter NVR mit integriertem Netzteil (PoE)<\/p>\n<\/li>\n<li data-start=\"1898\" data-end=\"1948\">\n<p data-start=\"1900\" data-end=\"1948\">Unterst\u00fctzung f\u00fcr bis zu 4 IP-Kameras in 4K-Aufl\u00f6sung<\/p>\n<\/li>\n<li data-start=\"1949\" data-end=\"1982\">\n<p data-start=\"1951\" data-end=\"1982\">Bandbreite von bis zu 40 Mbit\/s<\/p>\n<\/li>\n<li data-start=\"1983\" data-end=\"2035\">\n<p data-start=\"1985\" data-end=\"2035\">AcuSense KI mit Personen- und Fahrzeugerkennung<\/p>\n<\/li>\n<li data-start=\"2036\" data-end=\"2082\">\n<p data-start=\"2038\" data-end=\"2082\">Gesichtserkennungs- und intelligente Suchfunktionen<\/p>\n<\/li>\n<li data-start=\"2083\" data-end=\"2122\">\n<p data-start=\"2085\" data-end=\"2122\">Platz f\u00fcr 1 Festplatte mit bis zu 10 TB<\/p>\n<\/li>\n<li data-start=\"2123\" data-end=\"2169\">\n<p data-start=\"2125\" data-end=\"2169\">HDMI- und VGA-Ausg\u00e4nge f\u00fcr den Displayanschluss<\/p>\n<\/li>\n<li data-start=\"2170\" data-end=\"2213\">\n<p data-start=\"2172\" data-end=\"2213\">Einfache Installation und Steuerung per Maus<\/p>\n<\/li>\n<li data-start=\"2214\" data-end=\"2266\">\n<p data-start=\"2216\" data-end=\"2266\">Fernzugriff und Push-Benachrichtigungen \u00fcber die Hik-Connect-App<\/p>\n<\/li>\n<\/ul>\n<hr data-start=\"2268\" data-end=\"2271\" \/>\n<h3 data-start=\"2273\" data-end=\"2303\">Technische Spezifikationen<\/h3>\n<div class=\"_tableContainer_1rjym_1\">\n<div class=\"_tableWrapper_1rjym_13 group flex w-fit flex-col-reverse\">\n<table class=\"w-fit min-w-(--thread-content-width)\" data-start=\"2305\" data-end=\"2872\">\n<thead data-start=\"2305\" data-end=\"2325\">\n<tr data-start=\"2305\" data-end=\"2325\">\n<th data-start=\"2305\" data-end=\"2316\" data-col-size=\"sm\">Eigentum<\/th>\n<th data-start=\"2316\" data-end=\"2325\" data-col-size=\"md\">Wert<\/th>\n<\/tr>\n<\/thead>\n<tbody data-start=\"2347\" data-end=\"2872\">\n<tr data-start=\"2347\" data-end=\"2376\">\n<td data-start=\"2347\" data-end=\"2356\" data-col-size=\"sm\">Modell<\/td>\n<td data-start=\"2356\" data-end=\"2376\" data-col-size=\"md\">DS-7604NXI-K1\/4P<\/td>\n<\/tr>\n<tr data-start=\"2377\" data-end=\"2415\">\n<td data-start=\"2377\" data-end=\"2393\" data-col-size=\"sm\">Kamerakan\u00e4le<\/td>\n<td data-start=\"2393\" data-end=\"2415\" data-col-size=\"md\">4 IP-Kameras (PoE)<\/td>\n<\/tr>\n<tr data-start=\"2416\" data-end=\"2447\">\n<td data-start=\"2416\" data-end=\"2429\" data-col-size=\"sm\">Aufl\u00f6sung<\/td>\n<td data-start=\"2429\" data-end=\"2447\" data-col-size=\"md\">Bis zu 12 MP<\/td>\n<\/tr>\n<tr data-start=\"2448\" data-end=\"2482\">\n<td data-start=\"2448\" data-end=\"2471\" data-col-size=\"sm\">Eingehende Bandbreite<\/td>\n<td data-start=\"2471\" data-end=\"2482\" data-col-size=\"md\">40 Mbit\/s<\/td>\n<\/tr>\n<tr data-start=\"2483\" data-end=\"2526\">\n<td data-start=\"2483\" data-end=\"2497\" data-col-size=\"sm\">Videoformat<\/td>\n<td data-start=\"2497\" data-end=\"2526\" data-col-size=\"md\">H.265+\/H.265\/H.264+\/H.264<\/td>\n<\/tr>\n<tr data-start=\"2527\" data-end=\"2609\">\n<td data-start=\"2527\" data-end=\"2543\" data-col-size=\"sm\">KI-Funktionen<\/td>\n<td data-start=\"2543\" data-end=\"2609\" data-col-size=\"md\">Personen-\/Fahrzeugerkennung, Gesichtserkennung, intelligente Suche<\/td>\n<\/tr>\n<tr data-start=\"2610\" data-end=\"2647\">\n<td data-start=\"2610\" data-end=\"2620\" data-col-size=\"sm\">Lagerung<\/td>\n<td data-start=\"2620\" data-end=\"2647\" data-col-size=\"md\">1\u00d7 SATA, bis zu 10 TB<\/td>\n<\/tr>\n<tr data-start=\"2648\" data-end=\"2683\">\n<td data-start=\"2648\" data-end=\"2665\" data-col-size=\"sm\">Videoausg\u00e4nge<\/td>\n<td data-start=\"2665\" data-end=\"2683\" data-col-size=\"md\">HDMI (4K), VGA<\/td>\n<\/tr>\n<tr data-start=\"2684\" data-end=\"2708\">\n<td data-start=\"2684\" data-end=\"2692\" data-col-size=\"sm\">Audio<\/td>\n<td data-start=\"2692\" data-end=\"2708\" data-col-size=\"md\">1x rein, 1x raus<\/td>\n<\/tr>\n<tr data-start=\"2709\" data-end=\"2748\">\n<td data-start=\"2709\" data-end=\"2719\" data-col-size=\"sm\">Netzwerk<\/td>\n<td data-start=\"2719\" data-end=\"2748\" data-col-size=\"md\">1\u00d7 RJ-45 10\/100\/1000 Mbit\/s<\/td>\n<\/tr>\n<tr data-start=\"2749\" data-end=\"2769\">\n<td data-start=\"2749\" data-end=\"2755\" data-col-size=\"sm\">USB<\/td>\n<td data-start=\"2755\" data-end=\"2769\" data-col-size=\"md\">2\u00d7 USB 2.0<\/td>\n<\/tr>\n<tr data-start=\"2770\" data-end=\"2813\">\n<td data-start=\"2770\" data-end=\"2789\" data-col-size=\"sm\">Stromversorgung<\/td>\n<td data-start=\"2789\" data-end=\"2813\" data-col-size=\"md\">48 VDC (integriertes PoE)<\/td>\n<\/tr>\n<tr data-start=\"2814\" data-end=\"2842\">\n<td data-start=\"2814\" data-end=\"2821\" data-col-size=\"sm\">Messen<\/td>\n<td data-start=\"2821\" data-end=\"2842\" data-col-size=\"md\">315 \u00d7 240 \u00d7 48 mm<\/td>\n<\/tr>\n<tr data-start=\"2843\" data-end=\"2872\">\n<td data-start=\"2843\" data-end=\"2850\" data-col-size=\"sm\">Gewicht<\/td>\n<td data-start=\"2850\" data-end=\"2872\" data-col-size=\"md\">ca. 1 kg (ohne Festplatte)<\/td>\n<\/tr>\n<\/tbody>\n<\/table>\n<\/div>\n<\/div>\n<\/div>","protected":false},"excerpt":{"rendered":"<p>Preisg\u00fcnstiger und kompakter NVR mit integriertem PoE f\u00fcr vier IP-Kameras. Bietet Aufl\u00f6sungen bis zu 4K, unterst\u00fctzt intelligente AcuSense-KI mit Personen- und Fahrzeugerkennung, Gesichtserkennung und Speicherplatz f\u00fcr eine Festplatte mit bis zu 10 TB.<\/p>","protected":false},"featured_media":137650,"template":"","meta":{"_acf_changed":false},"product_brand":[],"product_cat":[3358],"product_tag":[],"class_list":{"0":"post-97993","1":"product","2":"type-product","3":"status-publish","4":"has-post-thumbnail","6":"product_cat-nvr-network-video-recorder","7":"product_shipping_class-tunga-paket","8":"pa_brands-hikvision","9":"tm-no-options","11":"first","12":"instock","13":"sale","14":"taxable","15":"shipping-taxable","16":"purchasable","17":"product-type-simple"},"acf":[],"_links":{"self":[{"href":"https:\/\/secureus.se\/de\/wp-json\/wp\/v2\/product\/97993","targetHints":{"allow":["GET"]}}],"collection":[{"href":"https:\/\/secureus.se\/de\/wp-json\/wp\/v2\/product"}],"about":[{"href":"https:\/\/secureus.se\/de\/wp-json\/wp\/v2\/types\/product"}],"wp:featuredmedia":[{"embeddable":true,"href":"https:\/\/secureus.se\/de\/wp-json\/wp\/v2\/media\/137650"}],"wp:attachment":[{"href":"https:\/\/secureus.se\/de\/wp-json\/wp\/v2\/media?parent=97993"}],"wp:term":[{"taxonomy":"product_brand","embeddable":true,"href":"https:\/\/secureus.se\/de\/wp-json\/wp\/v2\/product_brand?post=97993"},{"taxonomy":"product_cat","embeddable":true,"href":"https:\/\/secureus.se\/de\/wp-json\/wp\/v2\/product_cat?post=97993"},{"taxonomy":"product_tag","embeddable":true,"href":"https:\/\/secureus.se\/de\/wp-json\/wp\/v2\/product_tag?post=97993"}],"curies":[{"name":"wp","href":"https:\/\/api.w.org\/{rel}","templated":true}]}}