{"id":98092,"date":"2024-09-03T10:47:26","date_gmt":"2024-09-03T08:47:26","guid":{"rendered":"https:\/\/secureus.se\/kabeltestare-trendnet-tc-nt2-natverkskabeltestare-med-tongenerator\/"},"modified":"2026-04-09T11:34:43","modified_gmt":"2026-04-09T09:34:43","slug":"kabeltestare-trendnet-tc-nt2-natverkskabeltestare-med-tongenerator","status":"publish","type":"product","link":"https:\/\/secureus.se\/de\/kabeltestare-trendnet-tc-nt2-natverkskabeltestare-med-tongenerator\/","title":{"rendered":"Kabeltester TRENDnet TC-NT2 Netzwerkkabeltester mit Tongenerator"},"content":{"rendered":"<h3 id=\"pdp_productoverview\" class=\"item-headertop rd-prod-overview-hygiene\">Kabeltester TRENDnet TC-NT2 Netzwerkkabeltester mit Tongenerator<\/h3>\n<div class=\"pd-overview-details pd-show-full-overview\">\n<div class=\"headernamehrnone\">Der Netzwerkkabeltester von TRENDnet, Modell TC-NT2, ist ein umfassender Kabeltester f\u00fcr Netzwerkprofis. Es \u00fcberpr\u00fcft die Pin-Konfigurationen f\u00fcr Ethernet-Kabel, USB-Kabel, BNC-Kabel und Patchpanel-Anschl\u00fcsse genau. Der TC-NT2 erkennt korrekte, nicht angeschlossene, kurzgeschlossene und vertauschte Pins f\u00fcr Kabelentfernungen von bis zu 300 Metern (984 Fu\u00df). Alle Komponenten passen in einen praktischen Koffer. PACKUNGSINHALT: TC-NT2, Kurzanleitung zur Installation, 2x RJ-45-zu-BNC-Adapter, Netzwerk-Patchkabel, Tragetasche<\/div>\n<div class=\"row headername\">\n<div class=\"item-header rd-hyg-item-header\"><strong>Hauptmerkmale<\/strong><\/div>\n<div class=\"row\">\n<ul>\n<li>Umfangreicher Kabeltester f\u00fcr Netzwerkprofis<\/li>\n<li>Testet Ethernet-, USB- und BNC-Kabel<\/li>\n<li>Pr\u00e4zise Pr\u00fcfung der Pin-Konfigurationen f\u00fcr Kabell\u00e4ngen von bis zu 300 Metern (984 Fu\u00df)<\/li>\n<li>Identifiziert offene, kurzgeschlossene und \u00fcberkreuzte Pins<\/li>\n<li>Kontinuierliches Scannen und manuelles Scannen<\/li>\n<li>Inklusive BNC-zu-Ethernet-Konverter<\/li>\n<li>Praktischer Reisekoffer<\/li>\n<\/ul>\n<\/div>\n<\/div>\n<\/div>","protected":false},"excerpt":{"rendered":"<p>TRENDnet TC-NT2 Netzwerkkabeltester mit Tongenerator<\/p>","protected":false},"featured_media":136922,"template":"","meta":{"_acf_changed":false},"product_brand":[],"product_cat":[4144],"product_tag":[],"class_list":{"0":"post-98092","1":"product","2":"type-product","3":"status-publish","4":"has-post-thumbnail","6":"product_cat-natverkskabel-tillbehor","7":"tm-no-options","9":"first","10":"onbackorder","11":"taxable","12":"shipping-taxable","13":"purchasable","14":"product-type-simple"},"acf":[],"_links":{"self":[{"href":"https:\/\/secureus.se\/de\/wp-json\/wp\/v2\/product\/98092","targetHints":{"allow":["GET"]}}],"collection":[{"href":"https:\/\/secureus.se\/de\/wp-json\/wp\/v2\/product"}],"about":[{"href":"https:\/\/secureus.se\/de\/wp-json\/wp\/v2\/types\/product"}],"wp:featuredmedia":[{"embeddable":true,"href":"https:\/\/secureus.se\/de\/wp-json\/wp\/v2\/media\/136922"}],"wp:attachment":[{"href":"https:\/\/secureus.se\/de\/wp-json\/wp\/v2\/media?parent=98092"}],"wp:term":[{"taxonomy":"product_brand","embeddable":true,"href":"https:\/\/secureus.se\/de\/wp-json\/wp\/v2\/product_brand?post=98092"},{"taxonomy":"product_cat","embeddable":true,"href":"https:\/\/secureus.se\/de\/wp-json\/wp\/v2\/product_cat?post=98092"},{"taxonomy":"product_tag","embeddable":true,"href":"https:\/\/secureus.se\/de\/wp-json\/wp\/v2\/product_tag?post=98092"}],"curies":[{"name":"wp","href":"https:\/\/api.w.org\/{rel}","templated":true}]}}