{"id":98777,"date":"2024-09-27T15:02:49","date_gmt":"2024-09-27T13:02:49","guid":{"rendered":"https:\/\/secureus.se\/?post_type=product&#038;p=98777"},"modified":"2026-04-23T13:32:22","modified_gmt":"2026-04-23T11:32:22","slug":"switch-5-portars-gigabit-poe-switch-10-gbps","status":"publish","type":"product","link":"https:\/\/secureus.se\/de\/switch-5-portars-gigabit-poe-switch-10-gbps\/","title":{"rendered":"Switch 5-Port-Gigabit-PoE-Switch, 10 Gbit\/s"},"content":{"rendered":"<p>Switch 5-Port-Gigabit-PoE-Switch, 10 Gbit\/s<\/p>\n<div class=\"pd-overview-details pd-show-full-overview\">\n<div class=\"headernamehrnone\">Der 5-Port-Gigabit-PoE+-Switch von TRENDnet, Modell TPE-TG50g, liefert Daten und Strom \u00fcber vorhandene Ethernet-Kabel an PoE-Ger\u00e4te (Power over Ethernet) wie Access Points und IP-Kameras. Es unterst\u00fctzt sowohl PoE- als auch PoE+-Ger\u00e4te mit einem PoE-Leistungsbudget von 31 W. Dieser kompakte, robuste Metall-Switch l\u00e4sst sich einfach installieren und sorgt f\u00fcr zuverl\u00e4ssige Hochgeschwindigkeits-PoE-Netzwerke.<\/div>\n<div><\/div>\n<div class=\"row headername\">\n<div class=\"item-header rd-hyg-item-header\"><strong>Hauptmerkmale<\/strong><\/div>\n<div class=\"row\">\n<ul>\n<li>DESKTOP-DESIGN: Mit einem kompakten und leichten Metallgeh\u00e4use eignet sich dieser Ethernet-Switch gut f\u00fcr Desktop-Installationen.<\/li>\n<li>DATEN\u00dcBERTRAGUNGSRATE: Ethernet: 10 Mbit\/s (Halbduplex), 20 Mbit\/s (Vollduplex) Fast Ethernet: 100 Mbit\/s (Halbduplex), 200 Mbit\/s (Vollduplex) Gigabit: 2000 Mbit\/s (Vollduplex)<\/li>\n<li>TRENDnet LEBENSLANGE SCHUTZ: Lebenslange Herstellergarantie von TRENDnet<\/li>\n<li>DESKTOP-DESIGN: Mit einem kompakten und leichten Metallgeh\u00e4use eignet sich dieser Ethernet-Switch gut f\u00fcr Desktop-Installationen.<\/li>\n<\/ul>\n<ul class=\"mainfeatureslist\">\n<li>DATEN\u00dcBERTRAGUNGSRATE: Ethernet: 10 Mbit\/s (Halbduplex), 20 Mbit\/s (Vollduplex) Fast Ethernet: 100 Mbit\/s (Halbduplex), 200 Mbit\/s (Vollduplex) Gigabit: 2000 Mbit\/s (Vollduplex)<\/li>\n<\/ul>\n<\/div>\n<\/div>\n<\/div>","protected":false},"excerpt":{"rendered":"<p>TRENDnet TPE-TG50G 5-Port-Gigabit-PoE-Switch, 10 Gbit\/s<\/p>","protected":false},"featured_media":136163,"template":"","meta":{"_acf_changed":false},"product_brand":[],"product_cat":[4148],"product_tag":[],"class_list":{"0":"post-98777","1":"product","2":"type-product","3":"status-publish","4":"has-post-thumbnail","6":"product_cat-poe-switchar","7":"pa_brands-trendnet","8":"tm-no-options","10":"first","11":"onbackorder","12":"sale","13":"taxable","14":"shipping-taxable","15":"purchasable","16":"product-type-simple"},"acf":[],"_links":{"self":[{"href":"https:\/\/secureus.se\/de\/wp-json\/wp\/v2\/product\/98777","targetHints":{"allow":["GET"]}}],"collection":[{"href":"https:\/\/secureus.se\/de\/wp-json\/wp\/v2\/product"}],"about":[{"href":"https:\/\/secureus.se\/de\/wp-json\/wp\/v2\/types\/product"}],"wp:featuredmedia":[{"embeddable":true,"href":"https:\/\/secureus.se\/de\/wp-json\/wp\/v2\/media\/136163"}],"wp:attachment":[{"href":"https:\/\/secureus.se\/de\/wp-json\/wp\/v2\/media?parent=98777"}],"wp:term":[{"taxonomy":"product_brand","embeddable":true,"href":"https:\/\/secureus.se\/de\/wp-json\/wp\/v2\/product_brand?post=98777"},{"taxonomy":"product_cat","embeddable":true,"href":"https:\/\/secureus.se\/de\/wp-json\/wp\/v2\/product_cat?post=98777"},{"taxonomy":"product_tag","embeddable":true,"href":"https:\/\/secureus.se\/de\/wp-json\/wp\/v2\/product_tag?post=98777"}],"curies":[{"name":"wp","href":"https:\/\/api.w.org\/{rel}","templated":true}]}}