{"id":98782,"date":"2024-09-27T15:02:51","date_gmt":"2024-09-27T13:02:51","guid":{"rendered":"https:\/\/secureus.se\/?post_type=product&#038;p=98782"},"modified":"2026-04-09T11:34:36","modified_gmt":"2026-04-09T09:34:36","slug":"switch-6-port-gigabit-ethernet-self-managed-switch-30w-poe-strom","status":"publish","type":"product","link":"https:\/\/secureus.se\/de\/switch-6-port-gigabit-ethernet-self-managed-switch-30w-poe-strom\/","title":{"rendered":"Switch 6-Port-Gigabit-Ethernet-selbstverwalteter Switch mit 30 W PoE-Leistung"},"content":{"rendered":"<h1>Switch 6-Port-Gigabit-Ethernet-selbstverwalteter Switch mit 30 W PoE-Leistung<\/h1>\n<div class=\"headernamehrnone\">Entdecken Sie die Effizienz des ComNet CNGE6FX2TX4PoE, eines kompakten 6-Port-Gigabit-Ethernet-Switches, der die Leistung und Zuverl\u00e4ssigkeit Ihres Netzwerks verbessert. Dieser selbstverwaltete Switch verf\u00fcgt \u00fcber 2 SFP FX- und 4 TX-Ports mit 30 W PoE+-Leistung, ideal f\u00fcr Umgebungen mit hoher Nachfrage. Es verf\u00fcgt \u00fcber einen Klemmenblockanschluss f\u00fcr zuverl\u00e4ssige Verbindungen und schnelle Einrichtungsm\u00f6glichkeiten f\u00fcr eine sofortige Netzwerkerweiterung. Genie\u00dfen Sie unterbrechungsfreie Stromversorgung mit PoE, erweiterte Layer-2-Unterst\u00fctzung f\u00fcr sicheren Betrieb und praktische Wandmontage, um f\u00fcr Ordnung zu sorgen. Seine Verwaltungsfunktionen sorgen f\u00fcr optimale Kontrolle und Leistung, mit Geschwindigkeiten, die bis zu zehnmal schneller sind als bei Standard-Ethernet, und Glasfaserunterst\u00fctzung f\u00fcr eine gr\u00f6\u00dfere Reichweite. Aktualisieren Sie noch heute Ihr Netzwerk-Setup und erleben Sie nahtlose Konnektivit\u00e4t!<\/div>\n<div class=\"row headername\">\n<div class=\"item-header rd-hyg-item-header\"><strong>Hauptmerkmale<\/strong><\/div>\n<div class=\"row\">\n<ul>\n<li>Erstellen Sie Ihr eigenes LAN und verbinden Sie Ihren PC, Laptop, Drucker und andere Peripherieger\u00e4te \u00fcber 4 Ports<\/li>\n<li>Stromleitungen und Steckdosen sind nicht erforderlich, der Switch kann Strom von der PoE-Quelle beziehen<\/li>\n<li>Mit f\u00fchrender Layer-2-Unterst\u00fctzung erhalten Sie mehr Komfort, sichere Gesch\u00e4ftsabl\u00e4ufe und ein grenzenloses Netzwerkerlebnis<\/li>\n<li>Mit der Wandmontagefunktion k\u00f6nnen Sie den Schalter einfach installieren und gleichzeitig Kabel und Leitungen in Ordnung halten<\/li>\n<li>Die Verwaltungsfunktion erm\u00f6glicht die Kontrolle \u00fcber die Installation und Konfiguration des Netzwerks<\/li>\n<li>Bis zu 10-mal schneller als eine Standard-Ethernet-Serververbindung und bietet gleichzeitig leistungsstarke Uplinks<\/li>\n<li>Unterst\u00fctzt Glasfaserkabel f\u00fcr gr\u00f6\u00dfere Entfernungen und hohe Daten\u00fcbertragungsraten zwischen Servern und Netzwerkkomponenten<\/li>\n<li>Bis zu 10-mal schneller als eine Standard-Ethernet-Serververbindung und bietet gleichzeitig leistungsstarke Uplinks<\/li>\n<li>Unterst\u00fctzt Glasfaserkabel f\u00fcr gr\u00f6\u00dfere Entfernungen und hohe Daten\u00fcbertragungsraten zwischen Servern und Netzwerkkomponenten<\/li>\n<\/ul>\n<\/div>\n<\/div>","protected":false},"excerpt":{"rendered":"<p>ComNet CNGE6FX2TX4PoE Kleiner selbstverwalteter 6-Port-Gigabit-Ethernet-Switch zur Oberfl\u00e4chenmontage, 2 SFP FX, 4TX mit 30 W PoE-Leistung<\/p>","protected":false},"featured_media":136730,"template":"","meta":{"_acf_changed":false},"product_brand":[],"product_cat":[4148],"product_tag":[],"class_list":{"0":"post-98782","1":"product","2":"type-product","3":"status-publish","4":"has-post-thumbnail","6":"product_cat-poe-switchar","7":"pa_brands-ultratech","8":"tm-no-options","10":"first","11":"outofstock","12":"sale","13":"taxable","14":"shipping-taxable","15":"purchasable","16":"product-type-simple"},"acf":[],"_links":{"self":[{"href":"https:\/\/secureus.se\/de\/wp-json\/wp\/v2\/product\/98782","targetHints":{"allow":["GET"]}}],"collection":[{"href":"https:\/\/secureus.se\/de\/wp-json\/wp\/v2\/product"}],"about":[{"href":"https:\/\/secureus.se\/de\/wp-json\/wp\/v2\/types\/product"}],"wp:featuredmedia":[{"embeddable":true,"href":"https:\/\/secureus.se\/de\/wp-json\/wp\/v2\/media\/136730"}],"wp:attachment":[{"href":"https:\/\/secureus.se\/de\/wp-json\/wp\/v2\/media?parent=98782"}],"wp:term":[{"taxonomy":"product_brand","embeddable":true,"href":"https:\/\/secureus.se\/de\/wp-json\/wp\/v2\/product_brand?post=98782"},{"taxonomy":"product_cat","embeddable":true,"href":"https:\/\/secureus.se\/de\/wp-json\/wp\/v2\/product_cat?post=98782"},{"taxonomy":"product_tag","embeddable":true,"href":"https:\/\/secureus.se\/de\/wp-json\/wp\/v2\/product_tag?post=98782"}],"curies":[{"name":"wp","href":"https:\/\/api.w.org\/{rel}","templated":true}]}}