{"id":98784,"date":"2024-09-27T15:02:51","date_gmt":"2024-09-27T13:02:51","guid":{"rendered":"https:\/\/secureus.se\/?post_type=product&#038;p=98784"},"modified":"2026-04-23T13:30:46","modified_gmt":"2026-04-23T11:30:46","slug":"switch-axis-8-portars-industriell-poe-gigabitswitch-2-sfp-2-rj45-portar-240-w-rackmontering","status":"publish","type":"product","link":"https:\/\/secureus.se\/de\/switch-axis-8-portars-industriell-poe-gigabitswitch-2-sfp-2-rj45-portar-240-w-rackmontering\/","title":{"rendered":"Switch Axis 8-Port-Industrie-PoE-Gigabit-Switch 2 SFP 2 RJ45-Ports 240 W, Rackmontage"},"content":{"rendered":"<h1>Switch 8-Port-Industrie-PoE-Gigabit-Switch<\/h1>\n<h2>2 SFP 2 RJ45-Ports 240 W, Rackmontage<\/h2>\n<div class=\"headernamehrnone\">Der AXIS T8504-R Industrial PoE Switch ist ein verwalteter industrieller PoE++-Gigabit-Switch mit 4 Ports. Dar\u00fcber hinaus ist der Switch mit zwei RJ45- und zwei SFP-Datenanschl\u00fcssen ausgestattet, die den Anschluss weiterer Ger\u00e4te erm\u00f6glichen.&nbsp;<\/p>\n<p><b>F\u00fcr anspruchsvolle Installationen<\/b><\/p>\n<p>Der robuste Industrieschalter wurde f\u00fcr anspruchsvolle Umgebungen entwickelt, wenn er in einem \u00dcberwachungsschrank montiert wird. Es ist so konzipiert, dass es St\u00f6\u00dfen, Vibrationen und Temperaturen von -40 \u00b0C bis 75 \u00b0C (-40 \u00b0F bis 167 \u00b0F) standh\u00e4lt, was es ideal f\u00fcr sehr anspruchsvolle Installationen wie entlang von Autobahnen und Tunneln macht.<\/p>\n<p><b>Einfach zu installieren und zu konfigurieren<\/b><\/p>\n<p>Der industrielle PoE-Switch AXIS T8504-R l\u00e4sst sich einfach mit AXIS-Standardtools wie AXIS IP Utility und AXIS Device Manager installieren. AXIS T8504-R wird au\u00dferdem mit einem individuellen Passwort, einer benutzerfreundlichen Installationsanleitung und einem umfassenden Satz an Konfigurationstools geliefert, z. B. ein integrierter DHCP-Server zur automatischen Vergabe von IP-Adressen. Es erm\u00f6glicht auch noch erweiterte Netzwerkkonfigurationen wie Rapid Ring Protection Protocol, VLAN, QoS, Sicherheit und Spanning Tree, um die Gesamtl\u00f6sung weiter zu optimieren.<\/p>\n<p><b>Kompletter \u00dcberblick mit einzigartiger Benutzeroberfl\u00e4che<\/b><\/p>\n<p>Der AXIS T8504-R nutzt die gleiche intuitive Administratoroberfl\u00e4che wie die AXIS T85 PoE-Netzwerk-Switch-Serie. Die einzigartige grafische Benutzeroberfl\u00e4che bietet eine grafische Topologie f\u00fcr einen einfachen \u00dcberblick \u00fcber alle Ger\u00e4te im System. Die grafische Benutzeroberfl\u00e4che bietet Informationen, Status und Benachrichtigungen zu angeschlossenen Ger\u00e4ten. Es erm\u00f6glicht die Verwaltung aller angeschlossenen Ger\u00e4te, den Neustart von Kameras im System, die \u00dcberwachung des Netzwerkverkehrs, die Kabeldiagnose und vieles mehr.<\/p>\n<\/div>\n<div class=\"row headername\">\n<div class=\"item-header rd-hyg-item-header\"><strong>Hauptmerkmale<\/strong><\/div>\n<div class=\"row\">\n<ul>\n<li>Hohe Verf\u00fcgbarkeit mit Rapid Ring<\/li>\n<li>Doppelte Redundanz f\u00fcr Gleichstrom<\/li>\n<li>Konform mit High PoE 60W<\/li>\n<\/ul>\n<\/div>\n<\/div>","protected":false},"excerpt":{"rendered":"<p>AXIS T8504-R T85-Serie verwalteter industrieller PoE-Gigabit-Switch mit 8 Ports und 2 SFP- und 2 RJ45-Ports, 240 W, Rackmontage<\/p>","protected":false},"featured_media":136347,"template":"","meta":{"_acf_changed":false},"product_brand":[],"product_cat":[4148],"product_tag":[],"class_list":{"0":"post-98784","1":"product","2":"type-product","3":"status-publish","4":"has-post-thumbnail","6":"product_cat-poe-switchar","7":"pa_brands-axis","8":"tm-no-options","10":"first","11":"onbackorder","12":"sale","13":"taxable","14":"shipping-taxable","15":"purchasable","16":"product-type-simple"},"acf":[],"_links":{"self":[{"href":"https:\/\/secureus.se\/de\/wp-json\/wp\/v2\/product\/98784","targetHints":{"allow":["GET"]}}],"collection":[{"href":"https:\/\/secureus.se\/de\/wp-json\/wp\/v2\/product"}],"about":[{"href":"https:\/\/secureus.se\/de\/wp-json\/wp\/v2\/types\/product"}],"wp:featuredmedia":[{"embeddable":true,"href":"https:\/\/secureus.se\/de\/wp-json\/wp\/v2\/media\/136347"}],"wp:attachment":[{"href":"https:\/\/secureus.se\/de\/wp-json\/wp\/v2\/media?parent=98784"}],"wp:term":[{"taxonomy":"product_brand","embeddable":true,"href":"https:\/\/secureus.se\/de\/wp-json\/wp\/v2\/product_brand?post=98784"},{"taxonomy":"product_cat","embeddable":true,"href":"https:\/\/secureus.se\/de\/wp-json\/wp\/v2\/product_cat?post=98784"},{"taxonomy":"product_tag","embeddable":true,"href":"https:\/\/secureus.se\/de\/wp-json\/wp\/v2\/product_tag?post=98784"}],"curies":[{"name":"wp","href":"https:\/\/api.w.org\/{rel}","templated":true}]}}