{"id":98846,"date":"2024-09-30T14:44:49","date_gmt":"2024-09-30T12:44:49","guid":{"rendered":"https:\/\/secureus.se\/system-sensor-22051e-46-iv-optisk-analog-detektor-i-avancerad-serie\/"},"modified":"2026-04-24T12:47:07","modified_gmt":"2026-04-24T10:47:07","slug":"system-sensor-22051e-46-iv-optisk-analog-detektor-i-avancerad-serie","status":"publish","type":"product","link":"https:\/\/secureus.se\/de\/system-sensor-22051e-46-iv-optisk-analog-detektor-i-avancerad-serie\/","title":{"rendered":"Rauchmelder-Systemsensor 22051E-46-IV optisch analog"},"content":{"rendered":"<div class=\"headernamehrnone\">\n<p>Der fotoelektrische Rauchmelder 22051E\/EI verf\u00fcgt \u00fcber ein v\u00f6llig neues Detektionskammerdesign, das Ergebnis langj\u00e4hriger Forschung und Entwicklung von System Sensor. Dies sorgt f\u00fcr eine verbesserte Reaktion, verringerte Empfindlichkeits\u00e4nderungen durch Staub und weniger Fehlalarme aufgrund eindringender Insekten und anderer Fremdk\u00f6rper. Das Plug-in verwendet hochentwickelte Verarbeitungsschaltkreise, die Gl\u00e4ttungsfilter umfassen, um vor\u00fcbergehende Umgebungsger\u00e4usche zu eliminieren, die die Ursache f\u00fcr unerw\u00fcnschte Alarme sein k\u00f6nnen. Die Ger\u00e4te werden durch eingebettete Software gesteuert, die komplexe Algorithmen ausf\u00fchrt, die die Widerstandsf\u00e4higkeit gegen Fehlalarme weiter verbessern und die Erkennungsgeschwindigkeit erh\u00f6hen.<\/p>\n<\/div>\n<div class=\"row headername\">\n<h5 class=\"item-header rd-hyg-item-header\"><strong>Hauptmerkmale<\/strong><\/h5>\n<div class=\"row\">\n<ul>\n<li>Enth\u00e4lt das erweiterte Protokoll der Serie 200<\/li>\n<li>Erh\u00e4ltlich mit oder ohne einpolige Kurzschlussisolierung mit Statuspr\u00fcfung<\/li>\n<li>Dreifarbige LED mit den Farben Rot, Gr\u00fcn und Gelb<\/li>\n<li>Schalter f\u00fcr rotierende Dekadenadressen<\/li>\n<li>Reinwei\u00dfe Farbe, die zu modernen Geb\u00e4uden passt<\/li>\n<li>100% mechanische und elektrische Abw\u00e4rtskompatibilit\u00e4t<\/li>\n<li>Neues Sockeldesign, das den Detektor erg\u00e4nzt<\/li>\n<\/ul>\n<\/div>\n<\/div>\n<div><\/div>","protected":false},"excerpt":{"rendered":"<ul class=\"mainfeatureslist\">\n<li>Enth\u00e4lt das erweiterte Protokoll der Serie 200<\/li>\n<li>Erh\u00e4ltlich mit oder ohne einpolige Kurzschlussisolierung mit Statuspr\u00fcfung<\/li>\n<li>Dreifarbige LED mit den Farben Rot, Gr\u00fcn und Gelb<\/li>\n<\/ul>\n<p><strong>Ersetzt 2251EM<\/strong><\/p>","protected":false},"featured_media":136646,"template":"","meta":{"_acf_changed":false},"product_brand":[],"product_cat":[4753],"product_tag":[],"class_list":{"0":"post-98846","1":"product","2":"type-product","3":"status-publish","4":"has-post-thumbnail","6":"product_cat-200-serien","7":"pa_brands-system-sensor","8":"tm-no-options","10":"first","11":"instock","12":"sale","13":"taxable","14":"shipping-taxable","15":"purchasable","16":"product-type-simple"},"acf":[],"_links":{"self":[{"href":"https:\/\/secureus.se\/de\/wp-json\/wp\/v2\/product\/98846","targetHints":{"allow":["GET"]}}],"collection":[{"href":"https:\/\/secureus.se\/de\/wp-json\/wp\/v2\/product"}],"about":[{"href":"https:\/\/secureus.se\/de\/wp-json\/wp\/v2\/types\/product"}],"wp:featuredmedia":[{"embeddable":true,"href":"https:\/\/secureus.se\/de\/wp-json\/wp\/v2\/media\/136646"}],"wp:attachment":[{"href":"https:\/\/secureus.se\/de\/wp-json\/wp\/v2\/media?parent=98846"}],"wp:term":[{"taxonomy":"product_brand","embeddable":true,"href":"https:\/\/secureus.se\/de\/wp-json\/wp\/v2\/product_brand?post=98846"},{"taxonomy":"product_cat","embeddable":true,"href":"https:\/\/secureus.se\/de\/wp-json\/wp\/v2\/product_cat?post=98846"},{"taxonomy":"product_tag","embeddable":true,"href":"https:\/\/secureus.se\/de\/wp-json\/wp\/v2\/product_tag?post=98846"}],"curies":[{"name":"wp","href":"https:\/\/api.w.org\/{rel}","templated":true}]}}