{"id":99616,"date":"2024-10-15T13:31:41","date_gmt":"2024-10-15T11:31:41","guid":{"rendered":"https:\/\/secureus.se\/varmedetektor-4351e-a-system-sensor-78c-konventionell-s300-termisk-detektor-med-fast-temperatur\/"},"modified":"2026-04-09T11:32:52","modified_gmt":"2026-04-09T09:32:52","slug":"varmedetektor-4351e-a-system-sensor-78c-konventionell-s300-termisk-detektor-med-fast-temperatur","status":"publish","type":"product","link":"https:\/\/secureus.se\/de\/varmedetektor-4351e-a-system-sensor-78c-konventionell-s300-termisk-detektor-med-fast-temperatur\/","title":{"rendered":"W\u00e4rmemelder 4351E-A Systemsensor 78 \u00b0C \u2013 Konventioneller S300-W\u00e4rmemelder mit fester Temperatur"},"content":{"rendered":"<h1>W\u00e4rmemelder 4351E-A Systemsensor 78 \u00b0C \u2013 Konventioneller S300-W\u00e4rmemelder mit fester Temperatur<\/h1>\n<p class=\"\" data-start=\"565\" data-end=\"867\">Der System Sensor 4351E-A ist ein konventioneller W\u00e4rmemelder der S300-Serie und bietet eine zuverl\u00e4ssige L\u00f6sung zur Branderkennung in Umgebungen mit schnellen Temperaturschwankungen.<\/p>\n<p class=\"\" data-start=\"565\" data-end=\"867\">Mit einer festen Temperatur von 78 \u00b0C reagiert dieser Melder schnell auf Feuer und Temperatur\u00e4nderungen.<\/p>\n<p class=\"\" data-start=\"869\" data-end=\"1178\">Der Detektor ist mit einem fortschrittlichen Thermoelement und einem anwendungsspezifischen integrierten Schaltkreis (ASIC) ausgestattet, um eine genaue und schnelle Erkennung zu gew\u00e4hrleisten.<\/p>\n<p class=\"\" data-start=\"869\" data-end=\"1178\">Um das Risiko von Fehlalarmen zwischen Wartungsbesuchen zu verringern, ist der Melder au\u00dferdem mit einer staubdichten Kammer mit optimaler Erkennungsleistung ausgestattet.<\/p>\n<p class=\"\" data-start=\"1180\" data-end=\"1510\">Eine zweifarbige LED-Anzeige zeigt den Detektorstatus an (gr\u00fcn f\u00fcr Normalbetrieb, rot f\u00fcr Alarm).<\/p>\n<p class=\"\" data-start=\"1180\" data-end=\"1510\">F\u00fcr eine noch einfachere Wartung kann es in Verbindung mit einem tragbaren Testger\u00e4t verwendet werden, das eine Fernprogrammierung und -pr\u00fcfung des Detektors erm\u00f6glicht.<\/p>\n<p class=\"\" data-start=\"1180\" data-end=\"1510\">Es ist abw\u00e4rtskompatibel mit Basen der Serie 100 und verf\u00fcgt \u00fcber einen breiten Betriebsspannungsbereich von 8\u201330\u00a0VDC.<\/p>","protected":false},"excerpt":{"rendered":"<p>Der 4351E-A ist ein thermischer W\u00e4rmemelder mit einer festen Temperatur von 78 \u00b0C, der eine schnelle und genaue Branderkennung durch Temperaturniveaus und Temperatur\u00e4nderungen bietet.<\/p>\n<p>Es ist ideal f\u00fcr den Einsatz in Umgebungen mit schnellen Temperaturschwankungen.<\/p>","protected":false},"featured_media":136108,"template":"","meta":{"_acf_changed":false},"product_brand":[],"product_cat":[4754,4157],"product_tag":[],"class_list":{"0":"post-99616","1":"product","2":"type-product","3":"status-publish","4":"has-post-thumbnail","6":"product_cat-system-sensor-300-serien","7":"product_cat-varmedetektor","8":"pa_brands-system-sensor","9":"tm-no-options","11":"first","12":"instock","13":"taxable","14":"shipping-taxable","15":"purchasable","16":"product-type-simple"},"acf":[],"_links":{"self":[{"href":"https:\/\/secureus.se\/de\/wp-json\/wp\/v2\/product\/99616","targetHints":{"allow":["GET"]}}],"collection":[{"href":"https:\/\/secureus.se\/de\/wp-json\/wp\/v2\/product"}],"about":[{"href":"https:\/\/secureus.se\/de\/wp-json\/wp\/v2\/types\/product"}],"wp:featuredmedia":[{"embeddable":true,"href":"https:\/\/secureus.se\/de\/wp-json\/wp\/v2\/media\/136108"}],"wp:attachment":[{"href":"https:\/\/secureus.se\/de\/wp-json\/wp\/v2\/media?parent=99616"}],"wp:term":[{"taxonomy":"product_brand","embeddable":true,"href":"https:\/\/secureus.se\/de\/wp-json\/wp\/v2\/product_brand?post=99616"},{"taxonomy":"product_cat","embeddable":true,"href":"https:\/\/secureus.se\/de\/wp-json\/wp\/v2\/product_cat?post=99616"},{"taxonomy":"product_tag","embeddable":true,"href":"https:\/\/secureus.se\/de\/wp-json\/wp\/v2\/product_tag?post=99616"}],"curies":[{"name":"wp","href":"https:\/\/api.w.org\/{rel}","templated":true}]}}