{"id":99619,"date":"2024-10-15T13:31:18","date_gmt":"2024-10-15T11:31:18","guid":{"rendered":"https:\/\/secureus.se\/varmedetektor-5351e-a-58c-system-sensor-konventionell-stighastighetsdetektor-klass-a1r\/"},"modified":"2026-04-09T11:32:54","modified_gmt":"2026-04-09T09:32:54","slug":"varmedetektor-5351e-a-58c-system-sensor-konventionell-stighastighetsdetektor-klass-a1r","status":"publish","type":"product","link":"https:\/\/secureus.se\/de\/varmedetektor-5351e-a-58c-system-sensor-konventionell-stighastighetsdetektor-klass-a1r\/","title":{"rendered":"W\u00e4rmemelder 5351E-A Systemsensor 58 \u00b0C \u2013 Konventioneller Anstiegsratenmelder \u2013 Klasse A1R"},"content":{"rendered":"<h1>W\u00e4rmemelder 5351E-A Systemsensor 58 \u00b0C \u2013 Konventioneller Anstiegsratenmelder \u2013 Klasse A1R<\/h1>\n<p class=\"\" data-start=\"572\" data-end=\"1012\">Der System Sensor 5351E-A ist ein konventioneller W\u00e4rmemelder mit Anstiegsgeschwindigkeit, der Teil der zuverl\u00e4ssigen 300er-Serie ist.<\/p>\n<p class=\"\" data-start=\"572\" data-end=\"1012\">Es ist mit einem anwendungsspezifischen integrierten Schaltkreis (ASIC) und der neuesten Thermoelementtechnologie ausgestattet, um eine schnelle und genaue Branderkennung zu erm\u00f6glichen.<\/p>\n<p class=\"\" data-start=\"572\" data-end=\"1012\">Der Melder ist besonders in Umgebungen n\u00fctzlich, in denen Rauchmelder nicht geeignet sind, wie etwa in K\u00fcchen oder Bars, wo Luftverschmutzung zu Fehlalarmen f\u00fchren kann.<\/p>\n<p class=\"\" data-start=\"1014\" data-end=\"1411\">Der 5351E-A hat eine Betriebstemperatur von 58 \u00b0C und ist programmierbar, um die Empfindlichkeit nach Bedarf anzupassen.<\/p>\n<p class=\"\" data-start=\"1014\" data-end=\"1411\">Es hat einen geringen Stromverbrauch und kann in Systemen verwendet werden, die abw\u00e4rtskompatibel mit Basen der Serie 100 sind.<\/p>\n<p class=\"\" data-start=\"1014\" data-end=\"1411\">Zur einfachen Wartung und Pr\u00fcfung kann er mit einer ferngesteuerten Handtesteinheit verwendet werden, sodass die \u00dcberwachung und Wartung des Detektors einfach ist, ohne ihn von der Basis zu entfernen.<\/p>","protected":false},"excerpt":{"rendered":"<p>Der 5351E-A ist ein thermischer Anstiegsgeschwindigkeitsmelder mit einer Betriebstemperatur von 58 \u00b0C, der f\u00fcr die schnelle und genaue Erkennung von Br\u00e4nden in Umgebungen mit hoher Luftverschmutzung wie Bars und K\u00fcchen konzipiert ist.<\/p>\n<p>Es ist abw\u00e4rtskompatibel mit der Serie 100 und bietet einen geringen Stromverbrauch.<\/p>","protected":false},"featured_media":136606,"template":"","meta":{"_acf_changed":false},"product_brand":[],"product_cat":[4754,4157],"product_tag":[],"class_list":{"0":"post-99619","1":"product","2":"type-product","3":"status-publish","4":"has-post-thumbnail","6":"product_cat-system-sensor-300-serien","7":"product_cat-varmedetektor","8":"pa_brands-system-sensor","9":"tm-no-options","11":"first","12":"onbackorder","13":"taxable","14":"shipping-taxable","15":"purchasable","16":"product-type-simple"},"acf":[],"_links":{"self":[{"href":"https:\/\/secureus.se\/de\/wp-json\/wp\/v2\/product\/99619","targetHints":{"allow":["GET"]}}],"collection":[{"href":"https:\/\/secureus.se\/de\/wp-json\/wp\/v2\/product"}],"about":[{"href":"https:\/\/secureus.se\/de\/wp-json\/wp\/v2\/types\/product"}],"wp:featuredmedia":[{"embeddable":true,"href":"https:\/\/secureus.se\/de\/wp-json\/wp\/v2\/media\/136606"}],"wp:attachment":[{"href":"https:\/\/secureus.se\/de\/wp-json\/wp\/v2\/media?parent=99619"}],"wp:term":[{"taxonomy":"product_brand","embeddable":true,"href":"https:\/\/secureus.se\/de\/wp-json\/wp\/v2\/product_brand?post=99619"},{"taxonomy":"product_cat","embeddable":true,"href":"https:\/\/secureus.se\/de\/wp-json\/wp\/v2\/product_cat?post=99619"},{"taxonomy":"product_tag","embeddable":true,"href":"https:\/\/secureus.se\/de\/wp-json\/wp\/v2\/product_tag?post=99619"}],"curies":[{"name":"wp","href":"https:\/\/api.w.org\/{rel}","templated":true}]}}