{"id":99730,"date":"2024-10-16T12:20:07","date_gmt":"2024-10-16T10:20:07","guid":{"rendered":"https:\/\/secureus.se\/?post_type=product&#038;p=99730"},"modified":"2026-04-08T16:09:57","modified_gmt":"2026-04-08T14:09:57","slug":"fm-5542-kontaktchip-kort-100-pack-blankt-vitt-kort-100-pack","status":"publish","type":"product","link":"https:\/\/secureus.se\/de\/fm-5542-kontaktchip-kort-100-pack-blankt-vitt-kort-100-pack\/","title":{"rendered":"FM 5542 Kontakt-Chipkarte (100er-Packung) Gl\u00e4nzend wei\u00dfe Karte (100er-Packung)"},"content":{"rendered":"<p>Bei diesen wei\u00dfen Blankokarten FM 5542 handelt es sich um Chipkarten mit sichtbarem Kontakt, die zum Drucken und Kodieren geeignet sind.<\/p>\n<ul>\n<li>Verkauft in Packungen mit 100 St\u00fcck<\/li>\n<li>CR80-Kartengr\u00f6\u00dfe (86 mm x 54 mm)<\/li>\n<li>Geeignet f\u00fcr die meisten Plastikkartendrucker<\/li>\n<\/ul>\n<p>\n <strong><br \/>\n Produktgewicht:<br \/>\n 0,59 kg<br \/>\n <\/strong>\n <\/p>","protected":false},"excerpt":{"rendered":"<p>Bei diesen wei\u00dfen Blankokarten FM 5542 handelt es sich um Chipkarten mit sichtbarem Kontakt, die zum Drucken und Kodieren geeignet sind. Verkauft in Packungen mit 100 St\u00fcck. CR80-Kartengr\u00f6\u00dfe (86 mm x 54 mm). Geeignet<\/p>","protected":false},"featured_media":136082,"template":"","meta":{"_acf_changed":false},"product_brand":[],"product_cat":[4232,1711],"product_tag":[4538],"class_list":{"0":"post-99730","1":"product","2":"type-product","3":"status-publish","4":"has-post-thumbnail","6":"product_cat-rfid-kort-legic-pac-fm-5542","7":"product_cat-rfid-kort","8":"product_tag-100-pack-lopnummer-rfid-kort","9":"product_shipping_class-postnord-varubrev","10":"tm-has-options","12":"first","13":"instock","14":"taxable","15":"shipping-taxable","16":"purchasable","17":"product-type-simple"},"acf":[],"_links":{"self":[{"href":"https:\/\/secureus.se\/de\/wp-json\/wp\/v2\/product\/99730","targetHints":{"allow":["GET"]}}],"collection":[{"href":"https:\/\/secureus.se\/de\/wp-json\/wp\/v2\/product"}],"about":[{"href":"https:\/\/secureus.se\/de\/wp-json\/wp\/v2\/types\/product"}],"wp:featuredmedia":[{"embeddable":true,"href":"https:\/\/secureus.se\/de\/wp-json\/wp\/v2\/media\/136082"}],"wp:attachment":[{"href":"https:\/\/secureus.se\/de\/wp-json\/wp\/v2\/media?parent=99730"}],"wp:term":[{"taxonomy":"product_brand","embeddable":true,"href":"https:\/\/secureus.se\/de\/wp-json\/wp\/v2\/product_brand?post=99730"},{"taxonomy":"product_cat","embeddable":true,"href":"https:\/\/secureus.se\/de\/wp-json\/wp\/v2\/product_cat?post=99730"},{"taxonomy":"product_tag","embeddable":true,"href":"https:\/\/secureus.se\/de\/wp-json\/wp\/v2\/product_tag?post=99730"}],"curies":[{"name":"wp","href":"https:\/\/api.w.org\/{rel}","templated":true}]}}