{"id":99787,"date":"2024-10-17T11:47:39","date_gmt":"2024-10-17T09:47:39","guid":{"rendered":"https:\/\/secureus.se\/?post_type=product&#038;p=99787"},"modified":"2025-09-18T12:24:51","modified_gmt":"2025-09-18T10:24:51","slug":"fjaderpaket-tryckesfjader-s3-s4","status":"publish","type":"product","link":"https:\/\/secureus.se\/de\/fjaderpaket-tryckesfjader-s3-s4\/","title":{"rendered":"Federpaket Druckfeder S3\/S4"},"content":{"rendered":"<p>\nErsatzset mit Druckfeder f\u00fcr ASSA ABLOY Schmalprofilzubeh\u00f6r S3 und S4 mit Druck.<\/p>\n<div><b>Enth\u00e4lt:<\/b><\/p>\n<ul>\n<li>Federhalter\/Turmscheibe<\/li>\n<li>Seegerring SGA16<\/li>\n<li>Druckfeder Epoche<\/li>\n<li>Sicherungsscheibe S3, S4 dr\u00fccken<\/li>\n<\/ul>\n<\/div>","protected":false},"excerpt":{"rendered":"<p>Ersatzset mit Druckfeder f\u00fcr ASSA ABLOY Schmalprofilzubeh\u00f6r S3 und S4 mit Druck. Enth\u00e4lt: Federhalter\/Turmscheibe Seeger-Ring SGA16 Druckfeder Epok-Sicherungsscheibe S3, S4 Druck<\/p>","protected":false},"featured_media":137478,"template":"","meta":{"_acf_changed":false},"product_brand":[],"product_cat":[4176],"product_tag":[],"class_list":{"0":"post-99787","1":"product","2":"type-product","3":"status-publish","4":"has-post-thumbnail","6":"product_cat-tillbehor-dorrhandtag","7":"product_shipping_class-postnord-varubrev","8":"pa_brands-abloy","9":"tm-no-options","11":"first","12":"outofstock","13":"taxable","14":"shipping-taxable","15":"purchasable","16":"product-type-simple"},"acf":[],"_links":{"self":[{"href":"https:\/\/secureus.se\/de\/wp-json\/wp\/v2\/product\/99787","targetHints":{"allow":["GET"]}}],"collection":[{"href":"https:\/\/secureus.se\/de\/wp-json\/wp\/v2\/product"}],"about":[{"href":"https:\/\/secureus.se\/de\/wp-json\/wp\/v2\/types\/product"}],"wp:featuredmedia":[{"embeddable":true,"href":"https:\/\/secureus.se\/de\/wp-json\/wp\/v2\/media\/137478"}],"wp:attachment":[{"href":"https:\/\/secureus.se\/de\/wp-json\/wp\/v2\/media?parent=99787"}],"wp:term":[{"taxonomy":"product_brand","embeddable":true,"href":"https:\/\/secureus.se\/de\/wp-json\/wp\/v2\/product_brand?post=99787"},{"taxonomy":"product_cat","embeddable":true,"href":"https:\/\/secureus.se\/de\/wp-json\/wp\/v2\/product_cat?post=99787"},{"taxonomy":"product_tag","embeddable":true,"href":"https:\/\/secureus.se\/de\/wp-json\/wp\/v2\/product_tag?post=99787"}],"curies":[{"name":"wp","href":"https:\/\/api.w.org\/{rel}","templated":true}]}}