{"id":99795,"date":"2024-10-17T11:47:40","date_gmt":"2024-10-17T09:47:40","guid":{"rendered":"https:\/\/secureus.se\/?post_type=product&#038;p=99795"},"modified":"2026-03-25T15:37:00","modified_gmt":"2026-03-25T14:37:00","slug":"tryckespinne-8x71mm","status":"publish","type":"product","link":"https:\/\/secureus.se\/de\/tryckespinne-8x71mm\/","title":{"rendered":"Pressstift 8X71mm"},"content":{"rendered":"","protected":false},"excerpt":{"rendered":"<p>\nSchubstange f\u00fcr T\u00fcrgriff und Schlossgeh\u00e4use mit Ruder 8 mm.<\/p>\n<p><b>Eigenschaften:<\/b><br \/>\n<\/p>\n<ul>\n<li>Durchmesser: 8\u00d78 mm<\/li>\n<li>L\u00e4nge: 71 mm<\/li>\n<li>Kann bei Bedarf zugeschnitten werden, wenn die T\u00fcr d\u00fcnner ist<\/li>\n<\/ul>","protected":false},"featured_media":136043,"template":"","meta":{"_acf_changed":false},"product_brand":[],"product_cat":[4176],"product_tag":[],"class_list":{"0":"post-99795","1":"product","2":"type-product","3":"status-publish","4":"has-post-thumbnail","6":"product_cat-tillbehor-dorrhandtag","7":"product_shipping_class-postnord-varubrev","8":"pa_brands-abloy","9":"tm-no-options","11":"first","12":"instock","13":"taxable","14":"shipping-taxable","15":"purchasable","16":"product-type-simple"},"acf":[],"_links":{"self":[{"href":"https:\/\/secureus.se\/de\/wp-json\/wp\/v2\/product\/99795","targetHints":{"allow":["GET"]}}],"collection":[{"href":"https:\/\/secureus.se\/de\/wp-json\/wp\/v2\/product"}],"about":[{"href":"https:\/\/secureus.se\/de\/wp-json\/wp\/v2\/types\/product"}],"wp:featuredmedia":[{"embeddable":true,"href":"https:\/\/secureus.se\/de\/wp-json\/wp\/v2\/media\/136043"}],"wp:attachment":[{"href":"https:\/\/secureus.se\/de\/wp-json\/wp\/v2\/media?parent=99795"}],"wp:term":[{"taxonomy":"product_brand","embeddable":true,"href":"https:\/\/secureus.se\/de\/wp-json\/wp\/v2\/product_brand?post=99795"},{"taxonomy":"product_cat","embeddable":true,"href":"https:\/\/secureus.se\/de\/wp-json\/wp\/v2\/product_cat?post=99795"},{"taxonomy":"product_tag","embeddable":true,"href":"https:\/\/secureus.se\/de\/wp-json\/wp\/v2\/product_tag?post=99795"}],"curies":[{"name":"wp","href":"https:\/\/api.w.org\/{rel}","templated":true}]}}