{"id":99800,"date":"2024-10-17T11:47:40","date_gmt":"2024-10-17T09:47:40","guid":{"rendered":"https:\/\/secureus.se\/?post_type=product&#038;p=99800"},"modified":"2026-04-08T15:27:59","modified_gmt":"2026-04-08T13:27:59","slug":"tryckespinne-8x145mm-slitsad","status":"publish","type":"product","link":"https:\/\/secureus.se\/de\/tryckespinne-8x145mm-slitsad\/","title":{"rendered":"Pressstift 8X145mm geschlitzt"},"content":{"rendered":"","protected":false},"excerpt":{"rendered":"<p>\nRuderstift f\u00fcr T\u00fcr- und Fenstergriffe, die an Schlossgeh\u00e4usen mit Rudern 8 mm montiert werden.<\/p>\n<p><b>Eigenschaften:<\/b><br \/>\n<\/p>\n<ul>\n<li>Durchmesser: 8\u00d78 mm<\/li>\n<li>L\u00e4nge: 145 mm<\/li>\n<li>Kann bei Bedarf zugeschnitten werden, wenn die T\u00fcr d\u00fcnner ist<\/li>\n<\/ul>","protected":false},"featured_media":136033,"template":"","meta":{"_acf_changed":false},"product_brand":[],"product_cat":[4176],"product_tag":[],"class_list":{"0":"post-99800","1":"product","2":"type-product","3":"status-publish","4":"has-post-thumbnail","6":"product_cat-tillbehor-dorrhandtag","7":"product_shipping_class-postnord-varubrev","8":"pa_brands-sibes","9":"tm-no-options","11":"first","12":"instock","13":"taxable","14":"shipping-taxable","15":"purchasable","16":"product-type-simple"},"acf":[],"_links":{"self":[{"href":"https:\/\/secureus.se\/de\/wp-json\/wp\/v2\/product\/99800","targetHints":{"allow":["GET"]}}],"collection":[{"href":"https:\/\/secureus.se\/de\/wp-json\/wp\/v2\/product"}],"about":[{"href":"https:\/\/secureus.se\/de\/wp-json\/wp\/v2\/types\/product"}],"wp:featuredmedia":[{"embeddable":true,"href":"https:\/\/secureus.se\/de\/wp-json\/wp\/v2\/media\/136033"}],"wp:attachment":[{"href":"https:\/\/secureus.se\/de\/wp-json\/wp\/v2\/media?parent=99800"}],"wp:term":[{"taxonomy":"product_brand","embeddable":true,"href":"https:\/\/secureus.se\/de\/wp-json\/wp\/v2\/product_brand?post=99800"},{"taxonomy":"product_cat","embeddable":true,"href":"https:\/\/secureus.se\/de\/wp-json\/wp\/v2\/product_cat?post=99800"},{"taxonomy":"product_tag","embeddable":true,"href":"https:\/\/secureus.se\/de\/wp-json\/wp\/v2\/product_tag?post=99800"}],"curies":[{"name":"wp","href":"https:\/\/api.w.org\/{rel}","templated":true}]}}