{"id":99807,"date":"2024-10-17T11:47:40","date_gmt":"2024-10-17T09:47:40","guid":{"rendered":"https:\/\/secureus.se\/?post_type=product&#038;p=99807"},"modified":"2026-04-08T15:27:47","modified_gmt":"2026-04-08T13:27:47","slug":"tryckespinne-8x120mm","status":"publish","type":"product","link":"https:\/\/secureus.se\/de\/tryckespinne-8x120mm\/","title":{"rendered":"Pressstift 8X120mm"},"content":{"rendered":"","protected":false},"excerpt":{"rendered":"<p>Schubstange f\u00fcr T\u00fcrgriff und Schlossgeh\u00e4use mit Ruder 8 mm.<\/p>\n<p><b>Eigenschaften:<\/b><\/p>\n<ul>\n<li>Durchmesser: 8\u00d78 mm<\/li>\n<li>L\u00e4nge: 120 mm<\/li>\n<li>F\u00fcr T\u00fcrst\u00e4rke 58-75 mm<\/li>\n<li>Kann bei Bedarf zugeschnitten werden, wenn die T\u00fcr d\u00fcnner ist<\/li>\n<\/ul>","protected":false},"featured_media":159490,"template":"","meta":{"_acf_changed":false},"product_brand":[],"product_cat":[4176],"product_tag":[],"class_list":{"0":"post-99807","1":"product","2":"type-product","3":"status-publish","4":"has-post-thumbnail","6":"product_cat-tillbehor-dorrhandtag","7":"product_shipping_class-postnord-varubrev","8":"pa_brands-abloy","9":"tm-no-options","11":"first","12":"instock","13":"taxable","14":"shipping-taxable","15":"purchasable","16":"product-type-simple"},"acf":[],"_links":{"self":[{"href":"https:\/\/secureus.se\/de\/wp-json\/wp\/v2\/product\/99807","targetHints":{"allow":["GET"]}}],"collection":[{"href":"https:\/\/secureus.se\/de\/wp-json\/wp\/v2\/product"}],"about":[{"href":"https:\/\/secureus.se\/de\/wp-json\/wp\/v2\/types\/product"}],"wp:featuredmedia":[{"embeddable":true,"href":"https:\/\/secureus.se\/de\/wp-json\/wp\/v2\/media\/159490"}],"wp:attachment":[{"href":"https:\/\/secureus.se\/de\/wp-json\/wp\/v2\/media?parent=99807"}],"wp:term":[{"taxonomy":"product_brand","embeddable":true,"href":"https:\/\/secureus.se\/de\/wp-json\/wp\/v2\/product_brand?post=99807"},{"taxonomy":"product_cat","embeddable":true,"href":"https:\/\/secureus.se\/de\/wp-json\/wp\/v2\/product_cat?post=99807"},{"taxonomy":"product_tag","embeddable":true,"href":"https:\/\/secureus.se\/de\/wp-json\/wp\/v2\/product_tag?post=99807"}],"curies":[{"name":"wp","href":"https:\/\/api.w.org\/{rel}","templated":true}]}}