{"id":99866,"date":"2024-10-17T11:47:34","date_gmt":"2024-10-17T09:47:34","guid":{"rendered":"https:\/\/secureus.se\/?post_type=product&#038;p=99866"},"modified":"2026-03-25T15:34:26","modified_gmt":"2026-03-25T14:34:26","slug":"tackbricka-for-langskylt-bp01-krom","status":"publish","type":"product","link":"https:\/\/secureus.se\/de\/tackbricka-for-langskylt-bp01-krom\/","title":{"rendered":"Abdeckplatte f\u00fcr Langschild BP01 Chrom"},"content":{"rendered":"","protected":false},"excerpt":{"rendered":"<div>Abdeckplatte f\u00fcr ROCA-Griff mit Langplatte 301 und 301T. Die Abdeckplatte wird von der R\u00fcckseite der Langplatte montiert und kommt bei Fenstert\u00fcren ohne Zylinder zum Einsatz.<\/div>","protected":false},"featured_media":136141,"template":"","meta":{"_acf_changed":false},"product_brand":[],"product_cat":[4177],"product_tag":[],"class_list":{"0":"post-99866","1":"product","2":"type-product","3":"status-publish","4":"has-post-thumbnail","6":"product_cat-tillbehor-spanjoletthandtag","7":"product_shipping_class-postnord-varubrev","8":"pa_brands-roca","9":"tm-no-options","11":"first","12":"instock","13":"taxable","14":"shipping-taxable","15":"purchasable","16":"product-type-simple"},"acf":[],"_links":{"self":[{"href":"https:\/\/secureus.se\/de\/wp-json\/wp\/v2\/product\/99866","targetHints":{"allow":["GET"]}}],"collection":[{"href":"https:\/\/secureus.se\/de\/wp-json\/wp\/v2\/product"}],"about":[{"href":"https:\/\/secureus.se\/de\/wp-json\/wp\/v2\/types\/product"}],"wp:featuredmedia":[{"embeddable":true,"href":"https:\/\/secureus.se\/de\/wp-json\/wp\/v2\/media\/136141"}],"wp:attachment":[{"href":"https:\/\/secureus.se\/de\/wp-json\/wp\/v2\/media?parent=99866"}],"wp:term":[{"taxonomy":"product_brand","embeddable":true,"href":"https:\/\/secureus.se\/de\/wp-json\/wp\/v2\/product_brand?post=99866"},{"taxonomy":"product_cat","embeddable":true,"href":"https:\/\/secureus.se\/de\/wp-json\/wp\/v2\/product_cat?post=99866"},{"taxonomy":"product_tag","embeddable":true,"href":"https:\/\/secureus.se\/de\/wp-json\/wp\/v2\/product_tag?post=99866"}],"curies":[{"name":"wp","href":"https:\/\/api.w.org\/{rel}","templated":true}]}}