{"id":99881,"date":"2024-10-17T11:47:37","date_gmt":"2024-10-17T09:47:37","guid":{"rendered":"https:\/\/secureus.se\/?post_type=product&#038;p=99881"},"modified":"2026-04-08T15:38:05","modified_gmt":"2026-04-08T13:38:05","slug":"sparranordning-84-vit","status":"publish","type":"product","link":"https:\/\/secureus.se\/de\/sparranordning-84-vit\/","title":{"rendered":"Verriegelungsvorrichtung 84 \u2013 Fix 84 \u2013 Assa Abloy"},"content":{"rendered":"<div>ASSA ABLOY 84 ist eine Verriegelungsvorrichtung f\u00fcr Fenster und Fenstert\u00fcren, bei denen Sie die \u00d6ffnungsposition begrenzen m\u00f6chten.<\/div>\n<div><b><br \/>\nEigenschaften: <\/b><\/div>\n<div>\n<ul>\n<li>Stoppt den Bogen in einer offenen Position, die durch die Position der Arretierung bestimmt wird.<\/li>\n<li>Entriegelbar durch Eindr\u00fccken der federbelasteten Sicherungslasche an der Sicherungsscheibe bei gleichzeitigem Aush\u00e4ngen des Seils.<\/li>\n<li>Passt sowohl rechts als auch links.<\/li>\n<li>Achtung! Nicht f\u00fcr Kinder geeignet<\/li>\n<li>Empfohlene Schraube: TKFX 3,5 mm. (4 St\u00fcck 3,5 \u00d7 25 mm im Lieferumfang enthalten)\n<div><\/div>\n<\/li>\n<\/ul>\n<\/div>\n<div><\/div>\n<div><\/div>","protected":false},"excerpt":{"rendered":"<ul>\n<li>Stoppt den Bogen in einer offenen Position, die durch die Position der Arretierung bestimmt wird.<\/li>\n<li>Entriegelbar durch Eindr\u00fccken der federbelasteten Sicherungslasche an der Sicherungsscheibe bei gleichzeitigem Aush\u00e4ngen des Seils.<\/li>\n<li>Passt sowohl rechts als auch links.<\/li>\n<li>Empfohlene Schraube: TKFX 3,5 mm. (4 St\u00fcck 3,5 \u00d7 25 mm im Lieferumfang enthalten)<\/li>\n<\/ul>","protected":false},"featured_media":158382,"template":"","meta":{"_acf_changed":false},"product_brand":[],"product_cat":[4177],"product_tag":[],"class_list":{"0":"post-99881","1":"product","2":"type-product","3":"status-publish","4":"has-post-thumbnail","6":"product_cat-tillbehor-spanjoletthandtag","7":"product_shipping_class-postnord-varubrev","8":"pa_brands-abloy","9":"tm-no-options","11":"first","12":"instock","13":"sale","14":"taxable","15":"shipping-taxable","16":"purchasable","17":"product-type-simple"},"acf":[],"_links":{"self":[{"href":"https:\/\/secureus.se\/de\/wp-json\/wp\/v2\/product\/99881","targetHints":{"allow":["GET"]}}],"collection":[{"href":"https:\/\/secureus.se\/de\/wp-json\/wp\/v2\/product"}],"about":[{"href":"https:\/\/secureus.se\/de\/wp-json\/wp\/v2\/types\/product"}],"wp:featuredmedia":[{"embeddable":true,"href":"https:\/\/secureus.se\/de\/wp-json\/wp\/v2\/media\/158382"}],"wp:attachment":[{"href":"https:\/\/secureus.se\/de\/wp-json\/wp\/v2\/media?parent=99881"}],"wp:term":[{"taxonomy":"product_brand","embeddable":true,"href":"https:\/\/secureus.se\/de\/wp-json\/wp\/v2\/product_brand?post=99881"},{"taxonomy":"product_cat","embeddable":true,"href":"https:\/\/secureus.se\/de\/wp-json\/wp\/v2\/product_cat?post=99881"},{"taxonomy":"product_tag","embeddable":true,"href":"https:\/\/secureus.se\/de\/wp-json\/wp\/v2\/product_tag?post=99881"}],"curies":[{"name":"wp","href":"https:\/\/api.w.org\/{rel}","templated":true}]}}