{"id":99883,"date":"2024-10-17T11:47:37","date_gmt":"2024-10-17T09:47:37","guid":{"rendered":"https:\/\/secureus.se\/?post_type=product&#038;p=99883"},"modified":"2026-04-08T15:34:18","modified_gmt":"2026-04-08T13:34:18","slug":"handtagskoppling-961","status":"publish","type":"product","link":"https:\/\/secureus.se\/de\/handtagskoppling-961\/","title":{"rendered":"Griffkupplung 961"},"content":{"rendered":"<p>ASSA ABLOY 961 ist eine Griffkupplung f\u00fcr verbundene Fenstert\u00fcren, die auf beiden Seiten Griffe haben m\u00fcssen. Bei \u00dcberlastung des Au\u00dfendr\u00fcckers bei verriegeltem Innendr\u00fccker bricht die Kupplung, wodurch der Au\u00dfendr\u00fccker au\u00dfer Betrieb gesetzt wird. Ein wirksamer Einbruchschutz.<\/p>\n<div>\n<p><b>Eigenschaften:<\/b><\/p>\n<ul>\n<li>Breite: 22 mm<\/li>\n<li>L\u00e4nge: 60 mm<\/li>\n<li>Dicke 1,5 mm<\/li>\n<li>Anschlussdurchmesser: \u00d8 16 mm<\/li>\n<li>Passend f\u00fcr Griffe mit 8 mm Stift<\/li>\n<li>Empfohlene Schraube: TFX 3,0 mm<\/li>\n<\/ul>\n<\/div>\n<div><\/div>","protected":false},"excerpt":{"rendered":"<p>ASSA ABLOY 961 ist eine Griffkupplung f\u00fcr verbundene Fenstert\u00fcren, die beidseitig Griffe haben m\u00fcssen. Bei \u00dcberlastung des Au\u00dfendr\u00fcckers bei verriegeltem Innendr\u00fccker bricht die Kupplung, wodurch der Au\u00dfendr\u00fccker au\u00dfer Betrieb gesetzt wird.<\/p>","protected":false},"featured_media":136874,"template":"","meta":{"_acf_changed":false},"product_brand":[],"product_cat":[4177],"product_tag":[],"class_list":{"0":"post-99883","1":"product","2":"type-product","3":"status-publish","4":"has-post-thumbnail","6":"product_cat-tillbehor-spanjoletthandtag","7":"product_shipping_class-postnord-varubrev","8":"pa_brands-abloy","9":"tm-no-options","11":"first","12":"instock","13":"taxable","14":"shipping-taxable","15":"purchasable","16":"product-type-simple"},"acf":[],"_links":{"self":[{"href":"https:\/\/secureus.se\/de\/wp-json\/wp\/v2\/product\/99883","targetHints":{"allow":["GET"]}}],"collection":[{"href":"https:\/\/secureus.se\/de\/wp-json\/wp\/v2\/product"}],"about":[{"href":"https:\/\/secureus.se\/de\/wp-json\/wp\/v2\/types\/product"}],"wp:featuredmedia":[{"embeddable":true,"href":"https:\/\/secureus.se\/de\/wp-json\/wp\/v2\/media\/136874"}],"wp:attachment":[{"href":"https:\/\/secureus.se\/de\/wp-json\/wp\/v2\/media?parent=99883"}],"wp:term":[{"taxonomy":"product_brand","embeddable":true,"href":"https:\/\/secureus.se\/de\/wp-json\/wp\/v2\/product_brand?post=99883"},{"taxonomy":"product_cat","embeddable":true,"href":"https:\/\/secureus.se\/de\/wp-json\/wp\/v2\/product_cat?post=99883"},{"taxonomy":"product_tag","embeddable":true,"href":"https:\/\/secureus.se\/de\/wp-json\/wp\/v2\/product_tag?post=99883"}],"curies":[{"name":"wp","href":"https:\/\/api.w.org\/{rel}","templated":true}]}}