{"id":99885,"date":"2024-10-17T11:47:37","date_gmt":"2024-10-17T09:47:37","guid":{"rendered":"https:\/\/secureus.se\/?post_type=product&#038;p=99885"},"modified":"2026-04-23T12:00:34","modified_gmt":"2026-04-23T10:00:34","slug":"handtagssparr-kisi2-f-u26-for-7mm-sprint-f1-silver","status":"publish","type":"product","link":"https:\/\/secureus.se\/de\/handtagssparr-kisi2-f-u26-for-7mm-sprint-f1-silver\/","title":{"rendered":"Griffschloss KISI2 F U26 f\u00fcr 7mm Sprint F1 Silber"},"content":{"rendered":"<p>KISI2 F U26 ist ein kindersicheres und zugelassenes Griffschloss. Geeignet f\u00fcr Aluminium-Fenstergriffe mit B\u00fcgel U26.<\/p>\n<p><b>Eigenschaften:<\/b><\/p>\n<ul>\n<li>Zugelassen nach SS 3587 und nach der Nordtest-Methode NT CONS 018<\/li>\n<li>Verriegelungsposition: 180\u00b0 mit automatischer Verriegelung<\/li>\n<li>F\u00fcr Stiftdurchmesser: 7 mm<\/li>\n<li>Griffverriegelung: Zamak, F\u00fchrungsstifte<\/li>\n<li>Sprint: f\u00fcr HOPPE solider Sprint<\/li>\n<li>Montage: verdeckt, f\u00fcr Fenstergriffrosette mit F\u00fchrungsstiften \u00d8 10 mm,<\/li>\n<li>Wird zwischen Fenstergriff und Fensterrahmen montiert<\/li>\n<li>Die Bedienung ist nur m\u00f6glich, wenn beide Verriegelungstasten gleichzeitig gedr\u00fcckt werden<\/li>\n<\/ul>","protected":false},"excerpt":{"rendered":"<p>KISI2 F U26 ist ein kindersicheres und zugelassenes Griffschloss. Geeignet f\u00fcr Aluminium-Fenstergriffe mit B\u00fcgel U26. Eigenschaften: Zugelassen nach SS 3587 und nach der Nordtest-Methode NT CONS<\/p>","protected":false},"featured_media":136863,"template":"","meta":{"_acf_changed":false},"product_brand":[],"product_cat":[4177],"product_tag":[],"class_list":{"0":"post-99885","1":"product","2":"type-product","3":"status-publish","4":"has-post-thumbnail","6":"product_cat-tillbehor-spanjoletthandtag","7":"product_shipping_class-postnord-varubrev","8":"pa_brands-hoppe","9":"tm-no-options","11":"first","12":"instock","13":"sale","14":"taxable","15":"shipping-taxable","16":"purchasable","17":"product-type-simple"},"acf":[],"_links":{"self":[{"href":"https:\/\/secureus.se\/de\/wp-json\/wp\/v2\/product\/99885","targetHints":{"allow":["GET"]}}],"collection":[{"href":"https:\/\/secureus.se\/de\/wp-json\/wp\/v2\/product"}],"about":[{"href":"https:\/\/secureus.se\/de\/wp-json\/wp\/v2\/types\/product"}],"wp:featuredmedia":[{"embeddable":true,"href":"https:\/\/secureus.se\/de\/wp-json\/wp\/v2\/media\/136863"}],"wp:attachment":[{"href":"https:\/\/secureus.se\/de\/wp-json\/wp\/v2\/media?parent=99885"}],"wp:term":[{"taxonomy":"product_brand","embeddable":true,"href":"https:\/\/secureus.se\/de\/wp-json\/wp\/v2\/product_brand?post=99885"},{"taxonomy":"product_cat","embeddable":true,"href":"https:\/\/secureus.se\/de\/wp-json\/wp\/v2\/product_cat?post=99885"},{"taxonomy":"product_tag","embeddable":true,"href":"https:\/\/secureus.se\/de\/wp-json\/wp\/v2\/product_tag?post=99885"}],"curies":[{"name":"wp","href":"https:\/\/api.w.org\/{rel}","templated":true}]}}