{"id":99896,"date":"2024-10-17T11:47:37","date_gmt":"2024-10-17T09:47:37","guid":{"rendered":"https:\/\/secureus.se\/?post_type=product&#038;p=99896"},"modified":"2026-04-23T11:59:38","modified_gmt":"2026-04-23T09:59:38","slug":"trekanttapp-56","status":"publish","type":"product","link":"https:\/\/secureus.se\/de\/trekanttapp-56\/","title":{"rendered":"Dreieckszapfen 56"},"content":{"rendered":"<p>ASSA ABLOY 56 ist ein Dreikantstift f\u00fcr Spaniels, der mit dem Dreikantschl\u00fcssel 145 bet\u00e4tigt werden muss. Nicht empfohlen, wenn die Gefahr einer Selbst\u00f6ffnung besteht (Sicherung 805 und Dreikantgriff 811 verwenden).<\/p>\n<p><b>Eigenschaften:<\/b><\/p>\n<ul>\n<li>Aus geh\u00e4rtetem, verzinktem Stahl.<\/li>\n<li>Wird im spanischen Ruderger\u00e4t angebracht und mit der dazugeh\u00f6rigen Schraube befestigt.<\/li>\n<\/ul>","protected":false},"excerpt":{"rendered":"<p>ASSA ABLOY 56 ist ein Dreikantstift f\u00fcr Spaniels, der mit dem Dreikantschl\u00fcssel 145 bet\u00e4tigt werden muss. Nicht empfohlen, wenn die Gefahr einer Selbst\u00f6ffnung besteht (Sicherheitsvorrichtung 805 und Dreikantgriff 811 verwenden). Eigenschaften: Hergestellt in<\/p>","protected":false},"featured_media":136839,"template":"","meta":{"_acf_changed":false},"product_brand":[],"product_cat":[4177],"product_tag":[],"class_list":{"0":"post-99896","1":"product","2":"type-product","3":"status-publish","4":"has-post-thumbnail","6":"product_cat-tillbehor-spanjoletthandtag","7":"product_shipping_class-postnord-varubrev","8":"pa_brands-abloy","9":"tm-no-options","11":"first","12":"instock","13":"sale","14":"taxable","15":"shipping-taxable","16":"purchasable","17":"product-type-simple"},"acf":[],"_links":{"self":[{"href":"https:\/\/secureus.se\/de\/wp-json\/wp\/v2\/product\/99896","targetHints":{"allow":["GET"]}}],"collection":[{"href":"https:\/\/secureus.se\/de\/wp-json\/wp\/v2\/product"}],"about":[{"href":"https:\/\/secureus.se\/de\/wp-json\/wp\/v2\/types\/product"}],"wp:featuredmedia":[{"embeddable":true,"href":"https:\/\/secureus.se\/de\/wp-json\/wp\/v2\/media\/136839"}],"wp:attachment":[{"href":"https:\/\/secureus.se\/de\/wp-json\/wp\/v2\/media?parent=99896"}],"wp:term":[{"taxonomy":"product_brand","embeddable":true,"href":"https:\/\/secureus.se\/de\/wp-json\/wp\/v2\/product_brand?post=99896"},{"taxonomy":"product_cat","embeddable":true,"href":"https:\/\/secureus.se\/de\/wp-json\/wp\/v2\/product_cat?post=99896"},{"taxonomy":"product_tag","embeddable":true,"href":"https:\/\/secureus.se\/de\/wp-json\/wp\/v2\/product_tag?post=99896"}],"curies":[{"name":"wp","href":"https:\/\/api.w.org\/{rel}","templated":true}]}}