{"id":99902,"date":"2024-10-17T11:47:38","date_gmt":"2024-10-17T09:47:38","guid":{"rendered":"https:\/\/secureus.se\/?post_type=product&#038;p=99902"},"modified":"2026-04-01T14:40:55","modified_gmt":"2026-04-01T12:40:55","slug":"tackbricka-823-rostfritt","status":"publish","type":"product","link":"https:\/\/secureus.se\/de\/tackbricka-823-rostfritt\/","title":{"rendered":"Abdeckscheibe 823 Edelstahl"},"content":{"rendered":"<p>ASSA ABLOY 823 ist eine Abdeckplatte f\u00fcr Tischlerarbeiten, bei denen L\u00f6cher f\u00fcr Griffe abgedeckt werden m\u00fcssen.<\/p>\n<p><b>Eigenschaften:<\/b><\/p>\n<ul>\n<li>Breite: 23 mm<\/li>\n<li>H\u00f6he: 60 mm<\/li>\n<li>Hat die gleichen Abmessungen wie 1857 und 1857T<\/li>\n<li>Empfohlene Schraube: TKFX 3,0 mm. F\u00fcr die Au\u00dfenmontage verwenden Sie die entsprechende Einwegschraube.<\/li>\n<\/ul>","protected":false},"excerpt":{"rendered":"<p>ASSA ABLOY 823 ist eine Abdeckplatte f\u00fcr Tischlerarbeiten, bei denen L\u00f6cher f\u00fcr Griffe abgedeckt werden m\u00fcssen. Eigenschaften: Breite: 23 mm H\u00f6he: 60 mm Hat die gleichen Abmessungen wie 1857 und 1857T Empfohlene Schraube:<\/p>","protected":false},"featured_media":137526,"template":"","meta":{"_acf_changed":false},"product_brand":[],"product_cat":[4177],"product_tag":[],"class_list":{"0":"post-99902","1":"product","2":"type-product","3":"status-publish","4":"has-post-thumbnail","6":"product_cat-tillbehor-spanjoletthandtag","7":"product_shipping_class-postnord-varubrev","8":"pa_brands-abloy","9":"tm-no-options","11":"first","12":"instock","13":"taxable","14":"shipping-taxable","15":"purchasable","16":"product-type-simple"},"acf":[],"_links":{"self":[{"href":"https:\/\/secureus.se\/de\/wp-json\/wp\/v2\/product\/99902","targetHints":{"allow":["GET"]}}],"collection":[{"href":"https:\/\/secureus.se\/de\/wp-json\/wp\/v2\/product"}],"about":[{"href":"https:\/\/secureus.se\/de\/wp-json\/wp\/v2\/types\/product"}],"wp:featuredmedia":[{"embeddable":true,"href":"https:\/\/secureus.se\/de\/wp-json\/wp\/v2\/media\/137526"}],"wp:attachment":[{"href":"https:\/\/secureus.se\/de\/wp-json\/wp\/v2\/media?parent=99902"}],"wp:term":[{"taxonomy":"product_brand","embeddable":true,"href":"https:\/\/secureus.se\/de\/wp-json\/wp\/v2\/product_brand?post=99902"},{"taxonomy":"product_cat","embeddable":true,"href":"https:\/\/secureus.se\/de\/wp-json\/wp\/v2\/product_cat?post=99902"},{"taxonomy":"product_tag","embeddable":true,"href":"https:\/\/secureus.se\/de\/wp-json\/wp\/v2\/product_tag?post=99902"}],"curies":[{"name":"wp","href":"https:\/\/api.w.org\/{rel}","templated":true}]}}