{"id":99906,"date":"2024-10-17T11:47:38","date_gmt":"2024-10-17T09:47:38","guid":{"rendered":"https:\/\/secureus.se\/?post_type=product&#038;p=99906"},"modified":"2026-03-25T15:32:57","modified_gmt":"2026-03-25T14:32:57","slug":"forhojningsdel-4986-8mm-vit","status":"publish","type":"product","link":"https:\/\/secureus.se\/de\/forhojningsdel-4986-8mm-vit\/","title":{"rendered":"Verl\u00e4ngerungsteil 4986 8mm Wei\u00df"},"content":{"rendered":"","protected":false},"excerpt":{"rendered":"<p>\nASSA ABLOY 4986 ist ein Verl\u00e4ngerungsteil\/Zylinderverl\u00e4ngerung aus wei\u00dfem Kunststoff zur Montage eines Zylinders. Dicke 8 mm. Wird unter anderem f\u00fcr die Vinga-Serie verwendet.<\/p>","protected":false},"featured_media":136271,"template":"","meta":{"_acf_changed":false},"product_brand":[],"product_cat":[4177],"product_tag":[],"class_list":{"0":"post-99906","1":"product","2":"type-product","3":"status-publish","4":"has-post-thumbnail","6":"product_cat-tillbehor-spanjoletthandtag","7":"product_shipping_class-postnord-varubrev","8":"pa_brands-abloy","9":"tm-no-options","11":"first","12":"instock","13":"taxable","14":"shipping-taxable","15":"purchasable","16":"product-type-simple"},"acf":[],"_links":{"self":[{"href":"https:\/\/secureus.se\/de\/wp-json\/wp\/v2\/product\/99906","targetHints":{"allow":["GET"]}}],"collection":[{"href":"https:\/\/secureus.se\/de\/wp-json\/wp\/v2\/product"}],"about":[{"href":"https:\/\/secureus.se\/de\/wp-json\/wp\/v2\/types\/product"}],"wp:featuredmedia":[{"embeddable":true,"href":"https:\/\/secureus.se\/de\/wp-json\/wp\/v2\/media\/136271"}],"wp:attachment":[{"href":"https:\/\/secureus.se\/de\/wp-json\/wp\/v2\/media?parent=99906"}],"wp:term":[{"taxonomy":"product_brand","embeddable":true,"href":"https:\/\/secureus.se\/de\/wp-json\/wp\/v2\/product_brand?post=99906"},{"taxonomy":"product_cat","embeddable":true,"href":"https:\/\/secureus.se\/de\/wp-json\/wp\/v2\/product_cat?post=99906"},{"taxonomy":"product_tag","embeddable":true,"href":"https:\/\/secureus.se\/de\/wp-json\/wp\/v2\/product_tag?post=99906"}],"curies":[{"name":"wp","href":"https:\/\/api.w.org\/{rel}","templated":true}]}}