{"id":99918,"date":"2024-10-17T11:47:38","date_gmt":"2024-10-17T09:47:38","guid":{"rendered":"https:\/\/secureus.se\/?post_type=product&#038;p=99918"},"modified":"2026-03-25T15:39:47","modified_gmt":"2026-03-25T14:39:47","slug":"handtagskoppling-833-16","status":"publish","type":"product","link":"https:\/\/secureus.se\/de\/handtagskoppling-833-16\/","title":{"rendered":"Griffkupplung 833-16"},"content":{"rendered":"<p>ASSA ABLOY 833-16 ist eine Griffverbindung f\u00fcr eine Fenstert\u00fcr, die auf beiden Seiten Griffe haben muss. F\u00fcr einfachen Bogen. Bei \u00dcberlastung des Au\u00dfendr\u00fcckers bei verriegeltem Innendr\u00fccker bricht die Kupplung. Der Au\u00dfengriff wird dadurch au\u00dfer Kraft gesetzt. Ein wirksamer Einbruchschutz.<\/p>\n<div><b>\u00a0<\/b><\/div>\n<div>\n<p><b>Eigenschaften:<\/b><\/p>\n<ul>\n<li>Durchmesser: \u00d8 16 mm<\/li>\n<li>L\u00e4nge: 16 mm<\/li>\n<li>Passend f\u00fcr Griffe mit 8 mm Stift<\/li>\n<\/ul>\n<\/div>","protected":false},"excerpt":{"rendered":"<p>ASSA ABLOY 833-16 ist eine Griffverbindung f\u00fcr eine Fenstert\u00fcr, die auf beiden Seiten Griffe haben muss. F\u00fcr einfachen Bogen. Bei \u00dcberlastung des Au\u00dfendr\u00fcckers bei verriegeltem Innendr\u00fccker bricht die Kupplung. Durch diesen wird der Au\u00dfengriff gesteckt<\/p>","protected":false},"featured_media":137510,"template":"","meta":{"_acf_changed":false},"product_brand":[],"product_cat":[4177],"product_tag":[],"class_list":{"0":"post-99918","1":"product","2":"type-product","3":"status-publish","4":"has-post-thumbnail","6":"product_cat-tillbehor-spanjoletthandtag","7":"product_shipping_class-postnord-varubrev","8":"pa_brands-abloy","9":"tm-no-options","11":"first","12":"instock","13":"taxable","14":"shipping-taxable","15":"purchasable","16":"product-type-simple"},"acf":[],"_links":{"self":[{"href":"https:\/\/secureus.se\/de\/wp-json\/wp\/v2\/product\/99918","targetHints":{"allow":["GET"]}}],"collection":[{"href":"https:\/\/secureus.se\/de\/wp-json\/wp\/v2\/product"}],"about":[{"href":"https:\/\/secureus.se\/de\/wp-json\/wp\/v2\/types\/product"}],"wp:featuredmedia":[{"embeddable":true,"href":"https:\/\/secureus.se\/de\/wp-json\/wp\/v2\/media\/137510"}],"wp:attachment":[{"href":"https:\/\/secureus.se\/de\/wp-json\/wp\/v2\/media?parent=99918"}],"wp:term":[{"taxonomy":"product_brand","embeddable":true,"href":"https:\/\/secureus.se\/de\/wp-json\/wp\/v2\/product_brand?post=99918"},{"taxonomy":"product_cat","embeddable":true,"href":"https:\/\/secureus.se\/de\/wp-json\/wp\/v2\/product_cat?post=99918"},{"taxonomy":"product_tag","embeddable":true,"href":"https:\/\/secureus.se\/de\/wp-json\/wp\/v2\/product_tag?post=99918"}],"curies":[{"name":"wp","href":"https:\/\/api.w.org\/{rel}","templated":true}]}}