{"id":99925,"date":"2024-10-17T11:47:38","date_gmt":"2024-10-17T09:47:38","guid":{"rendered":"https:\/\/secureus.se\/?post_type=product&#038;p=99925"},"modified":"2026-03-25T15:37:36","modified_gmt":"2026-03-25T14:37:36","slug":"sakerhetsanordning-805-7x43-krom","status":"publish","type":"product","link":"https:\/\/secureus.se\/de\/sakerhetsanordning-805-7x43-krom\/","title":{"rendered":"Sicherheitsvorrichtung 805 7X43 Chrom"},"content":{"rendered":"<p>\nASA ABLOY 805 ist eine Sicherheitst\u00fcr, die anstelle von Griffen an Fenstern, Fenstert\u00fcren und Schrankt\u00fcren mit Spaniel verwendet wird, wo Kindersicherheit oder Schutz vor unbefugtem \u00d6ffnen gew\u00fcnscht ist. Geeignet in Treppenh\u00e4usern, Fluren, Krankenh\u00e4usern, Kinderh\u00e4usern oder \u00c4hnlichem. Als kindersicherer Sicherheitsbeschlag bauartgepr\u00fcft. Um den Dreiecksstift herum befindet sich eine federbelastete Sicherungsscheibe. Dieser muss in eine pr\u00e4zise Position gedr\u00fcckt werden, damit der Stift gedreht werden kann und auf den Spaniel einwirken kann.<\/p>\n<div><\/div>\n<div><b>Eigenschaften:<\/b><\/p>\n<ul>\n<li>Als kindersicherer Sicherheitsbeschlag bauartgepr\u00fcft.<\/li>\n<li>Passender Griff 811<\/li>\n<li>Sprint 7x 33\/43mm aus geh\u00e4rtetem Stahl. (Hinweis: schwer zu schneiden.)<\/li>\n<li>Auch mit 8 mm Stift erh\u00e4ltlich<\/li>\n<li>Schlossgeh\u00e4use aus verchromtem Zamak-Metall.<\/li>\n<li>Breite: 25 mm<\/li>\n<li>H\u00f6he: 62 mm<\/li>\n<li>C\/C-Aufsatz: 43 mm<\/li>\n<\/ul>\n<\/div>","protected":false},"excerpt":{"rendered":"<p>ASA ABLOY 805 ist eine Sicherheitst\u00fcr, die anstelle von Griffen an Fenstern, Fenstert\u00fcren und Schrankt\u00fcren mit Spaniel verwendet wird, wo Kindersicherheit oder Schutz vor unbefugtem \u00d6ffnen gew\u00fcnscht ist. Geeignet f\u00fcr Treppenh\u00e4user, Flure,<\/p>","protected":false},"featured_media":137503,"template":"","meta":{"_acf_changed":false},"product_brand":[],"product_cat":[4177],"product_tag":[],"class_list":{"0":"post-99925","1":"product","2":"type-product","3":"status-publish","4":"has-post-thumbnail","6":"product_cat-tillbehor-spanjoletthandtag","7":"product_shipping_class-postnord-varubrev","8":"pa_brands-abloy","9":"tm-no-options","11":"first","12":"instock","13":"taxable","14":"shipping-taxable","15":"purchasable","16":"product-type-simple"},"acf":[],"_links":{"self":[{"href":"https:\/\/secureus.se\/de\/wp-json\/wp\/v2\/product\/99925","targetHints":{"allow":["GET"]}}],"collection":[{"href":"https:\/\/secureus.se\/de\/wp-json\/wp\/v2\/product"}],"about":[{"href":"https:\/\/secureus.se\/de\/wp-json\/wp\/v2\/types\/product"}],"wp:featuredmedia":[{"embeddable":true,"href":"https:\/\/secureus.se\/de\/wp-json\/wp\/v2\/media\/137503"}],"wp:attachment":[{"href":"https:\/\/secureus.se\/de\/wp-json\/wp\/v2\/media?parent=99925"}],"wp:term":[{"taxonomy":"product_brand","embeddable":true,"href":"https:\/\/secureus.se\/de\/wp-json\/wp\/v2\/product_brand?post=99925"},{"taxonomy":"product_cat","embeddable":true,"href":"https:\/\/secureus.se\/de\/wp-json\/wp\/v2\/product_cat?post=99925"},{"taxonomy":"product_tag","embeddable":true,"href":"https:\/\/secureus.se\/de\/wp-json\/wp\/v2\/product_tag?post=99925"}],"curies":[{"name":"wp","href":"https:\/\/api.w.org\/{rel}","templated":true}]}}