{"id":99930,"date":"2024-10-17T11:47:38","date_gmt":"2024-10-17T09:47:38","guid":{"rendered":"https:\/\/secureus.se\/?post_type=product&#038;p=99930"},"modified":"2026-03-25T15:37:15","modified_gmt":"2026-03-25T14:37:15","slug":"barnsakerhetssparr-184-svart","status":"publish","type":"product","link":"https:\/\/secureus.se\/de\/barnsakerhetssparr-184-svart\/","title":{"rendered":"Kindersicherung FIX 184 Schwarz \u2013 Assa Abloy"},"content":{"rendered":"<div>ASSA ABLOY 184 ist eine Kindersicherung f\u00fcr Fenster und Fenstert\u00fcren, bei denen Sie die \u00d6ffnungsposition begrenzen m\u00f6chten.<\/div>\n<div><b><br \/>\nEigenschaften:<\/b><\/div>\n<div>\n<ul>\n<li>Erf\u00fcllt die Anforderungen gem\u00e4\u00df SS 3587 bez\u00fcglich Kinderschutz.<\/li>\n<li>Linie aus mit Kunststoff umwickeltem Draht<\/li>\n<li>Schutzh\u00fclle aus pulverbeschichtetem Stahl, \u00fcbrige Teile aus Acetal-Kunststoff.<\/li>\n<li>Stoppt den Bogen in einer offenen Position, die durch die Position der Arretierung bestimmt wird.<\/li>\n<li>Entriegelbar durch Eindr\u00fccken der federbelasteten Sicherungslasche an der Sicherungsscheibe bei gleichzeitigem Aush\u00e4ngen des Seils.<\/li>\n<li>Empfohlene Schraube: TKFX 3,5 mm.<\/li>\n<\/ul>\n<\/div>","protected":false},"excerpt":{"rendered":"<p>ASSA ABLOY 184 ist eine Kindersicherung f\u00fcr Fenster und Fenstert\u00fcren, bei denen Sie die \u00d6ffnungsposition begrenzen m\u00f6chten. Merkmale: Erf\u00fcllt die Anforderungen gem\u00e4\u00df SS 3587 bez\u00fcglich Kinderschutz. Leitung aus kunststoffumwickeltem Draht. Schutzh\u00fclle aus pulverbeschichtetem<\/p>","protected":false},"featured_media":136822,"template":"","meta":{"_acf_changed":false},"product_brand":[],"product_cat":[4177],"product_tag":[],"class_list":{"0":"post-99930","1":"product","2":"type-product","3":"status-publish","4":"has-post-thumbnail","6":"product_cat-tillbehor-spanjoletthandtag","7":"product_shipping_class-postnord-varubrev","8":"pa_brands-abloy","9":"tm-no-options","11":"first","12":"instock","13":"sale","14":"taxable","15":"shipping-taxable","16":"purchasable","17":"product-type-simple"},"acf":[],"_links":{"self":[{"href":"https:\/\/secureus.se\/de\/wp-json\/wp\/v2\/product\/99930","targetHints":{"allow":["GET"]}}],"collection":[{"href":"https:\/\/secureus.se\/de\/wp-json\/wp\/v2\/product"}],"about":[{"href":"https:\/\/secureus.se\/de\/wp-json\/wp\/v2\/types\/product"}],"wp:featuredmedia":[{"embeddable":true,"href":"https:\/\/secureus.se\/de\/wp-json\/wp\/v2\/media\/136822"}],"wp:attachment":[{"href":"https:\/\/secureus.se\/de\/wp-json\/wp\/v2\/media?parent=99930"}],"wp:term":[{"taxonomy":"product_brand","embeddable":true,"href":"https:\/\/secureus.se\/de\/wp-json\/wp\/v2\/product_brand?post=99930"},{"taxonomy":"product_cat","embeddable":true,"href":"https:\/\/secureus.se\/de\/wp-json\/wp\/v2\/product_cat?post=99930"},{"taxonomy":"product_tag","embeddable":true,"href":"https:\/\/secureus.se\/de\/wp-json\/wp\/v2\/product_tag?post=99930"}],"curies":[{"name":"wp","href":"https:\/\/api.w.org\/{rel}","templated":true}]}}