{"id":99938,"date":"2024-10-17T11:47:39","date_gmt":"2024-10-17T09:47:39","guid":{"rendered":"https:\/\/secureus.se\/?post_type=product&#038;p=99938"},"modified":"2026-03-25T15:39:03","modified_gmt":"2026-03-25T14:39:03","slug":"handtagssparr-850-krom","status":"publish","type":"product","link":"https:\/\/secureus.se\/de\/handtagssparr-850-krom\/","title":{"rendered":"Griffschloss 850 Chrom"},"content":{"rendered":"<p>\nASSA ABLOY 850 ist ein typgenehmigtes Fensterschloss f\u00fcr Fensterinnent\u00fcren, die gem\u00e4\u00df den Bauvorschriften der schwedischen Wohnungsbeh\u00f6rde \u00fcber Sicherheitsbeschl\u00e4ge verf\u00fcgen m\u00fcssen.<\/p>\n<p><b>Eigenschaften:<\/b><br \/>\n<\/p>\n<ul>\n<li>Verriegelt den Griff automatisch, wenn er in die geschlossene Position gedreht wird<\/li>\n<li>Zum \u00d6ffnen muss der Riegel angehoben und gleichzeitig der Griff gedreht werden<\/li>\n<li>Verriegelungsgeh\u00e4use aus Zamak-Metall.<\/li>\n<li>Fingergriff aus Polyamid, wei\u00df.<\/li>\n<\/ul>","protected":false},"excerpt":{"rendered":"<p>ASSA ABLOY 850 ist ein typgenehmigtes Fensterschloss f\u00fcr Fensterinnent\u00fcren, die gem\u00e4\u00df den Bauvorschriften der schwedischen Wohnungsbeh\u00f6rde \u00fcber Sicherheitsbeschl\u00e4ge verf\u00fcgen m\u00fcssen. Merkmale: Verriegelt den Griff automatisch, wenn er in die geschlossene Position gedreht wird. Zum \u00d6ffnen<\/p>","protected":false},"featured_media":136793,"template":"","meta":{"_acf_changed":false},"product_brand":[],"product_cat":[4177],"product_tag":[],"class_list":{"0":"post-99938","1":"product","2":"type-product","3":"status-publish","4":"has-post-thumbnail","6":"product_cat-tillbehor-spanjoletthandtag","7":"product_shipping_class-postnord-varubrev","8":"pa_brands-abloy","9":"tm-no-options","11":"first","12":"instock","13":"taxable","14":"shipping-taxable","15":"purchasable","16":"product-type-simple"},"acf":[],"_links":{"self":[{"href":"https:\/\/secureus.se\/de\/wp-json\/wp\/v2\/product\/99938","targetHints":{"allow":["GET"]}}],"collection":[{"href":"https:\/\/secureus.se\/de\/wp-json\/wp\/v2\/product"}],"about":[{"href":"https:\/\/secureus.se\/de\/wp-json\/wp\/v2\/types\/product"}],"wp:featuredmedia":[{"embeddable":true,"href":"https:\/\/secureus.se\/de\/wp-json\/wp\/v2\/media\/136793"}],"wp:attachment":[{"href":"https:\/\/secureus.se\/de\/wp-json\/wp\/v2\/media?parent=99938"}],"wp:term":[{"taxonomy":"product_brand","embeddable":true,"href":"https:\/\/secureus.se\/de\/wp-json\/wp\/v2\/product_brand?post=99938"},{"taxonomy":"product_cat","embeddable":true,"href":"https:\/\/secureus.se\/de\/wp-json\/wp\/v2\/product_cat?post=99938"},{"taxonomy":"product_tag","embeddable":true,"href":"https:\/\/secureus.se\/de\/wp-json\/wp\/v2\/product_tag?post=99938"}],"curies":[{"name":"wp","href":"https:\/\/api.w.org\/{rel}","templated":true}]}}