{"id":82981,"date":"2023-09-05T11:23:42","date_gmt":"2023-09-05T09:23:42","guid":{"rendered":"https:\/\/secureus.se\/?page_id=82981"},"modified":"2025-09-17T14:06:09","modified_gmt":"2025-09-17T12:06:09","slug":"frakt-leverans","status":"publish","type":"page","link":"https:\/\/secureus.se\/dk\/frakt-leverans\/","title":{"rendered":"Forsendelse &amp; Levering"},"content":{"rendered":"<div class=\"wpb-content-wrapper\"><div class=\"vc_row wpb_row vc_row-fluid\"><div class=\"wpb_column vc_column_container vc_col-sm-12\"><div class=\"vc_column-inner\"><div class=\"wpb_wrapper\">\n\t<div class=\"wpb_text_column wpb_content_element\" >\n\t\t<div class=\"wpb_wrapper\">\n\t\t\t<h2 id=\"h-snabbt-smidigt-och-sakert-fran-bestallning-till-leverans\" class=\"wp-block-heading\"><strong>Hurtigt, smidigt og sikkert - fra bestilling til levering<\/strong><\/h2>\n<p>Vi tilbyder smidig forsendelse og levering og gratis forsendelse for alle ordrer over 1000 SEK i Sverige. De fleste ordrer leveres ogs\u00e5 inden for 1-2 dage* (men kan nogle gange tage op til fire dage afh\u00e6ngigt af den valgte forsendelsesmetode og transport\u00f8ren, *g\u00e6lder for lagervarer).<\/p>\n<h3 id=\"h-sa-har-fungerar-det-fran-kop-till-leverans\" class=\"wp-block-heading\"><strong>S\u00e5dan fungerer det fra k\u00f8b til levering<\/strong><\/h3>\n<ol class=\"wp-block-list\">\n<li style=\"list-style-type: none;\">\n<ol>\n<li>N\u00e5r du har tilf\u00f8jet dine produkter til indk\u00f8bskurven, m\u00e5ske sammen med noget nyt, som du gerne vil pr\u00f8ve, g\u00e5r du til kassen for at afgive din ordre.<\/li>\n<li>N\u00e5r ordren er afgivet, modtager du en ordrebekr\u00e6ftelse via e-mail. Via din kundekonto (hvis du har en) kan du se dine ordrer p\u00e5 en liste.<\/li>\n<li>Din ordre plukkes og pakkes af os p\u00e5 vores lager. N\u00e5r din ordre er pakket, modtager du en ny mail om, at din ordre er &quot;fuldst\u00e6ndig behandlet&quot; som ogs\u00e5 indeholder et link, der g\u00f8r det nemt at spore din l\u00e6nge ventede levering.<\/li>\n<li>Ordren bliver derefter afhentet af det valgte fragtfirma og begynder sin rejse til dig i henhold til muligheder.<\/li>\n<li>Hvis du har valgt hjemlevering til d\u00f8ren eller levering til et servicested, modtager du en sms\/mail med yderligere information om leveringen. Ordrer leveret til agenter skal afhentes inden for 14 dage.<\/li>\n<\/ol>\n<\/li>\n<\/ol>\n<h3 id=\"h-de-har-fraktsatten-erbjuder-vi\" class=\"wp-block-heading\"><strong>Vi tilbyder disse forsendelsesmetoder<\/strong><\/h3>\n<p><a href=\"https:\/\/secureus.se\/dk\/\">Secureus.se<\/a> leverer pakker med DHL &amp; PostNord. Hvilke leveringsmuligheder, der tilbydes dig, afh\u00e6nger af, hvor du bor, og hvad du handler for.<\/p>\n<ul class=\"wp-block-list\">\n<li style=\"list-style-type: none;\">\n<ul>\n<li>\u00d8nsker du at modtage leveringen i postkassen eller ved d\u00f8ren? S\u00e5 v\u00e6lger du <strong>PostNord fragtbrev<\/strong>. Levering alle hverdage. Hvis postkassen er fuld, efterlades pakken uden for d\u00f8ren. I nogle tilf\u00e6lde kan levering ske via en agent. Det er ikke muligt at foretage \u00e6ndringer i leverancen mens leveringen er i gang.<\/li>\n<li>Vil du afhente ordren hos en agent? S\u00e5 kan du v\u00e6lge <strong>DHL ServicePoint \/ Agent<\/strong>.<\/li>\n<li>Er du en virksomhed og \u00f8nsker det leveret til dine lokaler? V\u00e6lge <strong>DHL Business pakke<\/strong><\/li>\n<\/ul>\n<\/li>\n<\/ul>\n<p><strong>PostNord Varebrev \/ Pakkebrev:<\/strong><\/p>\n<ul class=\"wp-block-list\">\n<li style=\"list-style-type: none;\">\n<ul>\n<li>Fungerer til mindre ordrer, der kan efterlades i din postkasse. I nogle tilf\u00e6lde kan st\u00f8rrelsen p\u00e5 postkassen, postkassen, pengeskabet eller ejendomsboksen betyde, at disse leverancer i stedet leveres til d\u00f8ren. Hvis postkassen er fuld, vil pakken ogs\u00e5 blive efterladt uden for d\u00f8ren. Hvis leverancen efterlades ved d\u00f8ren, modtager du en SMS eller e-mail, n\u00e5r pakken er leveret. I nogle tilf\u00e6lde kan leveringen ske via en agent. Det er ikke muligt at \u00e6ndre leveringen under leveringsprocessen. Desv\u00e6rre kan post ikke spores, denne metode kan nogle gange bruges til kampagner eller til meget sm\u00e5 varer. Levering alle hverdage. <em>Bestil inden 14, sendes din levering normalt samme dag (g\u00e6lder lagervarer og hverdage*)!<\/em><\/li>\n<\/ul>\n<\/li>\n<\/ul>\n<p>Du kan finde PostNords sporingsside\u00a0<a href=\"https:\/\/www.postnord.se\/vara-verktyg\/spara-brev-paket-och-pall\" rel=\"noopener\">HER<\/a>.<\/p>\n<p><!-- \/wp:post-content --><!-- \/wp:list --><\/p>\n<p><!-- wp:paragraph --><strong>DHL Service Point \/ Agent levering<\/strong><\/p>\n<p><!-- \/wp:paragraph --><\/p>\n<p><!-- wp:list --><\/p>\n<ul>\n<li style=\"list-style-type: none;\">\n<ul><!-- wp:list-item --><\/p>\n<li>N\u00e5r din pakke er hos ekspeditionsmanden, sendes der en SMS til det mobilnummer, du oplyste ved bestilling. Bem\u00e6rk venligst, at du skal have et gyldigt ID-dokument med, n\u00e5r du afhenter din levering. Levering n\u00e6ste dag i store dele af Sverige. <em>Bestil inden kl. 14.00, s\u00e5 sendes din levering normalt samme dag (g\u00e6lder for varer p\u00e5 lager og hverdage*).<\/em>\n<p>Du kan finde DHL&#039;s sporingsside <a href=\"https:\/\/www.dhl.com\/se-sv\/home\/vara-divisioner\/paket\/privatkund\/tracking-parcel.html\" rel=\"noopener\">HER<\/a>.<\/p>\n<\/li>\n<\/ul>\n<\/li>\n<\/ul>\n<p><!-- \/wp:list-item --><!-- \/wp:list --><!-- \/wp:list-item --><!-- \/wp:list --><\/p>\n<p><!-- wp:paragraph --><strong>DHL Business pakke<\/strong><\/p>\n<p><!-- \/wp:paragraph --><\/p>\n<p><!-- wp:list --><\/p>\n<ul>\n<li style=\"list-style-type: none;\">\n<ul><!-- wp:list-item --><\/p>\n<li>Vi tilbyder DHL-erhvervspakker direkte til din d\u00f8r. Levering n\u00e6ste dag i store dele af Sverige.\n<p>ENKEL, FLEKSIBEL OG P\u00c5LIDELIG<br \/>\u2022 Markedsf\u00f8rende leveringskvalitet<br \/>\u2022 Levering n\u00e6ste dag til de fleste lokationer<br \/>\u2022 Fuld sporbarhed<br \/>\u2022 D\u00f8r til d\u00f8r<br \/>\u2022 Daglig, fleksibel eller planlagt afhentning<br \/>\u2022 Pakkeservice til virksomheder.<\/p>\n<p><em>Bestil inden kl. 14.00, s\u00e5 sendes din levering normalt samme dag (g\u00e6lder for varer p\u00e5 lager og p\u00e5 hverdage*).<\/em><\/p>\n<p>Du kan finde DHL&#039;s sporingsside <a href=\"https:\/\/www.dhl.com\/se-sv\/home\/vara-divisioner\/paket\/privatkund\/tracking-parcel.html\" rel=\"noopener\">HER<\/a>.<\/p>\n<\/li>\n<\/ul>\n<\/li>\n<\/ul>\n<p><!-- \/wp:list-item --><!-- \/wp:list --><\/p>\n<p><!-- wp:paragraph -->* Hverdage f\u00f8r helligdage kan v\u00e6re p\u00e5virket af tidligere leveringstider for ordrer. Afvigelser kan ogs\u00e5 forekomme p\u00e5 dage med et stort antal indg\u00e5ende ordrer. Hvis du har en specialfremstillet vare, er den forventede leveringstid nogle gange angivet p\u00e5 produktet. Kontakt os venligst for at f\u00e5 de n\u00f8jagtige leveringstider.<\/p>\n<p><!-- \/wp:paragraph --><\/p>\n<p><!-- wp:heading {\"level\":3} --><\/p>\n<h3 id=\"h-har-din-bostad-en-portkod-eller-porttelefon\" class=\"wp-block-heading\"><strong>Har dit hjem en d\u00f8rkode eller samtaleanl\u00e6g?<\/strong><\/h3>\n<p><!-- \/wp:heading --><\/p>\n<p><!-- wp:paragraph -->S\u00e5 er det vigtigt, at du indtaster portkoden, s\u00e5 pakken kan leveres. (Dette g\u00e6lder dog kun, hvis du v\u00e6lger hjemlevering!) Du udfylder portkoden i den besked, som fragtfirmaet sender dig inden levering.<\/p>\n<p><!-- \/wp:paragraph --><\/p>\n<p><!-- wp:heading {\"level\":3} --><\/p>\n<h3 id=\"h-ovrigt-om-vara-fraktsatt-och-leveranser\" class=\"wp-block-heading\"><strong>Anden information om vores forsendelsesmetoder og leveringer<\/strong><\/h3>\n<p><!-- \/wp:heading --><\/p>\n<p><!-- wp:paragraph -->Secureus leverer til adresser i Sverige og nordiske lande osv. Bor du uden for Sverige, er det nemmest at kontakte os for levering.<\/p>\n<p><!-- \/wp:paragraph --><\/p>\n<p><!-- wp:paragraph -->For bestillinger registreret p\u00e5 helligdage regnes leveringstiden fra den f\u00f8rste hverdag efter helligdagens udl\u00f8b.<\/p>\n<p><!-- \/wp:paragraph --><\/p>\n<p><!-- wp:paragraph -->Pakker, der er blevet leveret til agenter, vil blive sendt tilbage til Secureus, hvis de ikke er blevet afhentet inden for 14 dage efter, at leveringens ankomst er blevet meddelt dig. De giver normalt altid en advarsel dagen f\u00f8r, de sender den tilbage. Vi hos secureus.se m\u00e5 s\u00e5 desv\u00e6rre opkr\u00e6ve et gebyr p\u00e5 99 SEK for ekstra omkostninger til administration, returfragt og ekspedition. Uindl\u00f8ste pakker betragtes normalt ikke som en udnyttelse af fortrydelsesretten.<\/p>\n<p><!-- \/wp:paragraph --><\/p>\n<p><!-- wp:paragraph -->Det kan i sj\u00e6ldne tilf\u00e6lde ske, at en levering bliver leveret til en agent, som du ikke valgte ved kassen. Det skyldes som regel, at der er fyldt op hos den agent, du har valgt, og at fragtfirmaet derfor har omsorteret leverancen. Du kan derefter kontakte os p\u00e5 Kundeservice, og vi vil bede fragtfirmaet om at flytte pakken til den rigtige agent. Desv\u00e6rre kan en s\u00e5dan flytning tage op til fem arbejdsdage.<\/p>\n<p><!-- \/wp:paragraph --><\/p>\n<p><!-- wp:paragraph --><a href=\"https:\/\/minprilla.se\/\" rel=\"noopener\"><br \/><\/a><a href=\"https:\/\/secureus.se\/dk\/shop\/\">Begynd at shoppe<\/a><\/p>\n<p><!-- \/wp:paragraph --><\/p>\n<p>&nbsp;<\/p>\n\n\t\t<\/div>\n\t<\/div>\n<\/div><\/div><\/div><\/div><\/div>","protected":false},"excerpt":{"rendered":"Snabbt, smidigt och s\u00e4kert \u2013 fr\u00e5n best\u00e4llning till leverans Vi erbjuder smidig frakt &amp; leverans och fritt fraktalternativ f\u00f6r alla ordrar \u00f6ver 1000 SEK inom Sverige. De flesta best\u00e4llningarna levereras","protected":false},"author":1,"featured_media":0,"parent":0,"menu_order":0,"comment_status":"closed","ping_status":"closed","template":"","meta":{"_acf_changed":false,"footnotes":""},"class_list":["post-82981","page","type-page","status-publish","hentry"],"acf":[],"_links":{"self":[{"href":"https:\/\/secureus.se\/dk\/wp-json\/wp\/v2\/pages\/82981","targetHints":{"allow":["GET"]}}],"collection":[{"href":"https:\/\/secureus.se\/dk\/wp-json\/wp\/v2\/pages"}],"about":[{"href":"https:\/\/secureus.se\/dk\/wp-json\/wp\/v2\/types\/page"}],"author":[{"embeddable":true,"href":"https:\/\/secureus.se\/dk\/wp-json\/wp\/v2\/users\/1"}],"replies":[{"embeddable":true,"href":"https:\/\/secureus.se\/dk\/wp-json\/wp\/v2\/comments?post=82981"}],"version-history":[{"count":0,"href":"https:\/\/secureus.se\/dk\/wp-json\/wp\/v2\/pages\/82981\/revisions"}],"wp:attachment":[{"href":"https:\/\/secureus.se\/dk\/wp-json\/wp\/v2\/media?parent=82981"}],"curies":[{"name":"wp","href":"https:\/\/api.w.org\/{rel}","templated":true}]}}