{"id":100037,"date":"2024-10-17T14:51:14","date_gmt":"2024-10-17T12:51:14","guid":{"rendered":"https:\/\/secureus.se\/armbagskontakt-jck209-abs-plast-jc-kontakter\/"},"modified":"2025-12-31T21:20:11","modified_gmt":"2025-12-31T20:20:11","slug":"armbagskontakt-jck209-abs-plast-jc-kontakter","status":"publish","type":"product","link":"https:\/\/secureus.se\/dk\/armbagskontakt-jck209-abs-plast-jc-kontakter\/","title":{"rendered":"Albuestik \u2013 ABS plast \u2013 JCK209"},"content":{"rendered":"<h1 class=\"product_title entry-title elementor-heading-title elementor-size-default\">Albuestik \u2013 ABS plast \u2013 JCK209<\/h1>\n<section>JCK209 er en holdbar albueforbindelse med en konveks trykplade og taktile riller.<\/section>\n<section><\/section>\n<section>Rillerne g\u00f8r det lettere for synshandicappede at vide, hvor de skal trykke for at aktivere albuekontakten. Modellen har sort l\u00e5g for maksimal kontrast mod den lysegr\u00e5 bund. JCK209 leveres med 1 mikroswitch i IP67, men kan ogs\u00e5 bestilles med flere.<\/p>\n<h3>Teknisk specifikation<\/h3>\n<ul>\n<li>Fremstillet i Sverige.<\/li>\n<li>Materiale: Genanvendelig ABS-plast.<\/li>\n<li>M\u00e5l l\/b\/h: 250x95x25 mm.<\/li>\n<li>Mikroswitch: Standard 1 stk NO IP67. Kan bestilles med 2, samt med NO\/NC.<\/li>\n<\/ul>\n<\/section>","protected":false},"excerpt":{"rendered":"<p>Produktm\u00e5l: 250 x 95 x 25 mm.<\/p>\n<p>Albuekontakt med konveks trykplade og taktile riller. Sort l\u00e5g og lysegr\u00e5 ramme.<\/p>","protected":false},"featured_media":148630,"template":"","meta":{"_acf_changed":false},"product_brand":[],"product_cat":[1422,4705],"product_tag":[],"class_list":{"0":"post-100037","1":"product","2":"type-product","3":"status-publish","4":"has-post-thumbnail","6":"product_cat-armbagskontakter-dorrautomatik","7":"product_cat-abs-plast","8":"product_shipping_class-tunga-paket","9":"pa_brands-jc-kontakter","10":"tm-has-options","12":"first","13":"instock","14":"sale","15":"taxable","16":"shipping-taxable","17":"purchasable","18":"product-type-simple"},"acf":[],"_links":{"self":[{"href":"https:\/\/secureus.se\/dk\/wp-json\/wp\/v2\/product\/100037","targetHints":{"allow":["GET"]}}],"collection":[{"href":"https:\/\/secureus.se\/dk\/wp-json\/wp\/v2\/product"}],"about":[{"href":"https:\/\/secureus.se\/dk\/wp-json\/wp\/v2\/types\/product"}],"wp:featuredmedia":[{"embeddable":true,"href":"https:\/\/secureus.se\/dk\/wp-json\/wp\/v2\/media\/148630"}],"wp:attachment":[{"href":"https:\/\/secureus.se\/dk\/wp-json\/wp\/v2\/media?parent=100037"}],"wp:term":[{"taxonomy":"product_brand","embeddable":true,"href":"https:\/\/secureus.se\/dk\/wp-json\/wp\/v2\/product_brand?post=100037"},{"taxonomy":"product_cat","embeddable":true,"href":"https:\/\/secureus.se\/dk\/wp-json\/wp\/v2\/product_cat?post=100037"},{"taxonomy":"product_tag","embeddable":true,"href":"https:\/\/secureus.se\/dk\/wp-json\/wp\/v2\/product_tag?post=100037"}],"curies":[{"name":"wp","href":"https:\/\/api.w.org\/{rel}","templated":true}]}}