{"id":100322,"date":"2024-10-21T09:36:52","date_gmt":"2024-10-21T07:36:52","guid":{"rendered":"https:\/\/secureus.se\/?post_type=product&#038;p=100322"},"modified":"2026-04-20T10:31:53","modified_gmt":"2026-04-20T08:31:53","slug":"batteri-2-3-ah-agm-ackumulator","status":"publish","type":"product","link":"https:\/\/secureus.se\/dk\/batteri-2-3-ah-agm-ackumulator\/","title":{"rendered":"Batteri 12V 2,3 Ah UPLUS 6-9 \u00e5r Pro-version"},"content":{"rendered":"<h1>Batteri 2,3Ah UPLUS 6-9 \u00e5r - Perfekt til indend\u00f8rs brug<\/h1>\n<p>Denne <strong>batteri 2,3Ah<\/strong> er designet til indend\u00f8rs milj\u00f8er i klasse 1 med en omgivelsestemperatur p\u00e5 mellem +5\u00b0C og +40\u00b0C. For at optimere batteriets levetid anbefales en temperatur p\u00e5 +15\u00b0C til +25\u00b0C. Denne <strong>batteri 2,3Ah<\/strong> er vedligeholdelsesfri og bruger AGM teknologi, hvilket g\u00f8r den p\u00e5lidelig og nem at h\u00e5ndtere.<\/p>\n<h3>Produktinformation:<\/h3>\n<ul>\n<li><strong>Batteri type:<\/strong> 12 V vedligeholdelsesfrit AGM batteri<\/li>\n<li><strong>Kapacitet ved 20\u00b0C:<\/strong> 2,24 Ah<\/li>\n<li><strong>Ladesp\u00e6nding pr. celle:<\/strong> 13,65 VDC +\/- 0,2 V<\/li>\n<li><strong>Max anbefalet ladestr\u00f8m:<\/strong> 0,69A<\/li>\n<li><strong>Selvafladning under opbevaring:<\/strong> 3 % af kapaciteten pr. m\u00e5ned ved 20\u00b0C<\/li>\n<li><strong>Forventet levetid:<\/strong> 9 \u00e5r ved 20\u00b0C, 6 \u00e5r ved 25\u00b0C og 3 \u00e5r ved 30\u00b0C<\/li>\n<li><strong>Dimensioner:<\/strong> 178x35x66 mm<\/li>\n<li><strong>V\u00e6gt:<\/strong> 1 kg<\/li>\n<\/ul>\n<p>Denne <strong>batteri 2,3Ah<\/strong> er CE-certificeret og overholder g\u00e6ldende direktiver s\u00e5som EMC 2014\/30EU og emission EN61000-6. Med hurtig levering p\u00e5 kun 2 dage og 12 m\u00e5neders garanti fra produktionsdatoen kan du v\u00e6re sikker p\u00e5 dit k\u00f8b.<\/p>\n<p>Batteriet leveres med 4,8 mm fladstiftskontakter.<\/p>","protected":false},"excerpt":{"rendered":"<p><strong>Batteri UPLUS 2.3 AGM 12V 6-9 \u00e5rs levetid<\/strong><\/p>\n<p>UPLUS USL12-2.3 AGM batteri tilbyder h\u00f8j ydeevne og lang levetid til kr\u00e6vende applikationer. Med en kapacitet p\u00e5 2,3Ah og AGM-teknologi er dette batteri vedligeholdelsesfrit og p\u00e5lideligt til industrielle applikationer.<\/p>","protected":false},"featured_media":135875,"template":"","meta":{"_acf_changed":false},"product_brand":[],"product_cat":[1596],"product_tag":[2179],"class_list":{"0":"post-100322","1":"product","2":"type-product","3":"status-publish","4":"has-post-thumbnail","6":"product_cat-ackumulatorer-12v-agm-batterier","7":"product_tag-batteri-1-6-ah-2","8":"product_shipping_class-tunga-paket","9":"pa_brands-uplus","10":"tm-no-options","12":"first","13":"instock","14":"sale","15":"featured","16":"taxable","17":"shipping-taxable","18":"purchasable","19":"product-type-simple"},"acf":[],"_links":{"self":[{"href":"https:\/\/secureus.se\/dk\/wp-json\/wp\/v2\/product\/100322","targetHints":{"allow":["GET"]}}],"collection":[{"href":"https:\/\/secureus.se\/dk\/wp-json\/wp\/v2\/product"}],"about":[{"href":"https:\/\/secureus.se\/dk\/wp-json\/wp\/v2\/types\/product"}],"wp:featuredmedia":[{"embeddable":true,"href":"https:\/\/secureus.se\/dk\/wp-json\/wp\/v2\/media\/135875"}],"wp:attachment":[{"href":"https:\/\/secureus.se\/dk\/wp-json\/wp\/v2\/media?parent=100322"}],"wp:term":[{"taxonomy":"product_brand","embeddable":true,"href":"https:\/\/secureus.se\/dk\/wp-json\/wp\/v2\/product_brand?post=100322"},{"taxonomy":"product_cat","embeddable":true,"href":"https:\/\/secureus.se\/dk\/wp-json\/wp\/v2\/product_cat?post=100322"},{"taxonomy":"product_tag","embeddable":true,"href":"https:\/\/secureus.se\/dk\/wp-json\/wp\/v2\/product_tag?post=100322"}],"curies":[{"name":"wp","href":"https:\/\/api.w.org\/{rel}","templated":true}]}}