{"id":101466,"date":"2024-10-21T12:39:32","date_gmt":"2024-10-21T10:39:32","guid":{"rendered":"https:\/\/secureus.se\/ajax-domecam-mini-8mp-2-8mm-lins-vit\/"},"modified":"2026-04-05T21:51:16","modified_gmt":"2026-04-05T19:51:16","slug":"ajax-domecam-mini-8mp-28mm-lins-vit","status":"publish","type":"product","link":"https:\/\/secureus.se\/dk\/ajax-domecam-mini-8mp-28mm-lins-vit\/","title":{"rendered":"Ajax DomeCam Mini 8MP \u2013 2,8 mm objektiv hvid"},"content":{"rendered":"<h3><strong>Ajax DomeCam Mini 8MP<\/strong> er et kraftfuldt high-definition sikkerhedskamera, der kombinerer avanceret teknologi og design for at give p\u00e5lidelig overv\u00e5gning til b\u00e5de indend\u00f8rs og udend\u00f8rs brug.<\/h3>\n<p>Udstyret med et 8MP UHD-kamera og et 2,8 mm-objektiv er dette kamera perfekt til at overv\u00e5ge indgange, g\u00e5rdhaver og \u00e5bne omr\u00e5der, hvilket sikrer, at du aldrig g\u00e5r glip af en vigtig begivenhed.<\/p>\n<p>Et af de mest fremtr\u00e6dende tr\u00e6k ved Ajax DomeCam Mini er den AI-baserede objektgenkendelse.<\/p>\n<p>Kameraet bruger kunstig intelligens til at genkende mennesker, k\u00f8ret\u00f8jer og k\u00e6ledyr, hvilket reducerer antallet af falske alarmer.<\/p>\n<p>Det g\u00f8r den s\u00e6rligt effektiv i milj\u00f8er, hvor der kan v\u00e6re meget bev\u00e6gelse, s\u00e5som i g\u00e5rdspladser, i haver eller ved indgange.<\/p>\n<p>Ved at bortfiltrere irrelevant bev\u00e6gelse kan kameraet sende en besked, n\u00e5r der opst\u00e5r en reel sikkerhedstrussel, hvilket \u00f8ger sikkerheden og reducerer overfl\u00f8dige alarmer.<\/p>\n<p>Kameraets imponerende 8MP opl\u00f8sning (3840 x 2160) og underst\u00f8ttelse af op til 20 billeder i sekundet giver krystalklare billeder og et detaljeret overblik over det overv\u00e5gede omr\u00e5de.<\/p>\n<p>Sammen med den brede 110\u00b0 betragtningsvinkel og 2,8 mm objektiv giver kameraet en stor d\u00e6kning af dit omr\u00e5de og g\u00f8r det ideelt til at fange detaljer selv i store \u00e5bne rum.<\/p>\n<p>Uanset om det er overv\u00e5gning af en indgang, en parkeringsplads eller en stor have, kan du forvente et billede i h\u00f8j opl\u00f8sning med detaljer, der giver dig mulighed for at identificere personer, k\u00f8ret\u00f8jer eller andre genstande.<\/p>\n<p>For at sikre, at kameraet yder optimalt under alle lysforhold, er Ajax DomeCam Mini blevet udstyret med True WDR- og HDR-teknologi, som g\u00f8r det muligt at h\u00e5ndtere udfordrende lysforhold s\u00e5som skarpt sollys eller dybe skygger.<\/p>\n<p>Med denne funktion f\u00e5r du altid et afbalanceret og klart billede, selv under ekstreme lysforhold.<\/p>\n<p>For yderligere at forbedre billedkvaliteten i svagt lys har kameraet en smart IR-lys. IR-belysningen n\u00e5r op til 15 meter og justerer automatisk lysstyrken afh\u00e6ngigt af omgivelserne, hvilket forhindrer overeksponering og sikrer, at billeder altid er klare, selv i m\u00f8rke.<\/p>\n<p>Ajax DomeCam Mini underst\u00f8tter ogs\u00e5 Power over Ethernet (PoE), hvilket g\u00f8r installationen enkel og smidig. Ved at bruge PoE kan du b\u00e5de str\u00f8mforsyne og tilslutte kameraet til dit netv\u00e6rk med et enkelt kabel.<\/p>\n<p>Dette g\u00f8r kameraet b\u00e5de omkostningseffektivt og praktisk at installere i b\u00e5de bolig- og erhvervsejendomme. Alternativt kan kameraet tilsluttes en 12V DC str\u00f8mforsyning.<\/p>\n<p>Kameraet er IP65-klassificeret, hvilket g\u00f8r det vejrbestandigt og perfekt til b\u00e5de indend\u00f8rs og udend\u00f8rs brug. Uanset om det uds\u00e6ttes for regn, sne eller solskin, fungerer Ajax DomeCam Mini uden problemer og giver dig p\u00e5lidelig overv\u00e5gning hele \u00e5ret rundt.<\/p>\n<p>Den robuste metalkonstruktion g\u00f8r den ogs\u00e5 vandalsikker og beskytter den mod fysiske angreb, hvilket g\u00f8r den ideel til brug i s\u00e5rbare milj\u00f8er.<\/p>\n<p>En anden vigtig egenskab ved Ajax DomeCam Mini er dens indbyggede mikrofon. Denne funktion g\u00f8r det muligt at optage lyd sammen med videooptagelser, hvilket tilf\u00f8jer en ekstra dimension til overv\u00e5gningen og hj\u00e6lper med at skabe et mere komplet billede af, hvad der sker i omr\u00e5det.<\/p>\n<p>Til opbevaring underst\u00f8tter kameraet microSD-kort p\u00e5 op til 256 GB, hvilket giver lokal lagerplads til videooptagelser.<\/p>\n<p>Alternativt kan kameraet tilsluttes en NVR (Network Video Recorder) for central lagring, og underst\u00f8ttelse af harddiske op til 16 TB g\u00f8r det muligt at lagre store m\u00e6ngder video til st\u00f8rre overv\u00e5gningssystemer.<\/p>\n<p>For at sikre den h\u00f8jest mulige sikkerhed og privatliv er Ajax DomeCam Mini udstyret med mTLS-kryptering til videostreams og data. Dette beskytter al kommunikation mod uautoriseret adgang og sikrer, at alle oplysninger er sikre.<\/p>\n<p>Kameraet er desuden kompatibelt med Ajax Go-appen, som giver nem fjernadgang og kontrol af kameraets funktioner.<\/p>\n<p>Med appen kan du se live videostreams, tage sk\u00e6rmbilleder, afspille tidligere optaget optagelser og justere kameraindstillinger \u2013 alt sammen fra din smartphone eller computer.<\/p>\n<p>Afslutningsvis tilbyder Ajax DomeCam Mini 8MP en p\u00e5lidelig, h\u00f8j opl\u00f8sning og vejrbestandig l\u00f8sning til b\u00e5de indend\u00f8rs og udend\u00f8rs overv\u00e5gning.<\/p>\n<p>Med funktioner som AI-baseret objektgenkendelse, smart IR-belysning, PoE-underst\u00f8ttelse og video i h\u00f8j kvalitet er den perfekt til at sikre sikkerheden for b\u00e5de private og kommercielle ejendomme.<\/p>","protected":false},"excerpt":{"rendered":"<p>Ajax DomeCam Mini 8MP er et kraftfuldt og kompakt sikkerhedskamera, der giver p\u00e5lidelig overv\u00e5gning b\u00e5de indend\u00f8rs og udend\u00f8rs.<\/p>\n<p>Udstyret med AI-baseret objektgenkendelse og en bred 110\u00b0 betragtningsvinkel, tilbyder kameraet krystalklare 4K-billeder selv i svagt lys.<\/p>\n<p>Den er vejrbestandig med IP65-klassificering og har smart IR-belysning for optimal nattevagt.<\/p>\n<p>Perfekt til boliger, virksomheder og offentlige steder.<\/p>","protected":false},"featured_media":151991,"template":"","meta":{"_acf_changed":false},"product_brand":[],"product_cat":[4011],"product_tag":[4863],"class_list":{"0":"post-101466","1":"product","2":"type-product","3":"status-publish","4":"has-post-thumbnail","6":"product_cat-ajax-kameror","7":"product_tag-pf","8":"pa_brands-ajax-systems","9":"pa_farg-vit","10":"tm-no-options","12":"first","13":"instock","14":"sale","15":"taxable","16":"shipping-taxable","17":"purchasable","18":"product-type-simple"},"acf":[],"_links":{"self":[{"href":"https:\/\/secureus.se\/dk\/wp-json\/wp\/v2\/product\/101466","targetHints":{"allow":["GET"]}}],"collection":[{"href":"https:\/\/secureus.se\/dk\/wp-json\/wp\/v2\/product"}],"about":[{"href":"https:\/\/secureus.se\/dk\/wp-json\/wp\/v2\/types\/product"}],"wp:featuredmedia":[{"embeddable":true,"href":"https:\/\/secureus.se\/dk\/wp-json\/wp\/v2\/media\/151991"}],"wp:attachment":[{"href":"https:\/\/secureus.se\/dk\/wp-json\/wp\/v2\/media?parent=101466"}],"wp:term":[{"taxonomy":"product_brand","embeddable":true,"href":"https:\/\/secureus.se\/dk\/wp-json\/wp\/v2\/product_brand?post=101466"},{"taxonomy":"product_cat","embeddable":true,"href":"https:\/\/secureus.se\/dk\/wp-json\/wp\/v2\/product_cat?post=101466"},{"taxonomy":"product_tag","embeddable":true,"href":"https:\/\/secureus.se\/dk\/wp-json\/wp\/v2\/product_tag?post=101466"}],"curies":[{"name":"wp","href":"https:\/\/api.w.org\/{rel}","templated":true}]}}