{"id":107840,"date":"2024-11-05T09:32:05","date_gmt":"2024-11-05T08:32:05","guid":{"rendered":"https:\/\/secureus.se\/?post_type=product&#038;p=107840"},"modified":"2026-03-25T15:34:53","modified_gmt":"2026-03-25T14:34:53","slug":"dorrhandtag-trycke-6638-40-75mm-mirus-mattsvart-assa-abloy","status":"publish","type":"product","link":"https:\/\/secureus.se\/dk\/dorrhandtag-trycke-6638-40-75mm-mirus-mattsvart-assa-abloy\/","title":{"rendered":"D\u00f8rgreb Trycke 6638 40-75mm Mirus Mat sort \u2013 Assa Abloy"},"content":{"rendered":"<p>ASSA ABLOY 6638 er et d\u00f8rgreb med tr\u00e6k af b\u00e5de barok og rokoko, men er blevet forenklet for at kunne passe ind i arkitektur, der har mindre buede former. 6638 er det typiske &quot;villaprint&quot; og er en del af ASSA ABLOY Classic-serien. Velegnet til yderd\u00f8re, indgangsd\u00f8re og indvendige d\u00f8re med modull\u00e5se.<\/p>\n<p><b>Egenskaber:<\/b><\/p>\n<ul>\n<li>Materiale: messing<\/li>\n<li>Overfladebehandling: Mirus PVD<\/li>\n<li>Returfjeder, der aflaster l\u00e5sehusets rofjeder og hj\u00e6lper trykket med at forblive i vandret position.<\/li>\n<li>Roset: \u00d8 52 mm.<\/li>\n<li>Passer til Connect \/ Classic modull\u00e5sehus<\/li>\n<li>Passer ikke til l\u00e5sehus ABLOY 2014 eller tilsvarende indvendig d\u00f8rboks<\/li>\n<li>Standard levering tilpasset 40-75 mm d\u00f8rtykkelse.<\/li>\n<li>Udskiftelig trykstift og skrue til varierende d\u00f8rtykkelser.<\/li>\n<li>Kontinuerlig skruefastg\u00f8relse, der forst\u00e6rker d\u00f8ren.<\/li>\n<\/ul>\n<div><\/div>\n<div><\/div>\n<div><b>Overfladebehandling MIRUS:<\/b><\/div>\n<div>\n<ul>\n<li>Meget modstandsdygtig over for slid<\/li>\n<li>Bevarer sin smukke finish i lang tid<\/li>\n<li>Har en lang levetid<\/li>\n<li>Har h\u00f8j styrke mod ridser<\/li>\n<li>Er s\u00e6rdeles velegnet i kystmilj\u00f8er<\/li>\n<\/ul>\n<\/div>\n<div><\/div>\n<div><b>Pakken indeholder:<\/b><\/div>\n<div>\n<ul>\n<li>2 stk. Pressehalvdele (h\u00e5ndtag).<\/li>\n<li>2 stk. Trykskruer M5. (drej skruen)<\/li>\n<li>2 stk. O-ringe.<\/li>\n<li>2 stk. Manchetm\u00f8trik M5.<\/li>\n<li>2 stk. Trykstifter 8x8x102 mm og 8x8x120 mm.<\/li>\n<\/ul>\n<\/div>","protected":false},"excerpt":{"rendered":"<p>ASSA ABLOY 6638 er et d\u00f8rgreb med tr\u00e6k af b\u00e5de barok og rokoko, men er blevet forenklet for at kunne passe ind i arkitektur, der har mindre buede former. 6638 er<\/p>","protected":false},"featured_media":135858,"template":"","meta":{"_acf_changed":false},"product_brand":[],"product_cat":[4124,4125],"product_tag":[],"class_list":{"0":"post-107840","1":"product","2":"type-product","3":"status-publish","4":"has-post-thumbnail","6":"product_cat-dorrhandtag-innerdorr","7":"product_cat-dorrhandtag-ytterdorr","8":"pa_brands-abloy","9":"tm-no-options","11":"first","12":"instock","13":"taxable","14":"shipping-taxable","15":"purchasable","16":"product-type-simple"},"acf":[],"_links":{"self":[{"href":"https:\/\/secureus.se\/dk\/wp-json\/wp\/v2\/product\/107840","targetHints":{"allow":["GET"]}}],"collection":[{"href":"https:\/\/secureus.se\/dk\/wp-json\/wp\/v2\/product"}],"about":[{"href":"https:\/\/secureus.se\/dk\/wp-json\/wp\/v2\/types\/product"}],"wp:featuredmedia":[{"embeddable":true,"href":"https:\/\/secureus.se\/dk\/wp-json\/wp\/v2\/media\/135858"}],"wp:attachment":[{"href":"https:\/\/secureus.se\/dk\/wp-json\/wp\/v2\/media?parent=107840"}],"wp:term":[{"taxonomy":"product_brand","embeddable":true,"href":"https:\/\/secureus.se\/dk\/wp-json\/wp\/v2\/product_brand?post=107840"},{"taxonomy":"product_cat","embeddable":true,"href":"https:\/\/secureus.se\/dk\/wp-json\/wp\/v2\/product_cat?post=107840"},{"taxonomy":"product_tag","embeddable":true,"href":"https:\/\/secureus.se\/dk\/wp-json\/wp\/v2\/product_tag?post=107840"}],"curies":[{"name":"wp","href":"https:\/\/api.w.org\/{rel}","templated":true}]}}