{"id":109210,"date":"2024-11-08T16:24:59","date_gmt":"2024-11-08T15:24:59","guid":{"rendered":"https:\/\/secureus.se\/lashus-414-z\/"},"modified":"2026-04-23T12:01:11","modified_gmt":"2026-04-23T10:01:11","slug":"lashus-414-z","status":"publish","type":"product","link":"https:\/\/secureus.se\/dk\/lashus-414-z\/","title":{"rendered":"L\u00e5sehus 414 Z"},"content":{"rendered":"<p>\nABLOY 414 anvendes til indvendige d\u00f8re samt badev\u00e6relses- og toiletd\u00f8re i b\u00e5de private hjem og kontorlokaler. Anvendes i b\u00e5de nybyggeri og erstatningsmarkedet.<br \/>\n<br \/>\n<b><br \/><\/b><\/p>\n<div><b>Egenskaber:<\/b><\/p>\n<ul>\n<li>Dorndybde: 45 mm<\/li>\n<li>L\u00e5sestolpe m\u00e5l: 20\u00d7150 mm<\/li>\n<li>Udsk\u00e6ringsm\u00e5l i henhold til svensk standard SS 81 73 82<\/li>\n<li>Kan l\u00e5ses med n\u00f8gle eller toiletknop og panikn\u00f8gle\/skruetr\u00e6kker<\/li>\n<li>Passer til b\u00e5de h\u00f8jre- og venstreh\u00e6ngte d\u00f8re<\/li>\n<li>Vendbar til h\u00f8jre\/venstre ved at tr\u00e6kke ud og dreje stemplet 180\u00b0<\/li>\n<li>Kan forsynes med n\u00f8glebrikker eller toiletartikler<\/li>\n<\/ul>\n<p><b>Pakken indeholder<\/b><\/p>\n<ul>\n<li>1 stk. l\u00e5sehus.<\/li>\n<li>1 stk. endeplade.<\/li>\n<li>1 stk. n\u00f8gle.<\/li>\n<li>4 stk. skruer.<\/li>\n<\/ul>\n<\/div>","protected":false},"excerpt":{"rendered":"<p>ABLOY 414 anvendes til indvendige d\u00f8re samt badev\u00e6relses- og toiletd\u00f8re i b\u00e5de private hjem og kontorlokaler. Anvendes i b\u00e5de nybyggeri og erstatningsmarkedet. Egenskaber: Dorndybde: 45 mm L\u00e5sestolpem\u00e5l: 20\u00d7150 mm Udsparingsm\u00e5l iht.<\/p>","protected":false},"featured_media":134695,"template":"","meta":{"_acf_changed":false},"product_brand":[],"product_cat":[2969],"product_tag":[4190,4102,4191,4192,4099],"class_list":{"0":"post-109210","1":"product","2":"type-product","3":"status-publish","4":"has-post-thumbnail","6":"product_cat-innerdorrlas","7":"product_tag-dorndjup-45mm","8":"product_tag-hoger","9":"product_tag-lasstolpe-20x150mm","10":"product_tag-slutbleck-ingar","11":"product_tag-vanster","12":"pa_brands-abloy","13":"tm-no-options","15":"first","16":"instock","17":"sale","18":"taxable","19":"shipping-taxable","20":"purchasable","21":"product-type-simple"},"acf":[],"_links":{"self":[{"href":"https:\/\/secureus.se\/dk\/wp-json\/wp\/v2\/product\/109210","targetHints":{"allow":["GET"]}}],"collection":[{"href":"https:\/\/secureus.se\/dk\/wp-json\/wp\/v2\/product"}],"about":[{"href":"https:\/\/secureus.se\/dk\/wp-json\/wp\/v2\/types\/product"}],"wp:featuredmedia":[{"embeddable":true,"href":"https:\/\/secureus.se\/dk\/wp-json\/wp\/v2\/media\/134695"}],"wp:attachment":[{"href":"https:\/\/secureus.se\/dk\/wp-json\/wp\/v2\/media?parent=109210"}],"wp:term":[{"taxonomy":"product_brand","embeddable":true,"href":"https:\/\/secureus.se\/dk\/wp-json\/wp\/v2\/product_brand?post=109210"},{"taxonomy":"product_cat","embeddable":true,"href":"https:\/\/secureus.se\/dk\/wp-json\/wp\/v2\/product_cat?post=109210"},{"taxonomy":"product_tag","embeddable":true,"href":"https:\/\/secureus.se\/dk\/wp-json\/wp\/v2\/product_tag?post=109210"}],"curies":[{"name":"wp","href":"https:\/\/api.w.org\/{rel}","templated":true}]}}