{"id":109218,"date":"2024-11-08T16:24:59","date_gmt":"2024-11-08T15:24:59","guid":{"rendered":"https:\/\/secureus.se\/lashus-4249-med-slutbleck-1-nyckel-gul-epoxy\/"},"modified":"2026-04-08T15:31:14","modified_gmt":"2026-04-08T13:31:14","slug":"lashus-4249-med-slutbleck-1-nyckel-gul-epoxy","status":"publish","type":"product","link":"https:\/\/secureus.se\/dk\/lashus-4249-med-slutbleck-1-nyckel-gul-epoxy\/","title":{"rendered":"L\u00e5sehus 4249 med Endeplade 1 N\u00f8gle Gul Epoxy"},"content":{"rendered":"<p>\nL\u00e5shus 4249 er en knagestokkl\u00e5s til lette skyded\u00f8re og harmonikad\u00f8re i kontor- og boligsektoren i nybyggeri og erstatningsmarkedet. Leveres med n\u00f8gle og endeplade 4662.<\/p>\n<div><\/div>\n<div><b>Egenskaber:<\/b><\/p>\n<ul>\n<li>Dorndybde: 45 mm<\/li>\n<li>L\u00e5sestolpe m\u00e5l: 20\u00d7150 mm<\/li>\n<li>Udsk\u00e6ringsm\u00e5l i henhold til svensk standard SS 81 73 82<\/li>\n<li>Kan l\u00e5ses med n\u00f8gle eller toiletknop og panikn\u00f8gle\/skruetr\u00e6kker<\/li>\n<li>Passer til b\u00e5de h\u00f8jre- og venstreh\u00e6ngte d\u00f8re<\/li>\n<li>Passer til blandt andet WC tilbeh\u00f8r LH0341<\/li>\n<\/ul>\n<\/div>\n<div><b>Funktion:<\/b><\/p>\n<ul>\n<li>ABLOY 4249 betjenes med n\u00f8gle indefra og udefra, alternativt med en knop indefra og en panikn\u00f8gle eller skruetr\u00e6kker udefra.<\/li>\n<\/ul>\n<\/div>","protected":false},"excerpt":{"rendered":"<p>L\u00e5shus 4249 er en knagestokkl\u00e5s til lette skyded\u00f8re og harmonikad\u00f8re i kontor- og boligsektoren i nybyggeri og erstatningsmarkedet. Leveres med n\u00f8gle og endeplade 4662. Funktioner: Dorndybde: 45 mm L\u00e5sestolpen<\/p>","protected":false},"featured_media":134898,"template":"","meta":{"_acf_changed":false},"product_brand":[],"product_cat":[2969],"product_tag":[4190,4102,4191,4192,4099],"class_list":{"0":"post-109218","1":"product","2":"type-product","3":"status-publish","4":"has-post-thumbnail","6":"product_cat-innerdorrlas","7":"product_tag-dorndjup-45mm","8":"product_tag-hoger","9":"product_tag-lasstolpe-20x150mm","10":"product_tag-slutbleck-ingar","11":"product_tag-vanster","12":"pa_brands-abloy","13":"tm-no-options","15":"first","16":"instock","17":"taxable","18":"shipping-taxable","19":"purchasable","20":"product-type-simple"},"acf":[],"_links":{"self":[{"href":"https:\/\/secureus.se\/dk\/wp-json\/wp\/v2\/product\/109218","targetHints":{"allow":["GET"]}}],"collection":[{"href":"https:\/\/secureus.se\/dk\/wp-json\/wp\/v2\/product"}],"about":[{"href":"https:\/\/secureus.se\/dk\/wp-json\/wp\/v2\/types\/product"}],"wp:featuredmedia":[{"embeddable":true,"href":"https:\/\/secureus.se\/dk\/wp-json\/wp\/v2\/media\/134898"}],"wp:attachment":[{"href":"https:\/\/secureus.se\/dk\/wp-json\/wp\/v2\/media?parent=109218"}],"wp:term":[{"taxonomy":"product_brand","embeddable":true,"href":"https:\/\/secureus.se\/dk\/wp-json\/wp\/v2\/product_brand?post=109218"},{"taxonomy":"product_cat","embeddable":true,"href":"https:\/\/secureus.se\/dk\/wp-json\/wp\/v2\/product_cat?post=109218"},{"taxonomy":"product_tag","embeddable":true,"href":"https:\/\/secureus.se\/dk\/wp-json\/wp\/v2\/product_tag?post=109218"}],"curies":[{"name":"wp","href":"https:\/\/api.w.org\/{rel}","templated":true}]}}