{"id":109230,"date":"2024-11-08T16:24:59","date_gmt":"2024-11-08T15:24:59","guid":{"rendered":"https:\/\/secureus.se\/rullas-4238-gul\/"},"modified":"2026-04-23T13:32:42","modified_gmt":"2026-04-23T11:32:42","slug":"rullas-4238-gul","status":"publish","type":"product","link":"https:\/\/secureus.se\/dk\/rullas-4238-gul\/","title":{"rendered":"Rullel\u00e5s 4238 Gul"},"content":{"rendered":"<p>ABLOY 4238 er en symmetrisk rullel\u00e5s, der anvendes til saunad\u00f8re og enklere d\u00f8re med tr\u00e6kh\u00e5ndtag. L\u00e5sen har et rullestempel, hvis fremspring kan justeres med en skrue i stolpen. Af sikkerhedsm\u00e6ssige \u00e5rsager anvendes rullel\u00e5sen altid sammen med <strong>endeplade 0046<\/strong> som ikke er inkluderet og skal k\u00f8bes separat.<\/p>\n<div>\n<p><b>Egenskaber:<\/b><\/p>\n<ul>\n<li>Til h\u00f8jre- eller venstreh\u00e6ngte d\u00f8re<\/li>\n<li>Brugt sammen med Slutbleck 0046.<\/li>\n<li>M\u00e5l p\u00e5 l\u00e5sestolpen: 20\u00d7150 mm<\/li>\n<li>Dybde: 36,5 mm<\/li>\n<\/ul>\n<\/div>","protected":false},"excerpt":{"rendered":"<ul>\n<li>Til h\u00f8jre- eller venstreh\u00e6ngte d\u00f8re<\/li>\n<li>Brugt sammen med Slutbleck 0046.<\/li>\n<li>M\u00e5l p\u00e5 l\u00e5sestolpen: 20\u00d7150 mm<\/li>\n<li>Dybde: 36,5 mm<\/li>\n<\/ul>","protected":false},"featured_media":135061,"template":"","meta":{"_acf_changed":false},"product_brand":[],"product_cat":[2969],"product_tag":[4102,4191,4192,4099],"class_list":{"0":"post-109230","1":"product","2":"type-product","3":"status-publish","4":"has-post-thumbnail","6":"product_cat-innerdorrlas","7":"product_tag-hoger","8":"product_tag-lasstolpe-20x150mm","9":"product_tag-slutbleck-ingar","10":"product_tag-vanster","11":"product_shipping_class-postnord-varubrev","12":"pa_brands-abloy","13":"tm-no-options","15":"first","16":"instock","17":"sale","18":"taxable","19":"shipping-taxable","20":"purchasable","21":"product-type-simple"},"acf":[],"_links":{"self":[{"href":"https:\/\/secureus.se\/dk\/wp-json\/wp\/v2\/product\/109230","targetHints":{"allow":["GET"]}}],"collection":[{"href":"https:\/\/secureus.se\/dk\/wp-json\/wp\/v2\/product"}],"about":[{"href":"https:\/\/secureus.se\/dk\/wp-json\/wp\/v2\/types\/product"}],"wp:featuredmedia":[{"embeddable":true,"href":"https:\/\/secureus.se\/dk\/wp-json\/wp\/v2\/media\/135061"}],"wp:attachment":[{"href":"https:\/\/secureus.se\/dk\/wp-json\/wp\/v2\/media?parent=109230"}],"wp:term":[{"taxonomy":"product_brand","embeddable":true,"href":"https:\/\/secureus.se\/dk\/wp-json\/wp\/v2\/product_brand?post=109230"},{"taxonomy":"product_cat","embeddable":true,"href":"https:\/\/secureus.se\/dk\/wp-json\/wp\/v2\/product_cat?post=109230"},{"taxonomy":"product_tag","embeddable":true,"href":"https:\/\/secureus.se\/dk\/wp-json\/wp\/v2\/product_tag?post=109230"}],"curies":[{"name":"wp","href":"https:\/\/api.w.org\/{rel}","templated":true}]}}