{"id":109269,"date":"2024-11-08T16:25:00","date_gmt":"2024-11-08T15:25:00","guid":{"rendered":"https:\/\/secureus.se\/lashus-polaris-2xt-50-wc-6mm-mattsvart\/"},"modified":"2026-04-23T11:56:48","modified_gmt":"2026-04-23T09:56:48","slug":"lashus-polaris-2xt-50-wc-6mm-mattsvart","status":"publish","type":"product","link":"https:\/\/secureus.se\/dk\/lashus-polaris-2xt-50-wc-6mm-mattsvart\/","title":{"rendered":"L\u00e5sehus Polaris 2XT-50 WC 6mm Mat sort"},"content":{"rendered":"<p>Magnetisk tommestokl\u00e5s s\u00e6rligt velegnet til moderne toiletd\u00f8re takket v\u00e6re det slanke design. Polaris 2XT er kendetegnet ved den ekstraordin\u00e6re st\u00f8jsvage lukning og pr\u00e6cisionen i den mekaniske forbindelse mellem l\u00e5selegemet og endepladen, hvilket giver en behagelig f\u00f8lelse i h\u00e5ndtaget og n\u00f8glebev\u00e6gelsen.<\/p>\n<p><b>Egenskaber:<\/b><\/p>\n<ul>\n<li>Magnetisk tommestokl\u00e5s<\/li>\n<li>50 dorn<\/li>\n<li>Med 6 mm firkantet hul til toilettilbeh\u00f8r<\/li>\n<li>Lydl\u00f8s lukning<\/li>\n<li>M\u00e5l p\u00e5 l\u00e5sestolpen: 18\u00d7196 mm<\/li>\n<li>Til trykroere 8 mm<\/li>\n<li>Afstand roer til center toiletroer 96 mm<\/li>\n<li>L\u00e5sestolpe f\u00e5s i flere overfladebehandlinger<\/li>\n<\/ul>","protected":false},"excerpt":{"rendered":"<p>Magnetisk rigell\u00e5s, der er s\u00e6rligt velegnet til moderne toiletd\u00f8re takket v\u00e6re dens slanke design<\/p>","protected":false},"featured_media":135025,"template":"","meta":{"_acf_changed":false},"product_brand":[],"product_cat":[2969],"product_tag":[4187,4102,4188,4189,4099],"class_list":{"0":"post-109269","1":"product","2":"type-product","3":"status-publish","4":"has-post-thumbnail","6":"product_cat-innerdorrlas","7":"product_tag-dorndjup-50mm","8":"product_tag-hoger","9":"product_tag-lasstolpe-18x196-mm","10":"product_tag-slutbleck-ingar-inte","11":"product_tag-vanster","12":"pa_brands-agb","13":"tm-no-options","15":"first","16":"instock","17":"sale","18":"taxable","19":"shipping-taxable","20":"purchasable","21":"product-type-simple"},"acf":[],"_links":{"self":[{"href":"https:\/\/secureus.se\/dk\/wp-json\/wp\/v2\/product\/109269","targetHints":{"allow":["GET"]}}],"collection":[{"href":"https:\/\/secureus.se\/dk\/wp-json\/wp\/v2\/product"}],"about":[{"href":"https:\/\/secureus.se\/dk\/wp-json\/wp\/v2\/types\/product"}],"wp:featuredmedia":[{"embeddable":true,"href":"https:\/\/secureus.se\/dk\/wp-json\/wp\/v2\/media\/135025"}],"wp:attachment":[{"href":"https:\/\/secureus.se\/dk\/wp-json\/wp\/v2\/media?parent=109269"}],"wp:term":[{"taxonomy":"product_brand","embeddable":true,"href":"https:\/\/secureus.se\/dk\/wp-json\/wp\/v2\/product_brand?post=109269"},{"taxonomy":"product_cat","embeddable":true,"href":"https:\/\/secureus.se\/dk\/wp-json\/wp\/v2\/product_cat?post=109269"},{"taxonomy":"product_tag","embeddable":true,"href":"https:\/\/secureus.se\/dk\/wp-json\/wp\/v2\/product_tag?post=109269"}],"curies":[{"name":"wp","href":"https:\/\/api.w.org\/{rel}","templated":true}]}}