{"id":109285,"date":"2024-11-08T16:25:01","date_gmt":"2024-11-08T15:25:01","guid":{"rendered":"https:\/\/secureus.se\/lashus-40t-45-z-vanster-med-slutbleck\/"},"modified":"2026-04-08T15:29:38","modified_gmt":"2026-04-08T13:29:38","slug":"lashus-40t-45-z-vanster-med-slutbleck","status":"publish","type":"product","link":"https:\/\/secureus.se\/dk\/lashus-40t-45-z-vanster-med-slutbleck\/","title":{"rendered":"L\u00e5sehus 40T-45 Z Venstre med endeplade"},"content":{"rendered":"<p>\nASSA ABLOY 40T er en toiletl\u00e5s til indvendige d\u00f8re, prim\u00e6rt p\u00e5 erstatningsmarkedet. Udsk\u00e6ringsm\u00e5l efter den \u00e6ldre udsk\u00e6ringsstandard. Leveres med endeplade og skrue.<\/p>\n<div><b>Egenskaber:<\/b><\/div>\n<div>\n<ul>\n<li>Dorndybde: 45 mm<\/li>\n<li>L\u00e5sedybde: 74 mm<\/li>\n<li>L\u00e5sehus i galvaniseret st\u00e5l<\/li>\n<li>F\u00e5s i b\u00e5de h\u00f8jre og venstre version<\/li>\n<\/ul>\n<\/div>","protected":false},"excerpt":{"rendered":"<p>ASSA ABLOY 40T er en toiletl\u00e5s til indvendige d\u00f8re, prim\u00e6rt p\u00e5 erstatningsmarkedet. Udsk\u00e6ringsm\u00e5l efter den \u00e6ldre udsk\u00e6ringsstandard. Leveres med endeplade og skrue. Funktioner: Dorndybde: 45 mm L\u00e5sedybde: 74 mm Forzinket l\u00e5sehus<\/p>","protected":false},"featured_media":134865,"template":"","meta":{"_acf_changed":false},"product_brand":[],"product_cat":[2969],"product_tag":[4190,4195,4192,4099],"class_list":{"0":"post-109285","1":"product","2":"type-product","3":"status-publish","4":"has-post-thumbnail","6":"product_cat-innerdorrlas","7":"product_tag-dorndjup-45mm","8":"product_tag-lasstolpe-22x205mm","9":"product_tag-slutbleck-ingar","10":"product_tag-vanster","11":"pa_brands-abloy","12":"tm-no-options","14":"first","15":"instock","16":"sale","17":"taxable","18":"shipping-taxable","19":"purchasable","20":"product-type-simple"},"acf":[],"_links":{"self":[{"href":"https:\/\/secureus.se\/dk\/wp-json\/wp\/v2\/product\/109285","targetHints":{"allow":["GET"]}}],"collection":[{"href":"https:\/\/secureus.se\/dk\/wp-json\/wp\/v2\/product"}],"about":[{"href":"https:\/\/secureus.se\/dk\/wp-json\/wp\/v2\/types\/product"}],"wp:featuredmedia":[{"embeddable":true,"href":"https:\/\/secureus.se\/dk\/wp-json\/wp\/v2\/media\/134865"}],"wp:attachment":[{"href":"https:\/\/secureus.se\/dk\/wp-json\/wp\/v2\/media?parent=109285"}],"wp:term":[{"taxonomy":"product_brand","embeddable":true,"href":"https:\/\/secureus.se\/dk\/wp-json\/wp\/v2\/product_brand?post=109285"},{"taxonomy":"product_cat","embeddable":true,"href":"https:\/\/secureus.se\/dk\/wp-json\/wp\/v2\/product_cat?post=109285"},{"taxonomy":"product_tag","embeddable":true,"href":"https:\/\/secureus.se\/dk\/wp-json\/wp\/v2\/product_tag?post=109285"}],"curies":[{"name":"wp","href":"https:\/\/api.w.org\/{rel}","templated":true}]}}