{"id":109289,"date":"2024-11-08T16:25:01","date_gmt":"2024-11-08T15:25:01","guid":{"rendered":"https:\/\/secureus.se\/lashus-9456-vanster-krom\/"},"modified":"2026-04-08T15:29:34","modified_gmt":"2026-04-08T13:29:34","slug":"lashus-9456-vanster-krom","status":"publish","type":"product","link":"https:\/\/secureus.se\/dk\/lashus-9456-vanster-krom\/","title":{"rendered":"L\u00e5sehus 9456 Venstre Krom"},"content":{"rendered":"<p>\nABLOY 9456 er en faldl\u00e5s til indvendige d\u00f8re, der er kombineret med en standard cylinder type ASSA ABLOY 1201 eller 1301.<\/p>\n<div><b>Egenskaber:<\/b><\/p>\n<ul>\n<li>Til venstreh\u00e6ngt d\u00f8r<\/li>\n<li>Dorndybde: 45 mm<\/li>\n<li>L\u00e5sestolpe m\u00e5l: 20\u00d7150 mm<\/li>\n<li>Ikke reversibel<\/li>\n<li>Tilpasset til skandinavisk cylinder.<\/li>\n<li>Betjenes med n\u00f8gle udefra og n\u00f8gle eller drejeknap indefra.<\/li>\n<\/ul>\n<\/div>\n<div><b>Funktion:<\/b><\/p>\n<ul>\n<li>N\u00e5r du drejer n\u00f8glen eller knappen, skubbes faldstemplet ud og l\u00e5ses 20 mm.<\/li>\n<li>L\u00e5sen \u00e5bnes ved at dreje n\u00f8glen eller knappen i modsat retning.<\/li>\n<li>Dropstemplet l\u00e5ses herefter i position 14 mm til dagsbrug og trykfunktionen aktiveres.\u00a0<\/li>\n<\/ul>\n<\/div>","protected":false},"excerpt":{"rendered":"<p>ABLOY 9456 er en faldl\u00e5s til indvendige d\u00f8re, der kombineres med en standard cylinder type ASSA ABLOY 1201 eller 1301. Egenskaber: Til venstreh\u00e6ngte d\u00f8re Dorndybde: 45 mm L\u00e5sestolpem\u00e5l: 20\u00d7150 mm Ikke vendbar<\/p>","protected":false},"featured_media":134857,"template":"","meta":{"_acf_changed":false},"product_brand":[],"product_cat":[2969],"product_tag":[4190,4191,4099],"class_list":{"0":"post-109289","1":"product","2":"type-product","3":"status-publish","4":"has-post-thumbnail","6":"product_cat-innerdorrlas","7":"product_tag-dorndjup-45mm","8":"product_tag-lasstolpe-20x150mm","9":"product_tag-vanster","10":"pa_brands-abloy","11":"tm-no-options","13":"first","14":"instock","15":"sale","16":"taxable","17":"shipping-taxable","18":"purchasable","19":"product-type-simple"},"acf":[],"_links":{"self":[{"href":"https:\/\/secureus.se\/dk\/wp-json\/wp\/v2\/product\/109289","targetHints":{"allow":["GET"]}}],"collection":[{"href":"https:\/\/secureus.se\/dk\/wp-json\/wp\/v2\/product"}],"about":[{"href":"https:\/\/secureus.se\/dk\/wp-json\/wp\/v2\/types\/product"}],"wp:featuredmedia":[{"embeddable":true,"href":"https:\/\/secureus.se\/dk\/wp-json\/wp\/v2\/media\/134857"}],"wp:attachment":[{"href":"https:\/\/secureus.se\/dk\/wp-json\/wp\/v2\/media?parent=109289"}],"wp:term":[{"taxonomy":"product_brand","embeddable":true,"href":"https:\/\/secureus.se\/dk\/wp-json\/wp\/v2\/product_brand?post=109289"},{"taxonomy":"product_cat","embeddable":true,"href":"https:\/\/secureus.se\/dk\/wp-json\/wp\/v2\/product_cat?post=109289"},{"taxonomy":"product_tag","embeddable":true,"href":"https:\/\/secureus.se\/dk\/wp-json\/wp\/v2\/product_tag?post=109289"}],"curies":[{"name":"wp","href":"https:\/\/api.w.org\/{rel}","templated":true}]}}