{"id":109303,"date":"2024-11-08T16:25:02","date_gmt":"2024-11-08T15:25:02","guid":{"rendered":"https:\/\/secureus.se\/lashus-2014-med-nyckel-galv\/"},"modified":"2026-04-08T15:29:15","modified_gmt":"2026-04-08T13:29:15","slug":"lashus-2014-med-nyckel-galv","status":"publish","type":"product","link":"https:\/\/secureus.se\/dk\/lashus-2014-med-nyckel-galv\/","title":{"rendered":"L\u00e5sehus 2014 med N\u00f8gle Galv"},"content":{"rendered":"<p>ABLOY 2014 er en l\u00e5s, der er perfekt egnet til indvendige d\u00f8re samt badev\u00e6relses- og toiletd\u00f8re i b\u00e5de private hjem og kontorlokaler. 2014 er den mest almindelige indvendige d\u00f8rl\u00e5s og bruges b\u00e5de i nybyggeri og til erstatningsmarkedet. Kommer med n\u00f8gle.<\/p>\n<p><b>Egenskaber:<\/b><br \/>\n<\/p>\n<ul>\n<li>Dorndybde: 45 mm<\/li>\n<li>L\u00e5sestolpe m\u00e5l: 20\u00d7150 mm<\/li>\n<li>Kan l\u00e5ses med n\u00f8gle eller toiletknop og panikn\u00f8gle\/skruetr\u00e6kker.<\/li>\n<li>Passer til b\u00e5de h\u00f8jre- og venstreh\u00e6ngte d\u00f8re.<\/li>\n<li>Vendbar til h\u00f8jre\/venstre ved at tr\u00e6kke ud og dreje stemplet 180\u00b0<\/li>\n<li>Passer til de fleste nyere indvendige d\u00f8re<\/li>\n<li>Udsk\u00e6ringsm\u00e5l i henhold til svensk standard SS 81 73 82<\/li>\n<\/ul>\n<div>\n<div><\/div>\n<div><\/div>\n<\/div>","protected":false},"excerpt":{"rendered":"<p>ABLOY 2014 er en l\u00e5s, der er perfekt egnet til indvendige d\u00f8re samt badev\u00e6relses- og toiletd\u00f8re i b\u00e5de private hjem og kontorlokaler. 2014 er den mest almindelige indvendige d\u00f8rl\u00e5s og bruges b\u00e5de i nybyggeri og<\/p>","protected":false},"featured_media":135013,"template":"","meta":{"_acf_changed":false},"product_brand":[],"product_cat":[2969],"product_tag":[4190,4102,4191,4189,4099],"class_list":{"0":"post-109303","1":"product","2":"type-product","3":"status-publish","4":"has-post-thumbnail","6":"product_cat-innerdorrlas","7":"product_tag-dorndjup-45mm","8":"product_tag-hoger","9":"product_tag-lasstolpe-20x150mm","10":"product_tag-slutbleck-ingar-inte","11":"product_tag-vanster","12":"pa_brands-abloy","13":"tm-no-options","15":"first","16":"instock","17":"sale","18":"taxable","19":"shipping-taxable","20":"purchasable","21":"product-type-simple"},"acf":[],"_links":{"self":[{"href":"https:\/\/secureus.se\/dk\/wp-json\/wp\/v2\/product\/109303","targetHints":{"allow":["GET"]}}],"collection":[{"href":"https:\/\/secureus.se\/dk\/wp-json\/wp\/v2\/product"}],"about":[{"href":"https:\/\/secureus.se\/dk\/wp-json\/wp\/v2\/types\/product"}],"wp:featuredmedia":[{"embeddable":true,"href":"https:\/\/secureus.se\/dk\/wp-json\/wp\/v2\/media\/135013"}],"wp:attachment":[{"href":"https:\/\/secureus.se\/dk\/wp-json\/wp\/v2\/media?parent=109303"}],"wp:term":[{"taxonomy":"product_brand","embeddable":true,"href":"https:\/\/secureus.se\/dk\/wp-json\/wp\/v2\/product_brand?post=109303"},{"taxonomy":"product_cat","embeddable":true,"href":"https:\/\/secureus.se\/dk\/wp-json\/wp\/v2\/product_cat?post=109303"},{"taxonomy":"product_tag","embeddable":true,"href":"https:\/\/secureus.se\/dk\/wp-json\/wp\/v2\/product_tag?post=109303"}],"curies":[{"name":"wp","href":"https:\/\/api.w.org\/{rel}","templated":true}]}}