{"id":114230,"date":"2024-11-13T13:25:52","date_gmt":"2024-11-13T12:25:52","guid":{"rendered":"https:\/\/secureus.se\/?post_type=product&#038;p=114230"},"modified":"2026-03-26T11:30:09","modified_gmt":"2026-03-26T10:30:09","slug":"skylt-90x25-brandlarm","status":"publish","type":"product","link":"https:\/\/secureus.se\/dk\/skylt-90x25-brandlarm\/","title":{"rendered":"SKILT 90X25 BRANDALARM"},"content":{"rendered":"","protected":false},"excerpt":{"rendered":"<p>Skilt 90 x 25 mm iht. SBF110:8. Skiltet kan f\u00e5s med eget logo, forborede huller og leveres med monteringsskruer. Se tilbeh\u00f8rslisten til h\u00f8jre.<\/p>","protected":false},"featured_media":135175,"template":"","meta":{"_acf_changed":false},"product_brand":[],"product_cat":[1559],"product_tag":[],"class_list":{"0":"post-114230","1":"product","2":"type-product","3":"status-publish","4":"has-post-thumbnail","6":"product_cat-anvisningsskyltar-brandskydd","7":"product_shipping_class-postnord-varubrev","8":"pa_brands-ateco","9":"tm-no-options","11":"first","12":"instock","13":"sale","14":"taxable","15":"shipping-taxable","16":"purchasable","17":"product-type-simple"},"acf":[],"_links":{"self":[{"href":"https:\/\/secureus.se\/dk\/wp-json\/wp\/v2\/product\/114230","targetHints":{"allow":["GET"]}}],"collection":[{"href":"https:\/\/secureus.se\/dk\/wp-json\/wp\/v2\/product"}],"about":[{"href":"https:\/\/secureus.se\/dk\/wp-json\/wp\/v2\/types\/product"}],"wp:featuredmedia":[{"embeddable":true,"href":"https:\/\/secureus.se\/dk\/wp-json\/wp\/v2\/media\/135175"}],"wp:attachment":[{"href":"https:\/\/secureus.se\/dk\/wp-json\/wp\/v2\/media?parent=114230"}],"wp:term":[{"taxonomy":"product_brand","embeddable":true,"href":"https:\/\/secureus.se\/dk\/wp-json\/wp\/v2\/product_brand?post=114230"},{"taxonomy":"product_cat","embeddable":true,"href":"https:\/\/secureus.se\/dk\/wp-json\/wp\/v2\/product_cat?post=114230"},{"taxonomy":"product_tag","embeddable":true,"href":"https:\/\/secureus.se\/dk\/wp-json\/wp\/v2\/product_tag?post=114230"}],"curies":[{"name":"wp","href":"https:\/\/api.w.org\/{rel}","templated":true}]}}