{"id":114251,"date":"2024-11-13T13:25:53","date_gmt":"2024-11-13T12:25:53","guid":{"rendered":"https:\/\/secureus.se\/?post_type=product&#038;p=114251"},"modified":"2026-04-08T16:47:10","modified_gmt":"2026-04-08T14:47:10","slug":"skylt-160x60-rod-brandlarm","status":"publish","type":"product","link":"https:\/\/secureus.se\/dk\/skylt-160x60-rod-brandlarm\/","title":{"rendered":"SKILT 160X60 R\u00d8D BRANDALARM"},"content":{"rendered":"","protected":false},"excerpt":{"rendered":"<p>Skilt 160X60 mm r\u00f8d med tekst BRANDALARM N\u00c5R ALARM ER GIVET Evakuer Bygningen<\/p>","protected":false},"featured_media":135166,"template":"","meta":{"_acf_changed":false},"product_brand":[],"product_cat":[1559],"product_tag":[],"class_list":{"0":"post-114251","1":"product","2":"type-product","3":"status-publish","4":"has-post-thumbnail","6":"product_cat-anvisningsskyltar-brandskydd","7":"product_shipping_class-postnord-varubrev","8":"pa_brands-ateco","9":"tm-no-options","11":"first","12":"instock","13":"sale","14":"taxable","15":"shipping-taxable","16":"purchasable","17":"product-type-simple"},"acf":[],"_links":{"self":[{"href":"https:\/\/secureus.se\/dk\/wp-json\/wp\/v2\/product\/114251","targetHints":{"allow":["GET"]}}],"collection":[{"href":"https:\/\/secureus.se\/dk\/wp-json\/wp\/v2\/product"}],"about":[{"href":"https:\/\/secureus.se\/dk\/wp-json\/wp\/v2\/types\/product"}],"wp:featuredmedia":[{"embeddable":true,"href":"https:\/\/secureus.se\/dk\/wp-json\/wp\/v2\/media\/135166"}],"wp:attachment":[{"href":"https:\/\/secureus.se\/dk\/wp-json\/wp\/v2\/media?parent=114251"}],"wp:term":[{"taxonomy":"product_brand","embeddable":true,"href":"https:\/\/secureus.se\/dk\/wp-json\/wp\/v2\/product_brand?post=114251"},{"taxonomy":"product_cat","embeddable":true,"href":"https:\/\/secureus.se\/dk\/wp-json\/wp\/v2\/product_cat?post=114251"},{"taxonomy":"product_tag","embeddable":true,"href":"https:\/\/secureus.se\/dk\/wp-json\/wp\/v2\/product_tag?post=114251"}],"curies":[{"name":"wp","href":"https:\/\/api.w.org\/{rel}","templated":true}]}}