{"id":114649,"date":"2024-11-20T13:55:48","date_gmt":"2024-11-20T12:55:48","guid":{"rendered":"https:\/\/secureus.se\/?post_type=product&#038;p=114649"},"modified":"2026-01-12T12:25:20","modified_gmt":"2026-01-12T11:25:20","slug":"golvstativ-crystal-sign-stand-a3","status":"publish","type":"product","link":"https:\/\/secureus.se\/dk\/golvstativ-crystal-sign-stand-a3\/","title":{"rendered":"Gulvstativ KRYSTALSKILT STATIV A3"},"content":{"rendered":"<p>Gulvskilte informerer og orienterer bes\u00f8gende og er fremragende til placering i entr\u00e9er, restauranter, udstillinger mv. CRYSTAL SIGN skilteserien best\u00e5r af to akrylplader med et matteret indl\u00e6gsark imellem til teksten. Skiltet holdes sammen af dekorative skruer. Gulvstativet best\u00e5r af en tung og stabil fod, et aluminiumsstativ og det drejelige A3-skilt - som kan bruges st\u00e5ende eller liggende - er synligt p\u00e5 afstand. Skiltet kan placeres i 6 forskellige h\u00f8jder og pladsens h\u00f8jde med st\u00e5skilt er mellem 1,18 \u2013 1,25 m. Med vandret skilt er h\u00f8jden 1,13 \u2013 1,20 m. Leveres med monteringsvejledning. Design skiltet med det gratis program DURAPRINT\u00ae, som findes p\u00e5 www.duraprint.se. Print med laserprinter p\u00e5 frostede indl\u00e6gsark (2 medf\u00f8lger).<br \/>\nTilbeh\u00f8r: Genfyld frostede indl\u00e6gsark artikelnummer 483719<\/p>","protected":false},"excerpt":{"rendered":"<p>Stabilt gulvskilt KRYSTALSKILT A3. Skiltet kan bruges i st\u00e5ende eller liggende format.<\/p>","protected":false},"featured_media":134915,"template":"","meta":{"_acf_changed":false},"product_brand":[],"product_cat":[4264],"product_tag":[4382],"class_list":{"0":"post-114649","1":"product","2":"type-product","3":"status-publish","4":"has-post-thumbnail","6":"product_cat-dorrskyltar-i-akryl","7":"product_tag-silver","8":"product_shipping_class-tunga-paket","9":"pa_brands-durable","10":"pa_farg-silver","11":"tm-no-options","13":"first","14":"instock","15":"sale","16":"taxable","17":"shipping-taxable","18":"purchasable","19":"product-type-simple"},"acf":[],"_links":{"self":[{"href":"https:\/\/secureus.se\/dk\/wp-json\/wp\/v2\/product\/114649","targetHints":{"allow":["GET"]}}],"collection":[{"href":"https:\/\/secureus.se\/dk\/wp-json\/wp\/v2\/product"}],"about":[{"href":"https:\/\/secureus.se\/dk\/wp-json\/wp\/v2\/types\/product"}],"wp:featuredmedia":[{"embeddable":true,"href":"https:\/\/secureus.se\/dk\/wp-json\/wp\/v2\/media\/134915"}],"wp:attachment":[{"href":"https:\/\/secureus.se\/dk\/wp-json\/wp\/v2\/media?parent=114649"}],"wp:term":[{"taxonomy":"product_brand","embeddable":true,"href":"https:\/\/secureus.se\/dk\/wp-json\/wp\/v2\/product_brand?post=114649"},{"taxonomy":"product_cat","embeddable":true,"href":"https:\/\/secureus.se\/dk\/wp-json\/wp\/v2\/product_cat?post=114649"},{"taxonomy":"product_tag","embeddable":true,"href":"https:\/\/secureus.se\/dk\/wp-json\/wp\/v2\/product_tag?post=114649"}],"curies":[{"name":"wp","href":"https:\/\/api.w.org\/{rel}","templated":true}]}}