{"id":114657,"date":"2024-11-20T13:55:48","date_gmt":"2024-11-20T12:55:48","guid":{"rendered":"https:\/\/secureus.se\/?post_type=product&#038;p=114657"},"modified":"2026-01-12T12:24:55","modified_gmt":"2026-01-12T11:24:55","slug":"golvstativ-crystal-sign-stand-a4","status":"publish","type":"product","link":"https:\/\/secureus.se\/dk\/golvstativ-crystal-sign-stand-a4\/","title":{"rendered":"Gulvstativ KRYSTALSKILT STATIV A4"},"content":{"rendered":"<p>Gulvskilte informerer og orienterer bes\u00f8gende og er fremragende til placering i entr\u00e9er, restauranter, udstillinger og andre steder. CRYSTAL SIGN skilteserien best\u00e5r af to akrylplader med et matteret indl\u00e6gsark imellem til teksten. Skiltet holdes sammen af dekorative skruer. Gulvstanderen best\u00e5r af en tung og stabil fod, et aluminiumsstativ og det drejelige skilt til materiale i A4 liggende eller st\u00e5ende format. Skiltet kan placeres i 6 forskellige h\u00f8jder og pladsens h\u00f8jde med st\u00e5skilt er mellem 1,11 \u2013 1,18 m. Med vandret skilt er h\u00f8jden 1,06 \u2013 1,13 m.<br \/>\nDesign skiltet med det gratis program DURAPRINT\u00ae, som findes p\u00e5 www.duraprint.se. Print med laserprinter p\u00e5 frostede indl\u00e6gsark (2 medf\u00f8lger).<br \/>\nTilbeh\u00f8r: Genfyld frostede indl\u00e6gsark artikelnummer 483519<\/p>","protected":false},"excerpt":{"rendered":"<p>Stabilt gulvskilt KRYSTALSKILT A4. Skiltet kan bruges i st\u00e5ende eller liggende format.<\/p>","protected":false},"featured_media":134723,"template":"","meta":{"_acf_changed":false},"product_brand":[],"product_cat":[4264],"product_tag":[4382],"class_list":{"0":"post-114657","1":"product","2":"type-product","3":"status-publish","4":"has-post-thumbnail","6":"product_cat-dorrskyltar-i-akryl","7":"product_tag-silver","8":"product_shipping_class-tunga-paket","9":"pa_brands-durable","10":"pa_farg-silver","11":"tm-no-options","13":"first","14":"instock","15":"sale","16":"taxable","17":"shipping-taxable","18":"purchasable","19":"product-type-simple"},"acf":[],"_links":{"self":[{"href":"https:\/\/secureus.se\/dk\/wp-json\/wp\/v2\/product\/114657","targetHints":{"allow":["GET"]}}],"collection":[{"href":"https:\/\/secureus.se\/dk\/wp-json\/wp\/v2\/product"}],"about":[{"href":"https:\/\/secureus.se\/dk\/wp-json\/wp\/v2\/types\/product"}],"wp:featuredmedia":[{"embeddable":true,"href":"https:\/\/secureus.se\/dk\/wp-json\/wp\/v2\/media\/134723"}],"wp:attachment":[{"href":"https:\/\/secureus.se\/dk\/wp-json\/wp\/v2\/media?parent=114657"}],"wp:term":[{"taxonomy":"product_brand","embeddable":true,"href":"https:\/\/secureus.se\/dk\/wp-json\/wp\/v2\/product_brand?post=114657"},{"taxonomy":"product_cat","embeddable":true,"href":"https:\/\/secureus.se\/dk\/wp-json\/wp\/v2\/product_cat?post=114657"},{"taxonomy":"product_tag","embeddable":true,"href":"https:\/\/secureus.se\/dk\/wp-json\/wp\/v2\/product_tag?post=114657"}],"curies":[{"name":"wp","href":"https:\/\/api.w.org\/{rel}","templated":true}]}}